{"id":1533,"date":"2023-05-25T09:12:10","date_gmt":"2023-05-25T09:12:10","guid":{"rendered":"https:\/\/elearning.learningcircleproject.eu\/part-a\/"},"modified":"2023-06-29T11:21:53","modified_gmt":"2023-06-29T11:21:53","slug":"part-a","status":"publish","type":"page","link":"https:\/\/elearning.learningcircleproject.eu\/ro\/part-a\/","title":{"rendered":"PARTEA A &#8211; Consolidarea spiritului antreprenorial"},"content":{"rendered":"<div>\n<p>Prima parte contribuie la dezvoltarea abilit\u0103\u021bilor tutorilor VET de a:<\/p>\n<ol>\n<li>construirea unui spirit antreprenorial \u00een cadrul grupului \u021bint\u0103 de tutori VET<\/li>\n<li>construirea unei \u00een\u021belegeri a economiei circulare<\/li>\n<\/ol>\n<\/div>\n<h3>\u00cenv\u0103\u021bare autodirijat\u0103<\/h3>\n<div>\n<p>Acest con\u021binut este prezentat \u00een acest manual sub forma unei serii de module de \u00eenv\u0103\u021bare autodirijat\u0103, care includ con\u021binut teoretic cheie, studii de caz, materiale de lectur\u0103 suplimentare \u0219i linkuri c\u0103tre scurte resurse video introductive care vor oferi o scurt\u0103 prezentare general\u0103 a subiectelor pentru tutorii VET \u0219i care sunt destinate a fi vizionate de c\u0103tre tutorii VET \u00eenainte de a \u00eencepe modulele de \u00eenv\u0103\u021bare autodirijat\u0103.<\/p>\n<ul>\n<li>Modulul 1: Antreprenoriatul \u0219i antreprenoriatul social<\/li>\n<li>Modulul 2: <span>Economia Circular\u0103 Vs Economia Liniar\u0103<\/span><\/li>\n<li>Modulul 3: <span>Modele de afaceri circulare<\/span><\/li>\n<li>Modulul 4: Cele mai bune practici privind EC \u0219i antreprenoriatul social<\/li>\n<li>Modulul 5: Cercetarea de pia\u021b\u0103: Metode \u0219i instrumente<\/li>\n<li>Modulul 6: <span>Cum se construie\u0219te un plan de afaceri<\/span><\/li>\n<li>Modulul 7: Finan\u021barea pentru antreprenorii din economia circular\u0103<\/li>\n<li>Modulul 8: G\u0103sirea de colaboratori &#8211; Extinderea re\u021belei<\/li>\n<\/ul>\n<\/div>\n<p>\n    <a href=\"\/wp-content\/uploads\/2023\/06\/LEARNING-CIRCLE-Self-directed-learning-PartA-ro.pdf\">Desc\u0103rca\u021bi \u00cenv\u0103\u021barea autodirijat\u0103<\/a>\n<\/p>\n<hr>\n<h3>Fa\u021b\u0103 \u00een fa\u021b\u0103<\/h3>\n<div>\n<p>Resurse incluse pentru a sprijini formatorii \u00een furnizarea acestei form\u0103ri fa\u021b\u0103 \u00een fa\u021b\u0103.<\/p>\n<\/div>\n<p>\n    <a href=\"\/wp-content\/uploads\/2023\/06\/LEARNING-CIRCLE-In-service-training-programme-Part-A_f2f-modules_final-ro.pdf\">Desc\u0103rca\u021bi activit\u0103\u021bi<\/a>\n<\/p>\n<h4>Prezent\u0103ri<\/h4>\n<ul>\n<li>\n        <a href=\"\/wp-content\/uploads\/2023\/06\/LEARNING-CIRCLE-In-service-training-Programme_Module-1_PPT1-RO.pptx.pdf\">M1: Antreprenoriatul \u0219i antreprenoriatul social &#8211; PPT 1<\/a>\n    <\/li>\n<li>\n        <a href=\"\/wp-content\/uploads\/2023\/06\/Learning-Circle-In-Service-Module1-PPT2-RO.pptx.pdf\">M1: Antreprenoriatul \u0219i antreprenoriatul social &#8211; PPT 2<\/a>\n    <\/li>\n<li>\n        <a href=\"\/wp-content\/uploads\/2023\/06\/Learning-Circle-In-Service-Module1-PPT3-RO.pptx.pdf\">M1: Antreprenoriatul \u0219i antreprenoriatul social &#8211; PPT 3<\/a>\n    <\/li>\n<li>\n        <a href=\"\/wp-content\/uploads\/2023\/06\/Module2-PPT1-RO.pptx.pdf\">M2: Economia Circular\u0103 Vs Economia Liniar\u0103 &#8211; PPT 1<\/a>\n    <\/li>\n<li>\n        <a href=\"\/wp-content\/uploads\/2023\/06\/Module2-PPT2-RO.pptx.pdf\">M2: Economia Circular\u0103 Vs Economia Liniar\u0103 &#8211; PPT 2<\/a>\n    <\/li>\n<\/ul>\n<ul>\n<li>\n        <a href=\"\/wp-content\/uploads\/2023\/06\/Module3-PPT1-RO.pptx.pdf\">M3: Modele de afaceri circulare &#8211; PPT<\/a>\n    <\/li>\n<li>\n        <a href=\"\/wp-content\/uploads\/2023\/06\/Learning-Circle-In-Service-Module4-PPT1-RO.pptx.pdf\">M4: Cele mai bune practici privind EC \u0219i antreprenoriatul social &#8211; PPT 1<\/a>\n    <\/li>\n<li>\n        <a href=\"\/wp-content\/uploads\/2023\/06\/Learning-Circle-In-Service-Module4-PPT2-RO.pptx\">M4: Cele mai bune practici privind EC \u0219i antreprenoriatul social &#8211; PPT 2<\/a>\n    <\/li>\n<li>\n        <a href=\"\/wp-content\/uploads\/2023\/06\/Learning-Circle-In-Service-Module4-PPT3-RO.pptx.pdf\">M4: Cele mai bune practici privind EC \u0219i antreprenoriatul social &#8211; PPT 3<\/a>\n    <\/li>\n<li>\n        <a href=\"\/wp-content\/uploads\/2023\/06\/Module5-PPT1-RO.pptx.pdf\">M5: Cercetarea de pia\u021b\u0103: Metode \u0219i instrumente &#8211; PPT<\/a>\n    <\/li>\n<\/ul>\n<ul>\n<li>\n        <a href=\"\/wp-content\/uploads\/2023\/06\/Module6-PPT1-RO.pptx.pdf\">M6: Cum se construie\u0219te un plan de afaceri &#8211; PPT 1<\/a>\n    <\/li>\n<li>\n        <a href=\"\/wp-content\/uploads\/2023\/06\/Module6-PPT2-RO.pptx.pdf\">M6: Cum se construie\u0219te un plan de afaceri &#8211; PPT 2<\/a>\n    <\/li>\n<li>\n        <a href=\"\/wp-content\/uploads\/2023\/06\/LEARNING-CIRCLE-In-service-training-Programme_Module-7_PPT1-ro.pdf\">M7: Finan\u021barea pentru antreprenorii din economia circular\u0103 &#8211; PPT<\/a>\n    <\/li>\n<li>\n        <a href=\"\/wp-content\/uploads\/2023\/06\/Learning-Circle-In-Service-Module8-PPT1-RO.pptx.pdf\">M8:  G\u0103sirea de colaboratori \u2013 Extinderea re\u021belei &#8211; PPT 1<\/a>\n    <\/li>\n<li>\n        <a href=\"\/wp-content\/uploads\/2023\/06\/Learning-Circle-In-Service-Module8-PPT2-RO.pptx.pdf\">M8:  G\u0103sirea de colaboratori \u2013 Extinderea re\u021belei &#8211; PPT 2<\/a>\n    <\/li>\n<\/ul>\n<p><!--more--><br \/>\n<!-- {\"type\":\"layout\",\"children\":[{\"type\":\"section\",\"props\":{\"style\":\"default\",\"width\":\"default\",\"vertical_align\":\"middle\",\"title_position\":\"top-left\",\"title_rotation\":\"left\",\"title_breakpoint\":\"xl\",\"image_position\":\"center-center\"},\"children\":[{\"type\":\"row\",\"children\":[{\"type\":\"column\",\"props\":{\"position_sticky_breakpoint\":\"m\",\"image_position\":\"center-center\",\"media_overlay_gradient\":\"\"},\"children\":[{\"type\":\"headline\",\"props\":{\"title_element\":\"h1\"},\"source\":{\"query\":{\"name\":\"pages.singlePage\"},\"props\":{\"content\":{\"filters\":{\"search\":\"\"},\"name\":\"title\"}}}}]}]},{\"type\":\"row\",\"children\":[{\"type\":\"column\",\"props\":{\"position_sticky_breakpoint\":\"m\",\"image_position\":\"center-center\",\"media_overlay_gradient\":\"\"},\"children\":[{\"type\":\"text\",\"props\":{\"margin\":\"default\",\"column_breakpoint\":\"m\",\"content\":\"\n\n<p>Prima parte contribuie la dezvoltarea abilit\\u0103\\u021bilor tutorilor VET de a:<\\\/p>\\n\n\n<ol>\\n\n\n<li>construirea unui spirit antreprenorial \\u00een cadrul grupului \\u021bint\\u0103 de tutori VET<\\\/li>\\n\n\n<li>construirea unei \\u00een\\u021belegeri a economiei circulare<\\\/li>\\n<\\\/ol>\"}}]}]},{\"type\":\"row\",\"children\":[{\"type\":\"column\",\"props\":{\"position_sticky_breakpoint\":\"m\",\"image_position\":\"center-center\",\"media_overlay_gradient\":\"\"},\"children\":[{\"type\":\"headline\",\"props\":{\"title_element\":\"h3\",\"content\":\"\\u00cenv\\u0103\\u021bare autodirijat\\u0103\"}},{\"type\":\"text\",\"props\":{\"margin\":\"default\",\"column_breakpoint\":\"m\",\"content\":\"\n\n<p>Acest con\\u021binut este prezentat \\u00een acest manual sub forma unei serii de module de \\u00eenv\\u0103\\u021bare autodirijat\\u0103, care includ con\\u021binut teoretic cheie, studii de caz, materiale de lectur\\u0103 suplimentare \\u0219i linkuri c\\u0103tre scurte resurse video introductive care vor oferi o scurt\\u0103 prezentare general\\u0103 a subiectelor pentru tutorii VET \\u0219i care sunt destinate a fi vizionate de c\\u0103tre tutorii VET \\u00eenainte de a \\u00eencepe modulele de \\u00eenv\\u0103\\u021bare autodirijat\\u0103.<\\\/p>\\n\n\n<ul>\\n\n\n<li>Modulul 1: Antreprenoriatul \\u0219i antreprenoriatul social<\\\/li>\\n\n\n<li>Modulul 2: <span>Economia Circular\\u0103 Vs Economia Liniar\\u0103<\\\/span><\\\/li>\\n\n\n<li>Modulul 3: <span>Modele de afaceri circulare<\\\/span><\\\/li>\\n\n\n<li>Modulul 4: Cele mai bune practici privind EC \\u0219i antreprenoriatul social<\\\/li>\\n\n\n<li>Modulul 5: Cercetarea de pia\\u021b\\u0103: Metode \\u0219i instrumente<\\\/li>\\n\n\n<li>Modulul 6: <span>Cum se construie\\u0219te un plan de afaceri<\\\/span><\\\/li>\\n\n\n<li>Modulul 7: Finan\\u021barea pentru antreprenorii din economia circular\\u0103<\\\/li>\\n\n\n<li>Modulul 8: G\\u0103sirea de colaboratori - Extinderea re\\u021belei<\\\/li>\\n<\\\/ul>\"}},{\"type\":\"button\",\"props\":{\"grid_column_gap\":\"small\",\"grid_row_gap\":\"small\",\"margin\":\"default\"},\"children\":[{\"type\":\"button_item\",\"props\":{\"button_style\":\"default\",\"icon_align\":\"left\",\"content\":\"Desc\\u0103rca\\u021bi \\u00cenv\\u0103\\u021barea autodirijat\\u0103\",\"link\":\"wp-content\\\/uploads\\\/2023\\\/06\\\/LEARNING-CIRCLE-Self-directed-learning-PartA-ro.pdf\",\"link_target\":\"blank\"}}]}]}]},{\"type\":\"row\",\"children\":[{\"type\":\"column\",\"props\":{\"position_sticky_breakpoint\":\"m\",\"image_position\":\"center-center\",\"media_overlay_gradient\":\"\"},\"children\":[{\"type\":\"divider\",\"props\":{\"divider_element\":\"hr\"}}]}]},{\"type\":\"row\",\"children\":[{\"type\":\"column\",\"props\":{\"position_sticky_breakpoint\":\"m\",\"image_position\":\"center-center\",\"media_overlay_gradient\":\"\"},\"children\":[{\"type\":\"headline\",\"props\":{\"title_element\":\"h3\",\"content\":\"Fa\\u021b\\u0103 \\u00een fa\\u021b\\u0103\"}},{\"type\":\"text\",\"props\":{\"margin\":\"default\",\"column_breakpoint\":\"m\",\"content\":\"\n\n<p>Resurse incluse pentru a sprijini formatorii \\u00een furnizarea acestei form\\u0103ri fa\\u021b\\u0103 \\u00een fa\\u021b\\u0103.<\\\/p>\"}},{\"type\":\"button\",\"props\":{\"grid_column_gap\":\"small\",\"grid_row_gap\":\"small\",\"margin\":\"default\"},\"children\":[{\"type\":\"button_item\",\"props\":{\"button_style\":\"default\",\"icon_align\":\"left\",\"content\":\"Desc\\u0103rca\\u021bi activit\\u0103\\u021bi\",\"link\":\"wp-content\\\/uploads\\\/2023\\\/06\\\/LEARNING-CIRCLE-In-service-training-programme-Part-A_f2f-modules_final-ro.pdf\",\"link_target\":\"blank\"}}]},{\"type\":\"headline\",\"props\":{\"title_element\":\"h4\",\"content\":\"Prezent\\u0103ri\",\"margin_remove_top\":true}}]}]},{\"type\":\"row\",\"props\":{\"margin_remove_top\":false,\"margin\":\"small\"},\"children\":[{\"type\":\"column\",\"props\":{\"position_sticky_breakpoint\":\"m\",\"image_position\":\"center-center\",\"media_overlay_gradient\":\"\",\"width_medium\":\"\"},\"children\":[{\"type\":\"button\",\"props\":{\"grid_column_gap\":\"small\",\"grid_row_gap\":\"small\",\"margin\":\"default\"},\"children\":[{\"type\":\"button_item\",\"props\":{\"button_style\":\"default\",\"icon_align\":\"left\",\"content\":\"M1: Antreprenoriatul \\u0219i antreprenoriatul social - PPT 1\",\"link\":\"wp-content\\\/uploads\\\/2023\\\/06\\\/LEARNING-CIRCLE-In-service-training-Programme_Module-1_PPT1-RO.pptx.pdf\",\"link_target\":\"blank\"}},{\"type\":\"button_item\",\"props\":{\"button_style\":\"default\",\"icon_align\":\"left\",\"content\":\"M1: Antreprenoriatul \\u0219i antreprenoriatul social - PPT 2\",\"link\":\"wp-content\\\/uploads\\\/2023\\\/06\\\/Learning-Circle-In-Service-Module1-PPT2-RO.pptx.pdf\",\"link_target\":\"blank\"}},{\"type\":\"button_item\",\"props\":{\"button_style\":\"default\",\"icon_align\":\"left\",\"content\":\"M1: Antreprenoriatul \\u0219i antreprenoriatul social - PPT 3\",\"link\":\"wp-content\\\/uploads\\\/2023\\\/06\\\/Learning-Circle-In-Service-Module1-PPT3-RO.pptx.pdf\",\"link_target\":\"blank\"}},{\"type\":\"button_item\",\"props\":{\"button_style\":\"default\",\"icon_align\":\"left\",\"content\":\"M2: Economia Circular\\u0103 Vs Economia Liniar\\u0103 - PPT 1\",\"link\":\"wp-content\\\/uploads\\\/2023\\\/06\\\/Module2-PPT1-RO.pptx.pdf\",\"link_target\":\"blank\"}},{\"type\":\"button_item\",\"props\":{\"button_style\":\"default\",\"icon_align\":\"left\",\"content\":\"M2: Economia Circular\\u0103 Vs Economia Liniar\\u0103 - PPT 2\",\"link\":\"wp-content\\\/uploads\\\/2023\\\/06\\\/Module2-PPT2-RO.pptx.pdf\",\"link_target\":\"blank\"}}]},{\"type\":\"button\",\"props\":{\"grid_column_gap\":\"small\",\"grid_row_gap\":\"small\",\"margin\":\"default\"},\"children\":[{\"type\":\"button_item\",\"props\":{\"button_style\":\"default\",\"icon_align\":\"left\",\"content\":\"M3: Modele de afaceri circulare - PPT\",\"link\":\"wp-content\\\/uploads\\\/2023\\\/06\\\/Module3-PPT1-RO.pptx.pdf\",\"link_target\":\"blank\"}},{\"type\":\"button_item\",\"props\":{\"button_style\":\"default\",\"icon_align\":\"left\",\"content\":\"M4: Cele mai bune practici privind EC \\u0219i antreprenoriatul social - PPT 1\",\"link\":\"wp-content\\\/uploads\\\/2023\\\/06\\\/Learning-Circle-In-Service-Module4-PPT1-RO.pptx.pdf\",\"link_target\":\"blank\"}},{\"type\":\"button_item\",\"props\":{\"button_style\":\"default\",\"icon_align\":\"left\",\"content\":\"M4: Cele mai bune practici privind EC \\u0219i antreprenoriatul social - PPT 2\",\"link\":\"wp-content\\\/uploads\\\/2023\\\/06\\\/Learning-Circle-In-Service-Module4-PPT2-RO.pptx\",\"link_target\":\"blank\"}},{\"type\":\"button_item\",\"props\":{\"button_style\":\"default\",\"icon_align\":\"left\",\"content\":\"M4: Cele mai bune practici privind EC \\u0219i antreprenoriatul social - PPT 3\",\"link\":\"wp-content\\\/uploads\\\/2023\\\/06\\\/Learning-Circle-In-Service-Module4-PPT3-RO.pptx.pdf\",\"link_target\":\"blank\"}},{\"type\":\"button_item\",\"props\":{\"button_style\":\"default\",\"icon_align\":\"left\",\"content\":\"M5: Cercetarea de pia\\u021b\\u0103: Metode \\u0219i instrumente - PPT\",\"link\":\"wp-content\\\/uploads\\\/2023\\\/06\\\/Module5-PPT1-RO.pptx.pdf\",\"link_target\":\"blank\"}}]},{\"type\":\"button\",\"props\":{\"grid_column_gap\":\"small\",\"grid_row_gap\":\"small\",\"margin\":\"default\"},\"children\":[{\"type\":\"button_item\",\"props\":{\"button_style\":\"default\",\"icon_align\":\"left\",\"content\":\"M6: Cum se construie\\u0219te un plan de afaceri - PPT 1\",\"link\":\"wp-content\\\/uploads\\\/2023\\\/06\\\/Module6-PPT1-RO.pptx.pdf\",\"link_target\":\"blank\"}},{\"type\":\"button_item\",\"props\":{\"button_style\":\"default\",\"icon_align\":\"left\",\"content\":\"M6: Cum se construie\\u0219te un plan de afaceri - PPT 2\",\"link\":\"wp-content\\\/uploads\\\/2023\\\/06\\\/Module6-PPT2-RO.pptx.pdf\",\"link_target\":\"blank\"}},{\"type\":\"button_item\",\"props\":{\"button_style\":\"default\",\"icon_align\":\"left\",\"content\":\"M7: Finan\\u021barea pentru antreprenorii din economia circular\\u0103 - PPT\",\"link\":\"wp-content\\\/uploads\\\/2023\\\/06\\\/LEARNING-CIRCLE-In-service-training-Programme_Module-7_PPT1-ro.pdf\",\"link_target\":\"blank\"}},{\"type\":\"button_item\",\"props\":{\"button_style\":\"default\",\"icon_align\":\"left\",\"content\":\"M8:  G\\u0103sirea de colaboratori \\u2013 Extinderea re\\u021belei - PPT 1\",\"link\":\"wp-content\\\/uploads\\\/2023\\\/06\\\/Learning-Circle-In-Service-Module8-PPT1-RO.pptx.pdf\",\"link_target\":\"blank\"}},{\"type\":\"button_item\",\"props\":{\"button_style\":\"default\",\"icon_align\":\"left\",\"content\":\"M8:  G\\u0103sirea de colaboratori \\u2013 Extinderea re\\u021belei - PPT 2\",\"link\":\"wp-content\\\/uploads\\\/2023\\\/06\\\/Learning-Circle-In-Service-Module8-PPT2-RO.pptx.pdf\",\"link_target\":\"blank\"}}]}]}]}]}],\"version\":\"3.0.9\"} --><\/p>\n","protected":false},"excerpt":{"rendered":"<p>Prima parte contribuie la dezvoltarea abilit\u0103\u021bilor tutorilor VET de a: construirea unui spirit antreprenorial \u00een cadrul grupului \u021bint\u0103 de tutori VET construirea unei \u00een\u021belegeri a..<\/p>\n","protected":false},"author":1,"featured_media":0,"parent":0,"menu_order":0,"comment_status":"closed","ping_status":"closed","template":"","meta":{"_acf_changed":false,"inline_featured_image":false,"footnotes":""},"class_list":["post-1533","page","type-page","status-publish","hentry"],"acf":[],"_links":{"self":[{"href":"https:\/\/elearning.learningcircleproject.eu\/ro\/wp-json\/wp\/v2\/pages\/1533","targetHints":{"allow":["GET"]}}],"collection":[{"href":"https:\/\/elearning.learningcircleproject.eu\/ro\/wp-json\/wp\/v2\/pages"}],"about":[{"href":"https:\/\/elearning.learningcircleproject.eu\/ro\/wp-json\/wp\/v2\/types\/page"}],"author":[{"embeddable":true,"href":"https:\/\/elearning.learningcircleproject.eu\/ro\/wp-json\/wp\/v2\/users\/1"}],"replies":[{"embeddable":true,"href":"https:\/\/elearning.learningcircleproject.eu\/ro\/wp-json\/wp\/v2\/comments?post=1533"}],"version-history":[{"count":66,"href":"https:\/\/elearning.learningcircleproject.eu\/ro\/wp-json\/wp\/v2\/pages\/1533\/revisions"}],"predecessor-version":[{"id":4530,"href":"https:\/\/elearning.learningcircleproject.eu\/ro\/wp-json\/wp\/v2\/pages\/1533\/revisions\/4530"}],"wp:attachment":[{"href":"https:\/\/elearning.learningcircleproject.eu\/ro\/wp-json\/wp\/v2\/media?parent=1533"}],"curies":[{"name":"wp","href":"https:\/\/api.w.org\/{rel}","templated":true}]}}