{"id":1521,"date":"2022-03-21T06:09:31","date_gmt":"2022-03-21T06:09:31","guid":{"rendered":"https:\/\/elearning.learningcircleproject.eu\/in-service-training\/"},"modified":"2023-06-26T14:00:38","modified_gmt":"2023-06-26T14:00:38","slug":"in-service-training","status":"publish","type":"page","link":"https:\/\/elearning.learningcircleproject.eu\/ro\/in-service-training\/","title":{"rendered":"Formare \u00een serviciu"},"content":{"rendered":"<div>\n<p>Programul este \u00eemp\u0103r\u021bit \u00een dou\u0103 sec\u021biuni: PARTEA A: \u00een\u021belegerea spiritului antreprenorial \u0219i a economiei circulare \u0219i PARTEA B: Dezvoltarea competen\u021belor pedagogice ale profesioni\u0219tilor din domeniul Vet. Ambele sec\u021biuni sunt separate \u00een con\u021binut fa\u021b\u0103 \u00een fa\u021b\u0103 cu o serie de planuri de lec\u021bii cu slide-uri Powerpoint \u00eenso\u021bitoare, materiale de lucru \u0219i activit\u0103\u021bi, precum \u0219i \u00eenv\u0103\u021bare autodirijat\u0103 pentru o \u00eenv\u0103\u021bare autonom\u0103 \u00eembun\u0103t\u0103\u021bit\u0103 pe acelea\u0219i subiecte.<\/p>\n<\/div>\n<div>\n<h3>PARTEA A<\/h3>\n<div>\n<p>Consolidarea spiritului antreprenorial<\/p>\n<\/div>\n<p><a href=\"\/ro\/part-a\/\"><\/a><\/p>\n<\/div>\n<div>\n<h3>PARTEA B<\/h3>\n<div>\n<p>\u00cen\u021belegerea economiei circulare<\/p>\n<\/div>\n<p><a href=\"\/ro\/part-b\/\"><\/a><\/p>\n<\/div>\n<p><!--more--><br \/>\n<!-- {\"type\":\"layout\",\"children\":[{\"type\":\"section\",\"props\":{\"style\":\"default\",\"width\":\"default\",\"vertical_align\":\"middle\",\"title_position\":\"top-left\",\"title_rotation\":\"left\",\"title_breakpoint\":\"xl\",\"image_position\":\"center-center\",\"height\":\"expand\"},\"children\":[{\"type\":\"row\",\"children\":[{\"type\":\"column\",\"props\":{\"position_sticky_breakpoint\":\"m\",\"image_position\":\"center-center\",\"media_overlay_gradient\":\"\"},\"children\":[{\"type\":\"headline\",\"props\":{\"title_element\":\"h1\",\"title_style\":\"h1\",\"text_align\":\"left\"},\"name\":\"headline-pages\",\"source\":{\"query\":{\"name\":\"pages.singlePage\"},\"props\":{\"content\":{\"filters\":{\"search\":\"\"},\"name\":\"title\"}}}}]}]},{\"type\":\"row\",\"children\":[{\"type\":\"column\",\"props\":{\"position_sticky_breakpoint\":\"m\",\"image_position\":\"center-center\",\"media_overlay_gradient\":\"\"},\"children\":[{\"type\":\"text\",\"props\":{\"margin\":\"default\",\"column_breakpoint\":\"m\",\"content\":\"\n\n<p>Programul este \\u00eemp\\u0103r\\u021bit \\u00een dou\\u0103 sec\\u021biuni: PARTEA A: \\u00een\\u021belegerea spiritului antreprenorial \\u0219i a economiei circulare \\u0219i PARTEA B: Dezvoltarea competen\\u021belor pedagogice ale profesioni\\u0219tilor din domeniul Vet. Ambele sec\\u021biuni sunt separate \\u00een con\\u021binut fa\\u021b\\u0103 \\u00een fa\\u021b\\u0103 cu o serie de planuri de lec\\u021bii cu slide-uri Powerpoint \\u00eenso\\u021bitoare, materiale de lucru \\u0219i activit\\u0103\\u021bi, precum \\u0219i \\u00eenv\\u0103\\u021bare autodirijat\\u0103 pentru o \\u00eenv\\u0103\\u021bare autonom\\u0103 \\u00eembun\\u0103t\\u0103\\u021bit\\u0103 pe acelea\\u0219i subiecte.<\\\/p>\"}}]}]},{\"type\":\"row\",\"props\":{\"layout\":\"1-2,1-2\"},\"children\":[{\"type\":\"column\",\"props\":{\"position_sticky_breakpoint\":\"m\",\"image_position\":\"center-center\",\"media_overlay_gradient\":\"\",\"width_medium\":\"1-2\"},\"children\":[{\"type\":\"panel\",\"props\":{\"link_text\":\"\",\"title_hover_style\":\"reset\",\"title_element\":\"h3\",\"title_align\":\"top\",\"title_grid_width\":\"1-2\",\"title_grid_breakpoint\":\"m\",\"meta_style\":\"text-meta\",\"meta_align\":\"below-title\",\"meta_element\":\"div\",\"content_column_breakpoint\":\"m\",\"icon_width\":80,\"image_align\":\"top\",\"image_grid_width\":\"1-2\",\"image_grid_breakpoint\":\"m\",\"image_svg_color\":\"emphasis\",\"link_style\":\"default\",\"margin\":\"default\",\"title\":\"PARTEA A\",\"link\":\"ro\\\/part-a\\\/\",\"panel_style\":\"card-default\",\"panel_link\":true,\"panel_padding\":\"default\",\"text_align\":\"center\",\"title_style\":\"h3\",\"meta\":\"\",\"content\":\"\n\n<p>Consolidarea spiritului antreprenorial<\\\/p>\",\"content_margin\":\"small\",\"css\":\".el-content{\\n\\tcolor: #195562;\\n}\"}}]},{\"type\":\"column\",\"props\":{\"position_sticky_breakpoint\":\"m\",\"image_position\":\"center-center\",\"media_overlay_gradient\":\"\",\"width_medium\":\"1-2\"},\"children\":[{\"type\":\"panel\",\"props\":{\"link_text\":\"\",\"title_hover_style\":\"reset\",\"title_element\":\"h3\",\"title_align\":\"top\",\"title_grid_width\":\"1-2\",\"title_grid_breakpoint\":\"m\",\"meta_style\":\"text-meta\",\"meta_align\":\"below-title\",\"meta_element\":\"div\",\"content_column_breakpoint\":\"m\",\"icon_width\":80,\"image_align\":\"top\",\"image_grid_width\":\"1-2\",\"image_grid_breakpoint\":\"m\",\"image_svg_color\":\"emphasis\",\"link_style\":\"default\",\"margin\":\"default\",\"title\":\"PARTEA B\",\"link\":\"ro\\\/part-b\\\/\",\"panel_style\":\"card-default\",\"panel_link\":true,\"panel_padding\":\"default\",\"text_align\":\"center\",\"title_style\":\"h3\",\"css\":\".el-content{\\n\\tcolor: #195562;\\n}\",\"content\":\"\n\n<p>\\u00cen\\u021belegerea economiei circulare<\\\/p>\",\"content_margin\":\"small\"}}]}]}]}],\"version\":\"3.0.9\"} --><\/p>\n","protected":false},"excerpt":{"rendered":"<p>Programul este \u00eemp\u0103r\u021bit \u00een dou\u0103 sec\u021biuni: PARTEA A: \u00een\u021belegerea spiritului antreprenorial \u0219i a economiei circulare \u0219i PARTEA B: Dezvoltarea competen\u021belor pedagogice ale profesioni\u0219tilor din domeniul..<\/p>\n","protected":false},"author":1,"featured_media":0,"parent":0,"menu_order":0,"comment_status":"closed","ping_status":"closed","template":"","meta":{"_acf_changed":false,"inline_featured_image":false,"footnotes":""},"class_list":["post-1521","page","type-page","status-publish","hentry"],"acf":[],"_links":{"self":[{"href":"https:\/\/elearning.learningcircleproject.eu\/ro\/wp-json\/wp\/v2\/pages\/1521","targetHints":{"allow":["GET"]}}],"collection":[{"href":"https:\/\/elearning.learningcircleproject.eu\/ro\/wp-json\/wp\/v2\/pages"}],"about":[{"href":"https:\/\/elearning.learningcircleproject.eu\/ro\/wp-json\/wp\/v2\/types\/page"}],"author":[{"embeddable":true,"href":"https:\/\/elearning.learningcircleproject.eu\/ro\/wp-json\/wp\/v2\/users\/1"}],"replies":[{"embeddable":true,"href":"https:\/\/elearning.learningcircleproject.eu\/ro\/wp-json\/wp\/v2\/comments?post=1521"}],"version-history":[{"count":8,"href":"https:\/\/elearning.learningcircleproject.eu\/ro\/wp-json\/wp\/v2\/pages\/1521\/revisions"}],"predecessor-version":[{"id":4250,"href":"https:\/\/elearning.learningcircleproject.eu\/ro\/wp-json\/wp\/v2\/pages\/1521\/revisions\/4250"}],"wp:attachment":[{"href":"https:\/\/elearning.learningcircleproject.eu\/ro\/wp-json\/wp\/v2\/media?parent=1521"}],"curies":[{"name":"wp","href":"https:\/\/api.w.org\/{rel}","templated":true}]}}