{"id":1532,"date":"2023-05-25T09:12:10","date_gmt":"2023-05-25T09:12:10","guid":{"rendered":"https:\/\/elearning.learningcircleproject.eu\/part-a\/"},"modified":"2023-07-05T07:21:58","modified_gmt":"2023-07-05T07:21:58","slug":"part-a","status":"publish","type":"page","link":"https:\/\/elearning.learningcircleproject.eu\/pt-pt\/part-a\/","title":{"rendered":"PARTE A &#8211;  Desenvolver o esp\u00edrito empresarial"},"content":{"rendered":"<div>\n<p>A primeira parte contribui para o desenvolvimento das compet\u00eancias dos tutores de EFP para:<\/p>\n<ol>\n<li>criar um esp\u00edrito empreendedor no grupo-alvo dos tutores de EFP<\/li>\n<li>desenvolver uma compreens\u00e3o da economia circular<\/li>\n<\/ol>\n<\/div>\n<h3>Autoaprendizagem<\/h3>\n<div>\n<p>Este conte\u00fado \u00e9 apresentado neste manual sob a forma de uma s\u00e9rie de m\u00f3dulos de aprendizagem aut\u00f3noma, que incluem conte\u00fados te\u00f3ricos fundamentais, estudos de casos, materiais de leitura adicionais e liga\u00e7\u00f5es a pequenos recursos de v\u00eddeo introdut\u00f3rios que fornecer\u00e3o uma breve panor\u00e2mica dos t\u00f3picos para os tutores de EFP e que se destinam a ser visualizados pelos tutores de EFP antes de iniciarem os m\u00f3dulos de aprendizagem aut\u00f3noma.<\/p>\n<ul>\n<li>M\u00f3dulo 1: Empreendedorismo e Empreendedorismo Social<\/li>\n<li>M\u00f3dulo 2: Economia Circular vs Economia Linear<\/li>\n<li>M\u00f3dulo 3: Modelos de Neg\u00f3cio Circulares<\/li>\n<li>M\u00f3dulo 4: Melhores pr\u00e1ticas em EC e Empreendedorismo Social<\/li>\n<li>M\u00f3dulo 5: Estudos de mercado: M\u00e9todos e Ferramentas \u00a0\u00a0<\/li>\n<li>M\u00f3dulo 6: Como construir um plano de neg\u00f3cios<\/li>\n<li>M\u00f3dulo 7: Financiamento para Empreendedores da Economia Circular<\/li>\n<li>M\u00f3dulo 8: Encontrar colaboradores &#8211; Expandir a rede<\/li>\n<\/ul>\n<\/div>\n<p>\n    <a href=\"\/wp-content\/uploads\/2023\/06\/LEARNING-CIRCLE-In-service-training-programme-Part-A_self-directed-learning_final_PT1.pdf\">Descarregar a aprendizagem aut\u00f3noma<\/a>\n<\/p>\n<hr>\n<h3>Ensino presencial<\/h3>\n<div>\n<p>Recursos inclu\u00eddos para apoiar os formadores na presta\u00e7\u00e3o desta forma\u00e7\u00e3o presencial.<\/p>\n<\/div>\n<p>\n    <a href=\"\/wp-content\/uploads\/2023\/06\/LEARNING-CIRCLE-In-service-training-programme-Part-A_f2f_PT.pdf\">Descarregar actividades<\/a>\n<\/p>\n<h4>Apresenta\u00e7\u00f5es<\/h4>\n<ul>\n<li>\n        <a href=\"\/wp-content\/uploads\/2023\/06\/LEARNING-CIRCLE-In-service-training-Programme_Module-1_PPT1_PT.pdf\">M1: Empreendedorismo e Empreendedorismo Social &#8211; PPT 1<\/a>\n    <\/li>\n<li>\n        <a href=\"\/wp-content\/uploads\/2023\/06\/LEARNING-CIRCLE-In-service-training-Programme_Module-1_PPT2_PT.pdf\">M1: Empreendedorismo e Empreendedorismo Social &#8211; PPT 2<\/a>\n    <\/li>\n<li>\n        <a href=\"\/wp-content\/uploads\/2023\/06\/LEARNING-CIRCLE-In-service-training-Programme_Module-1_PPT3_PT.pdf\">M1: Empreendedorismo e Empreendedorismo Social &#8211; PPT 3<\/a>\n    <\/li>\n<li>\n        <a href=\"\/wp-content\/uploads\/2023\/06\/LEARNING-CIRCLE-In-service-training-Programme_Module-2_PPT1_PT.pdf\">M2: Economia Circular vs Economia Linear &#8211; PPT 1<\/a>\n    <\/li>\n<li>\n        <a href=\"\/wp-content\/uploads\/2023\/06\/LEARNING-CIRCLE-In-service-training-Programme_Module-2_PPT2_PT.pdf\">M2: Economia Circular vs Economia Linear &#8211; PPT 2<\/a>\n    <\/li>\n<\/ul>\n<ul>\n<li>\n        <a href=\"\/wp-content\/uploads\/2023\/06\/LEARNING-CIRCLE-In-service-training-Programme_Module-3_PPT_PT.pdf\">M3: Modelos de Neg\u00f3cio Circulares &#8211; PPT<\/a>\n    <\/li>\n<li>\n        <a href=\"\/wp-content\/uploads\/2023\/06\/LEARNING-CIRCLE-In-service-training-Programme_Module-4_PPT1_PT.pdf\">M4: Melhores pr\u00e1ticas em EC e Empreendedorismo Social &#8211; PPT 1<\/a>\n    <\/li>\n<li>\n        <a href=\"\/wp-content\/uploads\/2023\/06\/LEARNING-CIRCLE-In-service-training-Programme_Module-4_PPT2_PT.pdf\">M4: Melhores pr\u00e1ticas em EC e Empreendedorismo Social &#8211; PPT 2<\/a>\n    <\/li>\n<li>\n        <a href=\"\/wp-content\/uploads\/2023\/06\/LEARNING-CIRCLE-In-service-training-Programme_Module-4_PPT3_PT.pdf\">M4: Melhores pr\u00e1ticas em EC e Empreendedorismo Social &#8211; PPT 3<\/a>\n    <\/li>\n<li>\n        <a href=\"\/wp-content\/uploads\/2023\/06\/LEARNING-CIRCLE-In-service-training-Programme_Module-5_PPT_PT.pdf\">M5: Estudos de mercado: M\u00e9todos e Ferramentas &#8211; PPT<\/a>\n    <\/li>\n<\/ul>\n<ul>\n<li>\n        <a href=\"\/wp-content\/uploads\/2023\/06\/LEARNING-CIRCLE-In-service-training-Programme_Module-6_PPT1_PT.pdf\">M6: Como construir um plano de neg\u00f3cios &#8211; PPT 1<\/a>\n    <\/li>\n<li>\n        <a href=\"\/wp-content\/uploads\/2023\/06\/LEARNING-CIRCLE-In-service-training-Programme_Module-6_PPT2_PT.pdf\">M6: Como construir um plano de neg\u00f3cios &#8211; PPT 2<\/a>\n    <\/li>\n<li>\n        <a href=\"\/wp-content\/uploads\/2023\/06\/LEARNING-CIRCLE-In-service-training-Programme_Module-7_PPT_PT.pdf\">M7: Financiamento para Empreendedores da Economia Circular &#8211; PPT<\/a>\n    <\/li>\n<li>\n        <a href=\"\/wp-content\/uploads\/2023\/06\/LEARNING-CIRCLE-In-service-training-Programme_Module-8_PPT1_PT.pdf\">M8:  Encontrar colaboradores \u2013 Expandir a rede &#8211; PPT 1<\/a>\n    <\/li>\n<li>\n        <a href=\"\/wp-content\/uploads\/2023\/06\/LEARNING-CIRCLE-In-service-training-Programme_Module-8_PPT2_PT.pdf\">M8:  Encontrar colaboradores \u2013 Expandir a rede &#8211; PPT 2<\/a>\n    <\/li>\n<\/ul>\n<p><!--more--><br \/>\n<!-- {\"type\":\"layout\",\"children\":[{\"type\":\"section\",\"props\":{\"style\":\"default\",\"width\":\"default\",\"vertical_align\":\"middle\",\"title_position\":\"top-left\",\"title_rotation\":\"left\",\"title_breakpoint\":\"xl\",\"image_position\":\"center-center\"},\"children\":[{\"type\":\"row\",\"children\":[{\"type\":\"column\",\"props\":{\"position_sticky_breakpoint\":\"m\",\"image_position\":\"center-center\",\"media_overlay_gradient\":\"\"},\"children\":[{\"type\":\"headline\",\"props\":{\"title_element\":\"h1\"},\"source\":{\"query\":{\"name\":\"pages.singlePage\"},\"props\":{\"content\":{\"filters\":{\"search\":\"\"},\"name\":\"title\"}}}}]}]},{\"type\":\"row\",\"children\":[{\"type\":\"column\",\"props\":{\"position_sticky_breakpoint\":\"m\",\"image_position\":\"center-center\",\"media_overlay_gradient\":\"\"},\"children\":[{\"type\":\"text\",\"props\":{\"margin\":\"default\",\"column_breakpoint\":\"m\",\"content\":\"\n\n<p>A primeira parte contribui para o desenvolvimento das compet\\u00eancias dos tutores de EFP para:<\\\/p>\\n\n\n<ol>\\n\n\n<li>criar um esp\\u00edrito empreendedor no grupo-alvo dos tutores de EFP<\\\/li>\\n\n\n<li>desenvolver uma compreens\\u00e3o da economia circular<\\\/li>\\n<\\\/ol>\"}}]}]},{\"type\":\"row\",\"children\":[{\"type\":\"column\",\"props\":{\"position_sticky_breakpoint\":\"m\",\"image_position\":\"center-center\",\"media_overlay_gradient\":\"\"},\"children\":[{\"type\":\"headline\",\"props\":{\"title_element\":\"h3\",\"content\":\"Autoaprendizagem\"}},{\"type\":\"text\",\"props\":{\"margin\":\"default\",\"column_breakpoint\":\"m\",\"content\":\"\n\n<p>Este conte\\u00fado \\u00e9 apresentado neste manual sob a forma de uma s\\u00e9rie de m\\u00f3dulos de aprendizagem aut\\u00f3noma, que incluem conte\\u00fados te\\u00f3ricos fundamentais, estudos de casos, materiais de leitura adicionais e liga\\u00e7\\u00f5es a pequenos recursos de v\\u00eddeo introdut\\u00f3rios que fornecer\\u00e3o uma breve panor\\u00e2mica dos t\\u00f3picos para os tutores de EFP e que se destinam a ser visualizados pelos tutores de EFP antes de iniciarem os m\\u00f3dulos de aprendizagem aut\\u00f3noma.<\\\/p>\\n\n\n<ul>\\n\n\n<li>M\\u00f3dulo 1: Empreendedorismo e Empreendedorismo Social<\\\/li>\\n\n\n<li>M\\u00f3dulo 2: Economia Circular vs Economia Linear<\\\/li>\\n\n\n<li>M\\u00f3dulo 3: Modelos de Neg\\u00f3cio Circulares<\\\/li>\\n\n\n<li>M\\u00f3dulo 4: Melhores pr\\u00e1ticas em EC e Empreendedorismo Social<\\\/li>\\n\n\n<li>M\\u00f3dulo 5: Estudos de mercado: M\\u00e9todos e Ferramentas \\u00a0\\u00a0<\\\/li>\\n\n\n<li>M\\u00f3dulo 6: Como construir um plano de neg\\u00f3cios<\\\/li>\\n\n\n<li>M\\u00f3dulo 7: Financiamento para Empreendedores da Economia Circular<\\\/li>\\n\n\n<li>M\\u00f3dulo 8: Encontrar colaboradores - Expandir a rede<\\\/li>\\n<\\\/ul>\"}},{\"type\":\"button\",\"props\":{\"grid_column_gap\":\"small\",\"grid_row_gap\":\"small\",\"margin\":\"default\"},\"children\":[{\"type\":\"button_item\",\"props\":{\"button_style\":\"default\",\"icon_align\":\"left\",\"content\":\"Descarregar a aprendizagem aut\\u00f3noma\",\"link\":\"wp-content\\\/uploads\\\/2023\\\/06\\\/LEARNING-CIRCLE-In-service-training-programme-Part-A_self-directed-learning_final_PT1.pdf\",\"link_target\":\"blank\"}}]}]}]},{\"type\":\"row\",\"children\":[{\"type\":\"column\",\"props\":{\"position_sticky_breakpoint\":\"m\",\"image_position\":\"center-center\",\"media_overlay_gradient\":\"\"},\"children\":[{\"type\":\"divider\",\"props\":{\"divider_element\":\"hr\"}}]}]},{\"type\":\"row\",\"children\":[{\"type\":\"column\",\"props\":{\"position_sticky_breakpoint\":\"m\",\"image_position\":\"center-center\",\"media_overlay_gradient\":\"\"},\"children\":[{\"type\":\"headline\",\"props\":{\"title_element\":\"h3\",\"content\":\"Ensino presencial\"}},{\"type\":\"text\",\"props\":{\"margin\":\"default\",\"column_breakpoint\":\"m\",\"content\":\"\n\n<p>Recursos inclu\\u00eddos para apoiar os formadores na presta\\u00e7\\u00e3o desta forma\\u00e7\\u00e3o presencial.<\\\/p>\"}},{\"type\":\"button\",\"props\":{\"grid_column_gap\":\"small\",\"grid_row_gap\":\"small\",\"margin\":\"default\"},\"children\":[{\"type\":\"button_item\",\"props\":{\"button_style\":\"default\",\"icon_align\":\"left\",\"content\":\"Descarregar actividades\",\"link\":\"wp-content\\\/uploads\\\/2023\\\/06\\\/LEARNING-CIRCLE-In-service-training-programme-Part-A_f2f_PT.pdf\",\"link_target\":\"blank\"}}]},{\"type\":\"headline\",\"props\":{\"title_element\":\"h4\",\"content\":\"Apresenta\\u00e7\\u00f5es\",\"margin_remove_top\":true}}]}]},{\"type\":\"row\",\"props\":{\"margin_remove_top\":false,\"margin\":\"small\"},\"children\":[{\"type\":\"column\",\"props\":{\"position_sticky_breakpoint\":\"m\",\"image_position\":\"center-center\",\"media_overlay_gradient\":\"\",\"width_medium\":\"\"},\"children\":[{\"type\":\"button\",\"props\":{\"grid_column_gap\":\"small\",\"grid_row_gap\":\"small\",\"margin\":\"default\"},\"children\":[{\"type\":\"button_item\",\"props\":{\"button_style\":\"default\",\"icon_align\":\"left\",\"content\":\"M1: Empreendedorismo e Empreendedorismo Social - PPT 1\",\"link\":\"wp-content\\\/uploads\\\/2023\\\/06\\\/LEARNING-CIRCLE-In-service-training-Programme_Module-1_PPT1_PT.pdf\",\"link_target\":\"blank\"}},{\"type\":\"button_item\",\"props\":{\"button_style\":\"default\",\"icon_align\":\"left\",\"content\":\"M1: Empreendedorismo e Empreendedorismo Social - PPT 2\",\"link\":\"wp-content\\\/uploads\\\/2023\\\/06\\\/LEARNING-CIRCLE-In-service-training-Programme_Module-1_PPT2_PT.pdf\",\"link_target\":\"blank\"}},{\"type\":\"button_item\",\"props\":{\"button_style\":\"default\",\"icon_align\":\"left\",\"content\":\"M1: Empreendedorismo e Empreendedorismo Social - PPT 3\",\"link\":\"wp-content\\\/uploads\\\/2023\\\/06\\\/LEARNING-CIRCLE-In-service-training-Programme_Module-1_PPT3_PT.pdf\",\"link_target\":\"blank\"}},{\"type\":\"button_item\",\"props\":{\"button_style\":\"default\",\"icon_align\":\"left\",\"content\":\"M2: Economia Circular vs Economia Linear - PPT 1\",\"link\":\"wp-content\\\/uploads\\\/2023\\\/06\\\/LEARNING-CIRCLE-In-service-training-Programme_Module-2_PPT1_PT.pdf\",\"link_target\":\"blank\"}},{\"type\":\"button_item\",\"props\":{\"button_style\":\"default\",\"icon_align\":\"left\",\"content\":\"M2: Economia Circular vs Economia Linear - PPT 2\",\"link\":\"wp-content\\\/uploads\\\/2023\\\/06\\\/LEARNING-CIRCLE-In-service-training-Programme_Module-2_PPT2_PT.pdf\",\"link_target\":\"blank\"}}]},{\"type\":\"button\",\"props\":{\"grid_column_gap\":\"small\",\"grid_row_gap\":\"small\",\"margin\":\"default\"},\"children\":[{\"type\":\"button_item\",\"props\":{\"button_style\":\"default\",\"icon_align\":\"left\",\"content\":\"M3: Modelos de Neg\\u00f3cio Circulares - PPT\",\"link\":\"wp-content\\\/uploads\\\/2023\\\/06\\\/LEARNING-CIRCLE-In-service-training-Programme_Module-3_PPT_PT.pdf\",\"link_target\":\"blank\"}},{\"type\":\"button_item\",\"props\":{\"button_style\":\"default\",\"icon_align\":\"left\",\"content\":\"M4: Melhores pr\\u00e1ticas em EC e Empreendedorismo Social - PPT 1\",\"link\":\"wp-content\\\/uploads\\\/2023\\\/06\\\/LEARNING-CIRCLE-In-service-training-Programme_Module-4_PPT1_PT.pdf\",\"link_target\":\"blank\"}},{\"type\":\"button_item\",\"props\":{\"button_style\":\"default\",\"icon_align\":\"left\",\"content\":\"M4: Melhores pr\\u00e1ticas em EC e Empreendedorismo Social - PPT 2\",\"link\":\"wp-content\\\/uploads\\\/2023\\\/06\\\/LEARNING-CIRCLE-In-service-training-Programme_Module-4_PPT2_PT.pdf\",\"link_target\":\"blank\"}},{\"type\":\"button_item\",\"props\":{\"button_style\":\"default\",\"icon_align\":\"left\",\"content\":\"M4: Melhores pr\\u00e1ticas em EC e Empreendedorismo Social - PPT 3\",\"link\":\"wp-content\\\/uploads\\\/2023\\\/06\\\/LEARNING-CIRCLE-In-service-training-Programme_Module-4_PPT3_PT.pdf\",\"link_target\":\"blank\"}},{\"type\":\"button_item\",\"props\":{\"button_style\":\"default\",\"icon_align\":\"left\",\"content\":\"M5: Estudos de mercado: M\\u00e9todos e Ferramentas - PPT\",\"link\":\"wp-content\\\/uploads\\\/2023\\\/06\\\/LEARNING-CIRCLE-In-service-training-Programme_Module-5_PPT_PT.pdf\",\"link_target\":\"blank\"}}]},{\"type\":\"button\",\"props\":{\"grid_column_gap\":\"small\",\"grid_row_gap\":\"small\",\"margin\":\"default\"},\"children\":[{\"type\":\"button_item\",\"props\":{\"button_style\":\"default\",\"icon_align\":\"left\",\"content\":\"M6: Como construir um plano de neg\\u00f3cios - PPT 1\",\"link\":\"wp-content\\\/uploads\\\/2023\\\/06\\\/LEARNING-CIRCLE-In-service-training-Programme_Module-6_PPT1_PT.pdf\",\"link_target\":\"blank\"}},{\"type\":\"button_item\",\"props\":{\"button_style\":\"default\",\"icon_align\":\"left\",\"content\":\"M6: Como construir um plano de neg\\u00f3cios - PPT 2\",\"link\":\"wp-content\\\/uploads\\\/2023\\\/06\\\/LEARNING-CIRCLE-In-service-training-Programme_Module-6_PPT2_PT.pdf\",\"link_target\":\"blank\"}},{\"type\":\"button_item\",\"props\":{\"button_style\":\"default\",\"icon_align\":\"left\",\"content\":\"M7: Financiamento para Empreendedores da Economia Circular - PPT\",\"link\":\"wp-content\\\/uploads\\\/2023\\\/06\\\/LEARNING-CIRCLE-In-service-training-Programme_Module-7_PPT_PT.pdf\",\"link_target\":\"blank\"}},{\"type\":\"button_item\",\"props\":{\"button_style\":\"default\",\"icon_align\":\"left\",\"content\":\"M8:  Encontrar colaboradores \\u2013 Expandir a rede - PPT 1\",\"link\":\"wp-content\\\/uploads\\\/2023\\\/06\\\/LEARNING-CIRCLE-In-service-training-Programme_Module-8_PPT1_PT.pdf\",\"link_target\":\"blank\"}},{\"type\":\"button_item\",\"props\":{\"button_style\":\"default\",\"icon_align\":\"left\",\"content\":\"M8:  Encontrar colaboradores \\u2013 Expandir a rede - PPT 2\",\"link\":\"wp-content\\\/uploads\\\/2023\\\/06\\\/LEARNING-CIRCLE-In-service-training-Programme_Module-8_PPT2_PT.pdf\",\"link_target\":\"blank\"}}]}]}]}]}],\"version\":\"3.0.9\"} --><\/p>\n","protected":false},"excerpt":{"rendered":"<p>A primeira parte contribui para o desenvolvimento das compet\u00eancias dos tutores de EFP para: criar um esp\u00edrito empreendedor no grupo-alvo dos tutores de EFP desenvolver..<\/p>\n","protected":false},"author":1,"featured_media":0,"parent":0,"menu_order":0,"comment_status":"closed","ping_status":"closed","template":"","meta":{"_acf_changed":false,"inline_featured_image":false,"footnotes":""},"class_list":["post-1532","page","type-page","status-publish","hentry"],"acf":[],"_links":{"self":[{"href":"https:\/\/elearning.learningcircleproject.eu\/pt-pt\/wp-json\/wp\/v2\/pages\/1532","targetHints":{"allow":["GET"]}}],"collection":[{"href":"https:\/\/elearning.learningcircleproject.eu\/pt-pt\/wp-json\/wp\/v2\/pages"}],"about":[{"href":"https:\/\/elearning.learningcircleproject.eu\/pt-pt\/wp-json\/wp\/v2\/types\/page"}],"author":[{"embeddable":true,"href":"https:\/\/elearning.learningcircleproject.eu\/pt-pt\/wp-json\/wp\/v2\/users\/1"}],"replies":[{"embeddable":true,"href":"https:\/\/elearning.learningcircleproject.eu\/pt-pt\/wp-json\/wp\/v2\/comments?post=1532"}],"version-history":[{"count":59,"href":"https:\/\/elearning.learningcircleproject.eu\/pt-pt\/wp-json\/wp\/v2\/pages\/1532\/revisions"}],"predecessor-version":[{"id":5538,"href":"https:\/\/elearning.learningcircleproject.eu\/pt-pt\/wp-json\/wp\/v2\/pages\/1532\/revisions\/5538"}],"wp:attachment":[{"href":"https:\/\/elearning.learningcircleproject.eu\/pt-pt\/wp-json\/wp\/v2\/media?parent=1532"}],"curies":[{"name":"wp","href":"https:\/\/api.w.org\/{rel}","templated":true}]}}