{"id":1526,"date":"2022-02-24T14:11:37","date_gmt":"2022-02-24T14:11:37","guid":{"rendered":"https:\/\/elearning.learningcircleproject.eu\/infographics\/"},"modified":"2023-07-05T07:51:29","modified_gmt":"2023-07-05T07:51:29","slug":"infographics","status":"publish","type":"page","link":"https:\/\/elearning.learningcircleproject.eu\/pt-pt\/infographics\/","title":{"rendered":"Empreendedores"},"content":{"rendered":"<div>\n<p>\u00a0Eduzines e Infogr\u00e1ficos Interativos para empreendedores inovadores da economia circular que abordam 10 compet\u00eancias essenciais para os mesmos:<\/p>\n<\/div>\n<h1>Eduzines<\/h1>\n<ul>\n<li>\n        <a href=\"\/wp-content\/uploads\/2023\/06\/Creative-Thinking-PT.pdf\">Pensamento Criativo<\/a>\n    <\/li>\n<li>\n        <a href=\"\/wp-content\/uploads\/2023\/06\/Problem-Solving-PT.pdf\">Resolu\u00e7\u00e3o de Problemas<\/a>\n    <\/li>\n<li>\n        <a href=\"\/wp-content\/uploads\/2023\/06\/Leadership-and-Team-Management-PT.pdf\">Lideran\u00e7a e Gest\u00e3o de Equipas<\/a>\n    <\/li>\n<li>\n        <a href=\"\/wp-content\/uploads\/2023\/06\/Innovation-Management-PT.pdf\">Gest\u00e3o da Inova\u00e7\u00e3o<\/a>\n    <\/li>\n<li>\n        <a href=\"\/wp-content\/uploads\/2023\/06\/Agile-Management-PT.pdf\">Gest\u00e3o \u00c1gil<\/a>\n    <\/li>\n<li>\n        <a href=\"\/wp-content\/uploads\/2023\/06\/Strategic-Planning-PT.pdf\">Planeamento Estrat\u00e9gico<\/a>\n    <\/li>\n<li>\n        <a href=\"\/wp-content\/uploads\/2023\/06\/Risk-Management-PT.pdf\">Gest\u00e3o de Risco<\/a>\n    <\/li>\n<li>\n        <a href=\"\/wp-content\/uploads\/2023\/06\/Business-Model-Development-PT.pdf\">A Circularidade nos Neg\u00f3cios<\/a>\n    <\/li>\n<li>\n        <a href=\"\/wp-content\/uploads\/2023\/06\/Raising-Venture-Capital-PT.pdf\">Angaria\u00e7\u00e3o de Capital de Risco<\/a>\n    <\/li>\n<li>\n        <a href=\"\/wp-content\/uploads\/2023\/06\/Rapid-Experimentation-PT.pdf\">Experimenta\u00e7\u00e3o R\u00e1pida<\/a>\n    <\/li>\n<\/ul>\n<h1>Infogr\u00e1ficos<\/h1>\n<ul>\n<li>\n        <a href=\"\/wp-content\/uploads\/2023\/07\/1.-Creative-Thinking-PT.pdf\">Pensamento Criativo<\/a>\n    <\/li>\n<li>\n        <a href=\"\/wp-content\/uploads\/2023\/07\/2.-Problem-Solving-PT.pdf\">Resolu\u00e7\u00e3o de Problemas<\/a>\n    <\/li>\n<li>\n        <a href=\"\/wp-content\/uploads\/2023\/07\/3.-Leadership-and-Team-Management-PT.pdf\">Lideran\u00e7a e Gest\u00e3o de Equipas<\/a>\n    <\/li>\n<li>\n        <a href=\"\/wp-content\/uploads\/2023\/07\/5.-Innovation-Management-PT.pdf\">Gest\u00e3o da Inova\u00e7\u00e3o<\/a>\n    <\/li>\n<li>\n        <a href=\"\/wp-content\/uploads\/2023\/07\/4.-Agile-Management-PT.pdf\">Gest\u00e3o \u00c1gil<\/a>\n    <\/li>\n<li>\n        <a href=\"\/wp-content\/uploads\/2023\/07\/6.-Strategic-Planning-PT.pdf\">Planeamento Estrat\u00e9gico<\/a>\n    <\/li>\n<li>\n        <a href=\"\/wp-content\/uploads\/2023\/07\/7.-Risk-Management-PT.pdf\">Gest\u00e3o de Risco<\/a>\n    <\/li>\n<li>\n        <a href=\"\/wp-content\/uploads\/2023\/07\/8.-Business-Model-Development-PT.pdf\">Desenvolvimento do Modelo de Neg\u00f3cio<\/a>\n    <\/li>\n<li>\n        <a href=\"\/wp-content\/uploads\/2023\/07\/9.-Raising-Venture-Capital-PT.pdf\">Aumentar o Capital de Risco<\/a>\n    <\/li>\n<li>\n        <a href=\"\/wp-content\/uploads\/2023\/07\/10.-Rapid-Experimentation-PT.pdf\">Experimenta\u00e7\u00e3o R\u00e1pida<\/a>\n    <\/li>\n<\/ul>\n<p><!--more--><br \/>\n<!-- {\"type\":\"layout\",\"children\":[{\"type\":\"section\",\"props\":{\"style\":\"muted\",\"width\":\"default\",\"vertical_align\":\"middle\",\"title_position\":\"top-left\",\"title_rotation\":\"left\",\"title_breakpoint\":\"xl\",\"image_position\":\"center-center\",\"padding_remove_top\":false,\"animation\":\"fade\",\"height\":\"expand\"},\"children\":[{\"type\":\"row\",\"children\":[{\"type\":\"column\",\"props\":{\"position_sticky_breakpoint\":\"m\",\"image_position\":\"center-center\",\"media_overlay_gradient\":\"\"},\"children\":[{\"type\":\"headline\",\"props\":{\"title_element\":\"h1\"},\"source\":{\"query\":{\"name\":\"pages.singlePage\"},\"props\":{\"content\":{\"filters\":{\"search\":\"\"},\"name\":\"title\"}}}}]}]},{\"type\":\"row\",\"children\":[{\"type\":\"column\",\"props\":{\"position_sticky_breakpoint\":\"m\",\"image_position\":\"center-center\",\"media_overlay_gradient\":\"\"},\"children\":[{\"type\":\"text\",\"props\":{\"margin\":\"default\",\"column_breakpoint\":\"m\",\"content\":\"\n\n<p>\\u00a0Eduzines e Infogr\\u00e1ficos Interativos para empreendedores inovadores da economia circular que abordam 10 compet\\u00eancias essenciais para os mesmos:<\\\/p>\"}},{\"type\":\"headline\",\"props\":{\"title_element\":\"h1\",\"content\":\"Eduzines\"}},{\"type\":\"button\",\"props\":{\"grid_column_gap\":\"small\",\"grid_row_gap\":\"small\",\"margin\":\"default\",\"fullwidth\":false,\"css\":\".el-item{\\n\\twidth: 50%;\\n}\\n.el-item a{\\n\\tcolor: #fff;\\n}\\n.el-element{\\n\\tbackground: #195562;\\n    padding: 20px;\\n}\"},\"children\":[{\"type\":\"button_item\",\"props\":{\"button_style\":\"text\",\"icon_align\":\"left\",\"link_target\":\"blank\",\"content\":\"Pensamento Criativo\",\"link\":\"wp-content\\\/uploads\\\/2023\\\/06\\\/Creative-Thinking-PT.pdf\",\"icon\":\"file-pdf\"}},{\"type\":\"button_item\",\"props\":{\"button_style\":\"text\",\"icon_align\":\"left\",\"content\":\"Resolu\\u00e7\\u00e3o de Problemas\",\"link\":\"wp-content\\\/uploads\\\/2023\\\/06\\\/Problem-Solving-PT.pdf\",\"link_target\":\"blank\",\"icon\":\"file-pdf\"}},{\"type\":\"button_item\",\"props\":{\"button_style\":\"text\",\"icon_align\":\"left\",\"content\":\"Lideran\\u00e7a e Gest\\u00e3o de Equipas\",\"link\":\"wp-content\\\/uploads\\\/2023\\\/06\\\/Leadership-and-Team-Management-PT.pdf\",\"link_target\":\"blank\",\"icon\":\"file-pdf\"}},{\"type\":\"button_item\",\"props\":{\"button_style\":\"text\",\"icon_align\":\"left\",\"content\":\"Gest\\u00e3o da Inova\\u00e7\\u00e3o\",\"link\":\"wp-content\\\/uploads\\\/2023\\\/06\\\/Innovation-Management-PT.pdf\",\"link_target\":\"blank\",\"icon\":\"file-pdf\"}},{\"type\":\"button_item\",\"props\":{\"button_style\":\"text\",\"icon_align\":\"left\",\"content\":\"Gest\\u00e3o \\u00c1gil\",\"link\":\"wp-content\\\/uploads\\\/2023\\\/06\\\/Agile-Management-PT.pdf\",\"link_target\":\"blank\",\"icon\":\"file-pdf\"}},{\"type\":\"button_item\",\"props\":{\"button_style\":\"text\",\"icon_align\":\"left\",\"content\":\"Planeamento Estrat\\u00e9gico\",\"link\":\"wp-content\\\/uploads\\\/2023\\\/06\\\/Strategic-Planning-PT.pdf\",\"link_target\":\"blank\",\"icon\":\"file-pdf\"}},{\"type\":\"button_item\",\"props\":{\"button_style\":\"text\",\"icon_align\":\"left\",\"content\":\"Gest\\u00e3o de Risco\",\"link\":\"wp-content\\\/uploads\\\/2023\\\/06\\\/Risk-Management-PT.pdf\",\"link_target\":\"blank\",\"icon\":\"file-pdf\"}},{\"type\":\"button_item\",\"props\":{\"button_style\":\"text\",\"icon_align\":\"left\",\"content\":\"A Circularidade nos Neg\\u00f3cios\",\"link\":\"wp-content\\\/uploads\\\/2023\\\/06\\\/Business-Model-Development-PT.pdf\",\"link_target\":\"blank\",\"icon\":\"file-pdf\"}},{\"type\":\"button_item\",\"props\":{\"button_style\":\"text\",\"icon_align\":\"left\",\"content\":\"Angaria\\u00e7\\u00e3o de Capital de Risco\",\"link\":\"wp-content\\\/uploads\\\/2023\\\/06\\\/Raising-Venture-Capital-PT.pdf\",\"link_target\":\"blank\",\"icon\":\"file-pdf\"}},{\"type\":\"button_item\",\"props\":{\"button_style\":\"text\",\"icon_align\":\"left\",\"content\":\"Experimenta\\u00e7\\u00e3o R\\u00e1pida\",\"link\":\"wp-content\\\/uploads\\\/2023\\\/06\\\/Rapid-Experimentation-PT.pdf\",\"link_target\":\"blank\",\"icon\":\"file-pdf\"}}]},{\"type\":\"headline\",\"props\":{\"title_element\":\"h1\",\"content\":\"Infogr\\u00e1ficos\"}},{\"type\":\"button\",\"props\":{\"grid_column_gap\":\"small\",\"grid_row_gap\":\"small\",\"margin\":\"default\",\"fullwidth\":false,\"css\":\".el-item{\\n\\twidth: 50%;\\n}\\n.el-item a{\\n\\tcolor: #fff;\\n}\\n.el-element{\\n\\tbackground: #195562;\\n    padding: 20px;\\n}\"},\"children\":[{\"type\":\"button_item\",\"props\":{\"button_style\":\"text\",\"icon_align\":\"left\",\"link_target\":\"blank\",\"content\":\"Pensamento Criativo\",\"link\":\"wp-content\\\/uploads\\\/2023\\\/07\\\/1.-Creative-Thinking-PT.pdf\",\"icon\":\"file-pdf\"}},{\"type\":\"button_item\",\"props\":{\"button_style\":\"text\",\"icon_align\":\"left\",\"content\":\"Resolu\\u00e7\\u00e3o de Problemas\",\"link\":\"wp-content\\\/uploads\\\/2023\\\/07\\\/2.-Problem-Solving-PT.pdf\",\"link_target\":\"blank\",\"icon\":\"file-pdf\"}},{\"type\":\"button_item\",\"props\":{\"button_style\":\"text\",\"icon_align\":\"left\",\"content\":\"Lideran\\u00e7a e Gest\\u00e3o de Equipas\",\"link\":\"wp-content\\\/uploads\\\/2023\\\/07\\\/3.-Leadership-and-Team-Management-PT.pdf\",\"link_target\":\"blank\",\"icon\":\"file-pdf\"}},{\"type\":\"button_item\",\"props\":{\"button_style\":\"text\",\"icon_align\":\"left\",\"content\":\"Gest\\u00e3o da Inova\\u00e7\\u00e3o\",\"link\":\"wp-content\\\/uploads\\\/2023\\\/07\\\/5.-Innovation-Management-PT.pdf\",\"link_target\":\"blank\",\"icon\":\"file-pdf\"}},{\"type\":\"button_item\",\"props\":{\"button_style\":\"text\",\"icon_align\":\"left\",\"content\":\"Gest\\u00e3o \\u00c1gil\",\"link\":\"wp-content\\\/uploads\\\/2023\\\/07\\\/4.-Agile-Management-PT.pdf\",\"link_target\":\"blank\",\"icon\":\"file-pdf\"}},{\"type\":\"button_item\",\"props\":{\"button_style\":\"text\",\"icon_align\":\"left\",\"content\":\"Planeamento Estrat\\u00e9gico\",\"link\":\"wp-content\\\/uploads\\\/2023\\\/07\\\/6.-Strategic-Planning-PT.pdf\",\"link_target\":\"blank\",\"icon\":\"file-pdf\"}},{\"type\":\"button_item\",\"props\":{\"button_style\":\"text\",\"icon_align\":\"left\",\"content\":\"Gest\\u00e3o de Risco\",\"link\":\"wp-content\\\/uploads\\\/2023\\\/07\\\/7.-Risk-Management-PT.pdf\",\"link_target\":\"blank\",\"icon\":\"file-pdf\"}},{\"type\":\"button_item\",\"props\":{\"button_style\":\"text\",\"icon_align\":\"left\",\"content\":\"Desenvolvimento do Modelo de Neg\\u00f3cio\",\"link\":\"wp-content\\\/uploads\\\/2023\\\/07\\\/8.-Business-Model-Development-PT.pdf\",\"link_target\":\"blank\",\"icon\":\"file-pdf\"}},{\"type\":\"button_item\",\"props\":{\"button_style\":\"text\",\"icon_align\":\"left\",\"content\":\"Aumentar o Capital de Risco\",\"link\":\"wp-content\\\/uploads\\\/2023\\\/07\\\/9.-Raising-Venture-Capital-PT.pdf\",\"link_target\":\"blank\",\"icon\":\"file-pdf\"}},{\"type\":\"button_item\",\"props\":{\"button_style\":\"text\",\"icon_align\":\"left\",\"content\":\"Experimenta\\u00e7\\u00e3o R\\u00e1pida\",\"link\":\"wp-content\\\/uploads\\\/2023\\\/07\\\/10.-Rapid-Experimentation-PT.pdf\",\"link_target\":\"blank\",\"icon\":\"file-pdf\"}}]}]}]}]}],\"version\":\"3.0.9\"} --><\/p>\n","protected":false},"excerpt":{"rendered":"<p>\u00a0Eduzines e Infogr\u00e1ficos Interativos para empreendedores inovadores da economia circular que abordam 10 compet\u00eancias essenciais para os mesmos: Eduzines Pensamento Criativo Resolu\u00e7\u00e3o de Problemas Lideran\u00e7a..<\/p>\n","protected":false},"author":1,"featured_media":0,"parent":0,"menu_order":0,"comment_status":"closed","ping_status":"closed","template":"","meta":{"_acf_changed":false,"inline_featured_image":false,"footnotes":""},"class_list":["post-1526","page","type-page","status-publish","hentry"],"acf":[],"_links":{"self":[{"href":"https:\/\/elearning.learningcircleproject.eu\/pt-pt\/wp-json\/wp\/v2\/pages\/1526","targetHints":{"allow":["GET"]}}],"collection":[{"href":"https:\/\/elearning.learningcircleproject.eu\/pt-pt\/wp-json\/wp\/v2\/pages"}],"about":[{"href":"https:\/\/elearning.learningcircleproject.eu\/pt-pt\/wp-json\/wp\/v2\/types\/page"}],"author":[{"embeddable":true,"href":"https:\/\/elearning.learningcircleproject.eu\/pt-pt\/wp-json\/wp\/v2\/users\/1"}],"replies":[{"embeddable":true,"href":"https:\/\/elearning.learningcircleproject.eu\/pt-pt\/wp-json\/wp\/v2\/comments?post=1526"}],"version-history":[{"count":40,"href":"https:\/\/elearning.learningcircleproject.eu\/pt-pt\/wp-json\/wp\/v2\/pages\/1526\/revisions"}],"predecessor-version":[{"id":5570,"href":"https:\/\/elearning.learningcircleproject.eu\/pt-pt\/wp-json\/wp\/v2\/pages\/1526\/revisions\/5570"}],"wp:attachment":[{"href":"https:\/\/elearning.learningcircleproject.eu\/pt-pt\/wp-json\/wp\/v2\/media?parent=1526"}],"curies":[{"name":"wp","href":"https:\/\/api.w.org\/{rel}","templated":true}]}}