{"id":1514,"date":"2022-02-24T14:11:37","date_gmt":"2022-02-24T14:11:37","guid":{"rendered":"https:\/\/elearning.learningcircleproject.eu\/eduzines\/"},"modified":"2023-07-05T09:27:07","modified_gmt":"2023-07-05T09:27:07","slug":"eduzines","status":"publish","type":"page","link":"https:\/\/elearning.learningcircleproject.eu\/pt-pt\/eduzines\/","title":{"rendered":"Modelos de neg\u00f3cio"},"content":{"rendered":"<div>\n<p>EduZines e Infografias Interactivas para Modelos de Neg\u00f3cio da Economia Circular que trar\u00e3o oportunidades de aprendizagem aos empres\u00e1rios inovadores da economia circular nos seus smartphones. Ser\u00e3o desenvolvidas EduZines e infografias interactivas para cada um dos 5 MBC mais comuns, como se segue:<\/p>\n<ol>\n<li>Fornecimentos circulares ou reciclagem em circuito fechado<\/li>\n<li>Recupera\u00e7\u00e3o de recursos ou reciclagem<\/li>\n<li>Prolongamento da vida \u00fatil do produto ou reciclagem (upcycling)<\/li>\n<li>Plataformas de partilha ou simbiose industrial<\/li>\n<li>Produto como um servi\u00e7o<\/li>\n<\/ol>\n<\/div>\n<div>\n<h3>Fornecimentos circulares ou reciclagem em circuito fechado<\/h3>\n<div>\n<p><a class=\"uk-button uk-button-primary\" href=\"https:\/\/elearning.learningcircleproject.eu\/wp-content\/uploads\/2023\/06\/Closed-Loop-Recycling-Advanced-PT.pdf\" target=\"_blank\" rel=\"noopener\">Avan\u00e7ado<\/a><\/p>\n<p><a class=\"uk-button uk-button-primary\" href=\"https:\/\/elearning.learningcircleproject.eu\/wp-content\/uploads\/2023\/06\/Closed-Loop-Recycling-Intermediate-PT.pdf\" target=\"_blank\" rel=\"noopener\">Intermedi\u00e1rio<\/a><\/p>\n<p><a class=\"uk-button uk-button-primary\" href=\"https:\/\/elearning.learningcircleproject.eu\/wp-content\/uploads\/2023\/07\/1.-Circular-Supplies-PT.pdf\" target=\"_blank\" rel=\"noopener\">Infogr\u00e1fico <\/a><\/p>\n<\/div>\n<\/div>\n<div>\n<h3>Recupera\u00e7\u00e3o de recursos ou reciclagem<\/h3>\n<div>\n<p><a class=\"uk-button uk-button-primary\" href=\"https:\/\/elearning.learningcircleproject.eu\/wp-content\/uploads\/2023\/06\/Resource-Recovery-Advanced-PT.pdf\" target=\"_blank\" rel=\"noopener\">Avan\u00e7ado<\/a><\/p>\n<p><a class=\"uk-button uk-button-primary\" href=\"https:\/\/elearning.learningcircleproject.eu\/wp-content\/uploads\/2023\/06\/Resource-Recovery-Intermediate-PT.pdf\" target=\"_blank\" rel=\"noopener\">Intermedi\u00e1rio<\/a><\/p>\n<p><a class=\"uk-button uk-button-primary\" href=\"https:\/\/elearning.learningcircleproject.eu\/wp-content\/uploads\/2023\/06\/2.-Resource-Recovery-or-Down-cycling-PT.pdf\" target=\"_blank\" rel=\"noopener\">Infogr\u00e1fico<br \/>\n<\/a><\/p>\n<\/div>\n<\/div>\n<hr>\n<div>\n<h3>Prolongamento da vida \u00fatil do produto ou reciclagem (upcycling)<\/h3>\n<div>\n<p><a class=\"uk-button uk-button-primary\" href=\"https:\/\/elearning.learningcircleproject.eu\/wp-content\/uploads\/2023\/07\/PLE-or-Upcycling-Advanced-PT.pdf\" target=\"_blank\" rel=\"noopener\">Avan\u00e7ado<\/a><\/p>\n<p><a class=\"uk-button uk-button-primary\" href=\"https:\/\/elearning.learningcircleproject.eu\/wp-content\/uploads\/2023\/07\/PLE-or-Upcycling-Intermediate-PT.pdf\" target=\"_blank\" rel=\"noopener\">Intermedi\u00e1rio<\/a><\/p>\n<p><a class=\"uk-button uk-button-primary\" href=\"https:\/\/elearning.learningcircleproject.eu\/wp-content\/uploads\/2023\/06\/3.-Product-Life-Extension-or-Upcycling-PT.pdf\" target=\"_blank\" rel=\"noopener\">Infogr\u00e1fico <\/a><\/p>\n<\/div>\n<\/div>\n<div>\n<h3>Plataformas de partilha ou simbiose industrial<\/h3>\n<div>\n<p><a class=\"uk-button uk-button-primary\" href=\"https:\/\/elearning.learningcircleproject.eu\/wp-content\/uploads\/2023\/06\/Sharing-Platforms-or-Symbiosis-Advanced-PT.pdf\" target=\"_blank\" rel=\"noopener\">Avan\u00e7ado<\/a><\/p>\n<p><a class=\"uk-button uk-button-primary\" href=\"https:\/\/elearning.learningcircleproject.eu\/wp-content\/uploads\/2023\/06\/Sharing-Platforms-or-Symbiosis-Intermediate-PT.pdf\" target=\"_blank\" rel=\"noopener\">Intermedi\u00e1rio<\/a><\/p>\n<p><a class=\"uk-button uk-button-primary\" href=\"https:\/\/elearning.learningcircleproject.eu\/wp-content\/uploads\/2023\/06\/4.-Sharing-Platforms-or-Industrial-Symbiosis-PT.pdf\" target=\"_blank\" rel=\"noopener\">Infogr\u00e1fico<br \/>\n<\/a><\/p>\n<\/div>\n<\/div>\n<hr>\n<div>\n<h3>Produto como um servi\u00e7o<\/h3>\n<div>\n<p><a class=\"uk-button uk-button-primary\" href=\"https:\/\/elearning.learningcircleproject.eu\/wp-content\/uploads\/2023\/06\/Product-as-a-Service-Advanced-PT.pdf\" target=\"_blank\" rel=\"noopener\">Avan\u00e7ado<\/a><\/p>\n<p><a class=\"uk-button uk-button-primary\" href=\"https:\/\/elearning.learningcircleproject.eu\/wp-content\/uploads\/2023\/06\/Product-as-A-Service-Intermediate-PT.pdf\" target=\"_blank\" rel=\"noopener\">Intermedi\u00e1rio<\/a><\/p>\n<p><a class=\"uk-button uk-button-primary\" href=\"https:\/\/elearning.learningcircleproject.eu\/wp-content\/uploads\/2023\/06\/5.-Product-As-A-Service-PT.pdf\" target=\"_blank\" rel=\"noopener\">Infogr\u00e1fico<br \/>\n<\/a><\/p>\n<\/div>\n<\/div>\n<p><!--more--><br \/>\n<!-- {\"type\":\"layout\",\"children\":[{\"type\":\"section\",\"props\":{\"style\":\"muted\",\"width\":\"default\",\"vertical_align\":\"middle\",\"title_position\":\"top-left\",\"title_rotation\":\"left\",\"title_breakpoint\":\"xl\",\"image_position\":\"center-center\",\"padding_remove_top\":false,\"animation\":\"fade\",\"animation_delay\":\"200\"},\"children\":[{\"type\":\"row\",\"children\":[{\"type\":\"column\",\"props\":{\"position_sticky_breakpoint\":\"m\",\"image_position\":\"center-center\",\"media_overlay_gradient\":\"\"},\"children\":[{\"type\":\"headline\",\"props\":{\"title_element\":\"h1\",\"title_style\":\"h1\",\"text_align\":\"left\"},\"name\":\"headline-pages\",\"source\":{\"query\":{\"name\":\"pages.singlePage\"},\"props\":{\"content\":{\"filters\":{\"search\":\"\"},\"name\":\"title\"}}}}]}]},{\"type\":\"row\",\"children\":[{\"type\":\"column\",\"props\":{\"position_sticky_breakpoint\":\"m\",\"image_position\":\"center-center\",\"media_overlay_gradient\":\"\"},\"children\":[{\"type\":\"text\",\"props\":{\"margin\":\"default\",\"column_breakpoint\":\"m\",\"content\":\"\n\n<p>EduZines e Infografias Interactivas para Modelos de Neg\\u00f3cio da Economia Circular que trar\\u00e3o oportunidades de aprendizagem aos empres\\u00e1rios inovadores da economia circular nos seus smartphones. Ser\\u00e3o desenvolvidas EduZines e infografias interactivas para cada um dos 5 MBC mais comuns, como se segue:<\\\/p>\\n\n\n<ol>\\n\n\n<li>Fornecimentos circulares ou reciclagem em circuito fechado<\\\/li>\\n\n\n<li>Recupera\\u00e7\\u00e3o de recursos ou reciclagem<\\\/li>\\n\n\n<li>Prolongamento da vida \\u00fatil do produto ou reciclagem (upcycling)<\\\/li>\\n\n\n<li>Plataformas de partilha ou simbiose industrial<\\\/li>\\n\n\n<li>Produto como um servi\\u00e7o<\\\/li>\\n<\\\/ol>\"}}]}]},{\"type\":\"row\",\"children\":[{\"type\":\"column\",\"props\":{\"position_sticky_breakpoint\":\"m\",\"image_position\":\"center-center\",\"media_overlay_gradient\":\"\",\"width_medium\":\"1-2\"},\"children\":[{\"name\":\"Panel Image Left\",\"type\":\"panel\",\"children\":null,\"props\":{\"link_text\":\"\",\"title_hover_style\":\"reset\",\"title_element\":\"h3\",\"title_align\":\"top\",\"title_grid_width\":\"1-2\",\"title_grid_breakpoint\":\"m\",\"meta_style\":\"text-meta\",\"meta_align\":\"above-title\",\"meta_element\":\"div\",\"content_column_breakpoint\":\"m\",\"icon_width\":80,\"image_align\":\"left\",\"image_grid_width\":\"2-5\",\"image_grid_breakpoint\":\"s\",\"image_svg_color\":\"emphasis\",\"link_style\":\"primary\",\"margin\":\"default\",\"title\":\"Fornecimentos circulares ou reciclagem em circuito fechado\",\"meta\":\"\",\"content\":\"\n\n<p><a class=\\\"uk-button uk-button-primary\\\" href=\\\"https:\\\/\\\/elearning.learningcircleproject.eu\\\/wp-content\\\/uploads\\\/2023\\\/06\\\/Closed-Loop-Recycling-Advanced-PT.pdf\\\" target=\\\"_blank\\\" rel=\\\"noopener\\\">Avan\\u00e7ado<\\\/a><\\\/p>\\n\n\n<p><a class=\\\"uk-button uk-button-primary\\\" href=\\\"https:\\\/\\\/elearning.learningcircleproject.eu\\\/wp-content\\\/uploads\\\/2023\\\/06\\\/Closed-Loop-Recycling-Intermediate-PT.pdf\\\" target=\\\"_blank\\\" rel=\\\"noopener\\\">Intermedi\\u00e1rio<\\\/a><\\\/p>\\n\n\n<p><a class=\\\"uk-button uk-button-primary\\\" href=\\\"https:\\\/\\\/elearning.learningcircleproject.eu\\\/wp-content\\\/uploads\\\/2023\\\/07\\\/1.-Circular-Supplies-PT.pdf\\\" target=\\\"_blank\\\" rel=\\\"noopener\\\">Infogr\\u00e1fico <\\\/a><\\\/p>\",\"image\":\"\",\"link\":\"\",\"panel_style\":\"tile-secondary\",\"link_margin\":\"medium\",\"meta_margin\":\"small\",\"title_margin\":\"small\",\"image_width\":\"960\",\"content_margin\":\"small\",\"image_vertical_align\":true,\"block_align\":\"center\",\"image_height\":\"1280\",\"panel_image_no_padding\":true,\"panel_padding\":\"default\",\"panel_link\":false}}]},{\"type\":\"column\",\"props\":{\"position_sticky_breakpoint\":\"m\",\"image_position\":\"center-center\",\"media_overlay_gradient\":\"\",\"width_medium\":\"1-2\"},\"children\":[{\"name\":\"Panel Image Left\",\"type\":\"panel\",\"children\":null,\"props\":{\"link_text\":\"Read more\",\"title_hover_style\":\"reset\",\"title_element\":\"h3\",\"title_align\":\"top\",\"title_grid_width\":\"1-2\",\"title_grid_breakpoint\":\"m\",\"meta_style\":\"text-meta\",\"meta_align\":\"above-title\",\"meta_element\":\"div\",\"content_column_breakpoint\":\"m\",\"icon_width\":80,\"image_align\":\"left\",\"image_grid_width\":\"2-5\",\"image_grid_breakpoint\":\"s\",\"image_svg_color\":\"emphasis\",\"link_style\":\"primary\",\"margin\":\"default\",\"title\":\"Recupera\\u00e7\\u00e3o de recursos ou reciclagem\",\"meta\":\"\",\"content\":\"\n\n<p><a class=\\\"uk-button uk-button-primary\\\" href=\\\"https:\\\/\\\/elearning.learningcircleproject.eu\\\/wp-content\\\/uploads\\\/2023\\\/06\\\/Resource-Recovery-Advanced-PT.pdf\\\" target=\\\"_blank\\\" rel=\\\"noopener\\\">Avan\\u00e7ado<\\\/a><\\\/p>\\n\n\n<p><a class=\\\"uk-button uk-button-primary\\\" href=\\\"https:\\\/\\\/elearning.learningcircleproject.eu\\\/wp-content\\\/uploads\\\/2023\\\/06\\\/Resource-Recovery-Intermediate-PT.pdf\\\" target=\\\"_blank\\\" rel=\\\"noopener\\\">Intermedi\\u00e1rio<\\\/a><\\\/p>\\n\\n\n\n<p><a class=\\\"uk-button uk-button-primary\\\" href=\\\"https:\\\/\\\/elearning.learningcircleproject.eu\\\/wp-content\\\/uploads\\\/2023\\\/06\\\/2.-Resource-Recovery-or-Down-cycling-PT.pdf\\\" target=\\\"_blank\\\" rel=\\\"noopener\\\">Infogr\\u00e1fico\\n<\\\/a><\\\/p>\",\"image\":\"\",\"link\":\"\",\"panel_style\":\"tile-primary\",\"link_margin\":\"medium\",\"meta_margin\":\"small\",\"title_margin\":\"small\",\"image_width\":\"960\",\"content_margin\":\"small\",\"image_vertical_align\":true,\"block_align\":\"center\",\"image_height\":\"1280\",\"panel_image_no_padding\":true,\"panel_padding\":\"default\",\"panel_link\":true}}]}],\"props\":{\"layout\":\"1-2,1-2\"}},{\"type\":\"row\",\"children\":[{\"type\":\"column\",\"props\":{\"position_sticky_breakpoint\":\"m\",\"image_position\":\"center-center\",\"media_overlay_gradient\":\"\"},\"children\":[{\"name\":\"Divider Style Vertical\",\"type\":\"divider\",\"children\":null,\"props\":{\"divider_element\":\"hr\",\"divider_style\":\"vertical\",\"divider_align\":\"center\",\"visibility\":\"l\"}}]}]},{\"type\":\"row\",\"children\":[{\"type\":\"column\",\"props\":{\"position_sticky_breakpoint\":\"m\",\"image_position\":\"center-center\",\"media_overlay_gradient\":\"\",\"width_medium\":\"1-2\"},\"children\":[{\"name\":\"Panel Image Left\",\"type\":\"panel\",\"children\":null,\"props\":{\"link_text\":\"\",\"title_hover_style\":\"reset\",\"title_element\":\"h3\",\"title_align\":\"top\",\"title_grid_width\":\"1-2\",\"title_grid_breakpoint\":\"m\",\"meta_style\":\"text-meta\",\"meta_align\":\"above-title\",\"meta_element\":\"div\",\"content_column_breakpoint\":\"m\",\"icon_width\":80,\"image_align\":\"left\",\"image_grid_width\":\"2-5\",\"image_grid_breakpoint\":\"s\",\"image_svg_color\":\"emphasis\",\"link_style\":\"primary\",\"margin\":\"default\",\"title\":\"Prolongamento da vida \\u00fatil do produto ou reciclagem (upcycling)\",\"meta\":\"\",\"content\":\"\n\n<p><a class=\\\"uk-button uk-button-primary\\\" href=\\\"https:\\\/\\\/elearning.learningcircleproject.eu\\\/wp-content\\\/uploads\\\/2023\\\/07\\\/PLE-or-Upcycling-Advanced-PT.pdf\\\" target=\\\"_blank\\\" rel=\\\"noopener\\\">Avan\\u00e7ado<\\\/a><\\\/p>\\n\n\n<p><a class=\\\"uk-button uk-button-primary\\\" href=\\\"https:\\\/\\\/elearning.learningcircleproject.eu\\\/wp-content\\\/uploads\\\/2023\\\/07\\\/PLE-or-Upcycling-Intermediate-PT.pdf\\\" target=\\\"_blank\\\" rel=\\\"noopener\\\">Intermedi\\u00e1rio<\\\/a><\\\/p>\\n\n\n<p><a class=\\\"uk-button uk-button-primary\\\" href=\\\"https:\\\/\\\/elearning.learningcircleproject.eu\\\/wp-content\\\/uploads\\\/2023\\\/06\\\/3.-Product-Life-Extension-or-Upcycling-PT.pdf\\\" target=\\\"_blank\\\" rel=\\\"noopener\\\">Infogr\\u00e1fico <\\\/a><\\\/p>\",\"image\":\"\",\"link\":\"\",\"panel_style\":\"tile-primary\",\"link_margin\":\"medium\",\"meta_margin\":\"small\",\"title_margin\":\"small\",\"image_width\":\"960\",\"content_margin\":\"small\",\"image_vertical_align\":true,\"block_align\":\"center\",\"image_height\":\"1280\",\"panel_image_no_padding\":true,\"panel_padding\":\"default\",\"panel_link\":true}}]},{\"type\":\"column\",\"props\":{\"position_sticky_breakpoint\":\"m\",\"image_position\":\"center-center\",\"media_overlay_gradient\":\"\",\"width_medium\":\"1-2\"},\"children\":[{\"name\":\"Panel Image Left\",\"type\":\"panel\",\"children\":null,\"props\":{\"link_text\":\"Read more\",\"title_hover_style\":\"reset\",\"title_element\":\"h3\",\"title_align\":\"top\",\"title_grid_width\":\"1-2\",\"title_grid_breakpoint\":\"m\",\"meta_style\":\"text-meta\",\"meta_align\":\"above-title\",\"meta_element\":\"div\",\"content_column_breakpoint\":\"m\",\"icon_width\":80,\"image_align\":\"left\",\"image_grid_width\":\"2-5\",\"image_grid_breakpoint\":\"s\",\"image_svg_color\":\"emphasis\",\"link_style\":\"primary\",\"margin\":\"default\",\"title\":\"Plataformas de partilha ou simbiose industrial\",\"meta\":\"\",\"content\":\"\n\n<p><a class=\\\"uk-button uk-button-primary\\\" href=\\\"https:\\\/\\\/elearning.learningcircleproject.eu\\\/wp-content\\\/uploads\\\/2023\\\/06\\\/Sharing-Platforms-or-Symbiosis-Advanced-PT.pdf\\\" target=\\\"_blank\\\" rel=\\\"noopener\\\">Avan\\u00e7ado<\\\/a><\\\/p>\\n\n\n<p><a class=\\\"uk-button uk-button-primary\\\" href=\\\"https:\\\/\\\/elearning.learningcircleproject.eu\\\/wp-content\\\/uploads\\\/2023\\\/06\\\/Sharing-Platforms-or-Symbiosis-Intermediate-PT.pdf\\\" target=\\\"_blank\\\" rel=\\\"noopener\\\">Intermedi\\u00e1rio<\\\/a><\\\/p>\\n\\n\n\n<p><a class=\\\"uk-button uk-button-primary\\\" href=\\\"https:\\\/\\\/elearning.learningcircleproject.eu\\\/wp-content\\\/uploads\\\/2023\\\/06\\\/4.-Sharing-Platforms-or-Industrial-Symbiosis-PT.pdf\\\" target=\\\"_blank\\\" rel=\\\"noopener\\\">Infogr\\u00e1fico\\n<\\\/a><\\\/p>\",\"image\":\"\",\"link\":\"\",\"panel_style\":\"tile-secondary\",\"link_margin\":\"medium\",\"meta_margin\":\"small\",\"title_margin\":\"small\",\"image_width\":\"960\",\"content_margin\":\"small\",\"image_vertical_align\":true,\"block_align\":\"center\",\"image_height\":\"1280\",\"panel_image_no_padding\":true,\"panel_padding\":\"default\",\"panel_link\":true}}]}],\"props\":{\"layout\":\"1-2,1-2\"}},{\"type\":\"row\",\"children\":[{\"type\":\"column\",\"props\":{\"position_sticky_breakpoint\":\"m\",\"image_position\":\"center-center\",\"media_overlay_gradient\":\"\"},\"children\":[{\"name\":\"Divider Style Vertical\",\"type\":\"divider\",\"children\":null,\"props\":{\"divider_element\":\"hr\",\"divider_style\":\"vertical\",\"divider_align\":\"center\",\"visibility\":\"l\"}}]}]},{\"type\":\"row\",\"children\":[{\"type\":\"column\",\"props\":{\"position_sticky_breakpoint\":\"m\",\"image_position\":\"center-center\",\"media_overlay_gradient\":\"\",\"width_medium\":\"1-2\"},\"children\":[{\"name\":\"Panel Image Left\",\"type\":\"panel\",\"children\":null,\"props\":{\"link_text\":\"Read more\",\"title_hover_style\":\"reset\",\"title_element\":\"h3\",\"title_align\":\"top\",\"title_grid_width\":\"1-2\",\"title_grid_breakpoint\":\"m\",\"meta_style\":\"text-meta\",\"meta_align\":\"above-title\",\"meta_element\":\"div\",\"content_column_breakpoint\":\"m\",\"icon_width\":80,\"image_align\":\"left\",\"image_grid_width\":\"2-5\",\"image_grid_breakpoint\":\"s\",\"image_svg_color\":\"emphasis\",\"link_style\":\"primary\",\"margin\":\"default\",\"title\":\"Produto como um servi\\u00e7o\",\"meta\":\"\",\"content\":\"\n\n<p><a class=\\\"uk-button uk-button-primary\\\" href=\\\"https:\\\/\\\/elearning.learningcircleproject.eu\\\/wp-content\\\/uploads\\\/2023\\\/06\\\/Product-as-a-Service-Advanced-PT.pdf\\\" target=\\\"_blank\\\" rel=\\\"noopener\\\">Avan\\u00e7ado<\\\/a><\\\/p>\\n\n\n<p><a class=\\\"uk-button uk-button-primary\\\" href=\\\"https:\\\/\\\/elearning.learningcircleproject.eu\\\/wp-content\\\/uploads\\\/2023\\\/06\\\/Product-as-A-Service-Intermediate-PT.pdf\\\" target=\\\"_blank\\\" rel=\\\"noopener\\\">Intermedi\\u00e1rio<\\\/a><\\\/p>\\n\\n\n\n<p><a class=\\\"uk-button uk-button-primary\\\" href=\\\"https:\\\/\\\/elearning.learningcircleproject.eu\\\/wp-content\\\/uploads\\\/2023\\\/06\\\/5.-Product-As-A-Service-PT.pdf\\\" target=\\\"_blank\\\" rel=\\\"noopener\\\">Infogr\\u00e1fico\\n<\\\/a><\\\/p>\",\"image\":\"\",\"link\":\"\",\"panel_style\":\"tile-secondary\",\"link_margin\":\"medium\",\"meta_margin\":\"small\",\"title_margin\":\"small\",\"image_width\":\"960\",\"content_margin\":\"small\",\"image_vertical_align\":true,\"block_align\":\"center\",\"image_height\":\"1280\",\"panel_image_no_padding\":true,\"panel_padding\":\"default\",\"panel_link\":true}}]},{\"type\":\"column\",\"props\":{\"position_sticky_breakpoint\":\"m\",\"image_position\":\"center-center\",\"media_overlay_gradient\":\"\",\"width_medium\":\"1-2\"},\"children\":[]}],\"props\":{\"layout\":\"1-2,1-2\"}}]}],\"version\":\"3.0.9\"} --><\/p>\n","protected":false},"excerpt":{"rendered":"<p>EduZines e Infografias Interactivas para Modelos de Neg\u00f3cio da Economia Circular que trar\u00e3o oportunidades de aprendizagem aos empres\u00e1rios inovadores da economia circular nos seus smartphones&#8230;<\/p>\n","protected":false},"author":1,"featured_media":0,"parent":0,"menu_order":0,"comment_status":"closed","ping_status":"closed","template":"","meta":{"_acf_changed":false,"inline_featured_image":false,"footnotes":""},"class_list":["post-1514","page","type-page","status-publish","hentry"],"acf":[],"_links":{"self":[{"href":"https:\/\/elearning.learningcircleproject.eu\/pt-pt\/wp-json\/wp\/v2\/pages\/1514","targetHints":{"allow":["GET"]}}],"collection":[{"href":"https:\/\/elearning.learningcircleproject.eu\/pt-pt\/wp-json\/wp\/v2\/pages"}],"about":[{"href":"https:\/\/elearning.learningcircleproject.eu\/pt-pt\/wp-json\/wp\/v2\/types\/page"}],"author":[{"embeddable":true,"href":"https:\/\/elearning.learningcircleproject.eu\/pt-pt\/wp-json\/wp\/v2\/users\/1"}],"replies":[{"embeddable":true,"href":"https:\/\/elearning.learningcircleproject.eu\/pt-pt\/wp-json\/wp\/v2\/comments?post=1514"}],"version-history":[{"count":17,"href":"https:\/\/elearning.learningcircleproject.eu\/pt-pt\/wp-json\/wp\/v2\/pages\/1514\/revisions"}],"predecessor-version":[{"id":5581,"href":"https:\/\/elearning.learningcircleproject.eu\/pt-pt\/wp-json\/wp\/v2\/pages\/1514\/revisions\/5581"}],"wp:attachment":[{"href":"https:\/\/elearning.learningcircleproject.eu\/pt-pt\/wp-json\/wp\/v2\/media?parent=1514"}],"curies":[{"name":"wp","href":"https:\/\/api.w.org\/{rel}","templated":true}]}}