{"id":1537,"date":"2023-05-25T09:36:23","date_gmt":"2023-05-25T09:36:23","guid":{"rendered":"https:\/\/elearning.learningcircleproject.eu\/part-b\/"},"modified":"2023-06-29T14:58:58","modified_gmt":"2023-06-29T14:58:58","slug":"part-b","status":"publish","type":"page","link":"https:\/\/elearning.learningcircleproject.eu\/lv\/part-b\/","title":{"rendered":"DA\u013bA B &#8211; Izpratne par aprites ekonomiku"},"content":{"rendered":"<div>\n<p>\u0160\u012b apm\u0101c\u012bbu darba viet\u0101 da\u013ca ir v\u0113rsta uz PIA speci\u0101listu digit\u0101lo un pedago\u0123isko prasmju pilnveido\u0161anu, lai vi\u0146i var\u0113tu sniegt kvalitat\u012bvus PIA pakalpojumus, izmantojot pieejamu un interakt\u012bvu tie\u0161saistes vidi, vienlaikus veidojot vi\u0146u pa\u0161p\u0101rliecin\u0101t\u012bbu str\u0101d\u0101t att\u0101lin\u0101t\u0101s m\u0101c\u012bbu vid\u0113s.<\/p>\n<p>Programmas m\u0113r\u0137is ir sniegt PIA pasniedz\u0113jiem padzi\u013cin\u0101tu p\u0101rskatu par tie\u0161saistes m\u0101c\u012bbu priek\u0161roc\u012bb\u0101m un ierobe\u017eojumiem, k\u0101 ar\u012b par da\u017e\u0101d\u0101m m\u0101c\u012bbu metod\u0113m, ko var izmantot virtu\u0101laj\u0101s izgl\u012bt\u012bbas vid\u0113s.<\/p>\n<\/div>\n<h3>Pa\u0161vad\u012bta m\u0101c\u012b\u0161an\u0101s<\/h3>\n<div>\n<p>14 stundas pa\u0161vad\u012btas m\u0101c\u012b\u0161an\u0101s, kas profesion\u0101l\u0101s izgl\u012bt\u012bbas un apm\u0101c\u012bbas pasniedz\u0113jiem b\u016bs j\u0101pabeidz k\u0101 da\u013ca no vi\u0146u autonom\u0101s m\u0101c\u012b\u0161an\u0101s un kuras m\u0113r\u0137is ir padzi\u013cin\u0101t vi\u0146u izpratni par t\u0101m pa\u0161\u0101m t\u0113m\u0101m:<\/p>\n<ul>\n<li>Modulis 1: Ievads tie\u0161saistes m\u0101c\u012b\u0161an\u0101<\/li>\n<li>Modulis 2: Tie\u0161saistes m\u0101c\u012bbu programmu izstr\u0101de<\/li>\n<li>Modulis 3: <span>Studentu iesaist\u012b\u0161an\u0101s tie\u0161saistes m\u0101c\u012bbu vid\u0113<\/span><\/li>\n<li>Modulis 4: Komunik\u0101cija tie\u0161saist\u0113<\/li>\n<li>Modulis 5: Instrumenti tie\u0161saistes m\u0101c\u012bbu materi\u0101lu izstr\u0101dei<\/li>\n<li>Modulis 6: Videoklipu un viktor\u012bnu izveide tie\u0161saistes m\u0101c\u012bb\u0101m<\/li>\n<li>Modulis 7: <span>Mikroapm\u0101c\u012bba<\/span><\/li>\n<li>Modulis 8: <span>Infografikas veido\u0161ana<\/span><\/li>\n<\/ul>\n<\/div>\n<p>\n    <a href=\"\/wp-content\/uploads\/2023\/06\/LEARNING-CIRCLE-In-service-training-programme-Part-B_LAT.pdf\">Lejupiel\u0101d\u0113t Pa\u0161vad\u012bta m\u0101c\u012b\u0161an\u0101s<\/a>\n<\/p>\n<hr>\n<h3>Satikties aci pret aci<\/h3>\n<div>\n<p>Lek\u013cautie resursi, lai pal\u012bdz\u0113tu pasniedz\u0113jiem nodro\u0161in\u0101t \u0161o kl\u0101tienes apm\u0101c\u012bbu.<\/p>\n<\/div>\n<p>\n    <a href=\"\/wp-content\/uploads\/2023\/06\/LEARNING-CIRCLE-FACE-TO-FACE_activities_LAT.pdf\">Lejupiel\u0101des aktivit\u0101tes<\/a>\n<\/p>\n<h4>Prezent\u0101cijas<\/h4>\n<ul>\n<li>\n        <a href=\"\/wp-content\/uploads\/2023\/06\/LEARNING-CIRCLE-IO1_PartB_MODULE-1-Copia.LAT_.pptx\">M1: Ievads tie\u0161saistes m\u0101c\u012b\u0161an\u0101 &#8211; PPT<\/a>\n    <\/li>\n<li>\n        <a href=\"\/wp-content\/uploads\/2023\/06\/LEARNING-CIRCLE-IO1_PartB_MODULE-2-Copia.LAT_.pptx\">M2: Tie\u0161saistes m\u0101c\u012bbu programmu izstr\u0101de &#8211; PPT<\/a>\n    <\/li>\n<li>\n        <a href=\"\/wp-content\/uploads\/2023\/06\/LEARNING-CIRCLE-IO1_PartB_MODULE-3-Copia.LAT_.pptx\">M3: Studentu iesaist\u012b\u0161an\u0101s tie\u0161saistes m\u0101c\u012bbu vid\u0113<\/a>\n    <\/li>\n<li>\n        <a href=\"\/wp-content\/uploads\/2023\/06\/LEARNING-CIRCLE-IO1_PartB_MODULE-4-lv.pptx\">M4: Komunik\u0101cija tie\u0161saist\u0113 &#8211; PPT<\/a>\n    <\/li>\n<\/ul>\n<ul>\n<li>\n        <a href=\"\/wp-content\/uploads\/2023\/06\/LEARNING-CIRCLE-Powerpoint-Template_MODULE-5-lv.pptx\">M5: Instrumenti tie\u0161saistes m\u0101c\u012bbu materi\u0101lu izstr\u0101dei &#8211; PPT<\/a>\n    <\/li>\n<li>\n        <a href=\"\/wp-content\/uploads\/2023\/06\/LEARNING-CIRCLE-Powerpoint-Template_MODULE-6.pptx\">M6: Videoklipu un viktor\u012bnu izveide tie\u0161saistes m\u0101c\u012bb\u0101m &#8211; PPT<\/a>\n    <\/li>\n<li>\n        <a href=\"\/wp-content\/uploads\/2023\/06\/LEARNING-CIRCLE-Powerpoint-Template_MODULE-7.pptx\">M7: Mikroapm\u0101c\u012bba &#8211; PPT<\/a>\n    <\/li>\n<li>\n        <a href=\"\/wp-content\/uploads\/2023\/06\/LEARNING-CIRCLE-Powerpoint-Template_MODULE-8-lv.pptx\">M8: Infografikas veido\u0161ana &#8211; PPT<\/a>\n    <\/li>\n<\/ul>\n<p><!--more--><br \/>\n<!-- {\"type\":\"layout\",\"children\":[{\"type\":\"section\",\"props\":{\"style\":\"default\",\"width\":\"default\",\"vertical_align\":\"middle\",\"title_position\":\"top-left\",\"title_rotation\":\"left\",\"title_breakpoint\":\"xl\",\"image_position\":\"center-center\"},\"children\":[{\"type\":\"row\",\"children\":[{\"type\":\"column\",\"props\":{\"position_sticky_breakpoint\":\"m\",\"image_position\":\"center-center\",\"media_overlay_gradient\":\"\"},\"children\":[{\"type\":\"headline\",\"props\":{\"title_element\":\"h1\"},\"source\":{\"query\":{\"name\":\"pages.singlePage\"},\"props\":{\"content\":{\"filters\":{\"search\":\"\"},\"name\":\"title\"}}}}]}]},{\"type\":\"row\",\"children\":[{\"type\":\"column\",\"props\":{\"position_sticky_breakpoint\":\"m\",\"image_position\":\"center-center\",\"media_overlay_gradient\":\"\"},\"children\":[{\"type\":\"text\",\"props\":{\"margin\":\"default\",\"column_breakpoint\":\"m\",\"content\":\"\n\n<p>\\u0160\\u012b apm\\u0101c\\u012bbu darba viet\\u0101 da\\u013ca ir v\\u0113rsta uz PIA speci\\u0101listu digit\\u0101lo un pedago\\u0123isko prasmju pilnveido\\u0161anu, lai vi\\u0146i var\\u0113tu sniegt kvalitat\\u012bvus PIA pakalpojumus, izmantojot pieejamu un interakt\\u012bvu tie\\u0161saistes vidi, vienlaikus veidojot vi\\u0146u pa\\u0161p\\u0101rliecin\\u0101t\\u012bbu str\\u0101d\\u0101t att\\u0101lin\\u0101t\\u0101s m\\u0101c\\u012bbu vid\\u0113s.<\\\/p>\\n\n\n<p>Programmas m\\u0113r\\u0137is ir sniegt PIA pasniedz\\u0113jiem padzi\\u013cin\\u0101tu p\\u0101rskatu par tie\\u0161saistes m\\u0101c\\u012bbu priek\\u0161roc\\u012bb\\u0101m un ierobe\\u017eojumiem, k\\u0101 ar\\u012b par da\\u017e\\u0101d\\u0101m m\\u0101c\\u012bbu metod\\u0113m, ko var izmantot virtu\\u0101laj\\u0101s izgl\\u012bt\\u012bbas vid\\u0113s.<\\\/p>\"}}]}]},{\"type\":\"row\",\"children\":[{\"type\":\"column\",\"props\":{\"position_sticky_breakpoint\":\"m\",\"image_position\":\"center-center\",\"media_overlay_gradient\":\"\"},\"children\":[{\"type\":\"headline\",\"props\":{\"title_element\":\"h3\",\"content\":\"Pa\\u0161vad\\u012bta m\\u0101c\\u012b\\u0161an\\u0101s\"}},{\"type\":\"text\",\"props\":{\"margin\":\"default\",\"column_breakpoint\":\"m\",\"content\":\"\n\n<p>14 stundas pa\\u0161vad\\u012btas m\\u0101c\\u012b\\u0161an\\u0101s, kas profesion\\u0101l\\u0101s izgl\\u012bt\\u012bbas un apm\\u0101c\\u012bbas pasniedz\\u0113jiem b\\u016bs j\\u0101pabeidz k\\u0101 da\\u013ca no vi\\u0146u autonom\\u0101s m\\u0101c\\u012b\\u0161an\\u0101s un kuras m\\u0113r\\u0137is ir padzi\\u013cin\\u0101t vi\\u0146u izpratni par t\\u0101m pa\\u0161\\u0101m t\\u0113m\\u0101m:<\\\/p>\\n\n\n<ul>\\n\n\n<li>Modulis 1: Ievads tie\\u0161saistes m\\u0101c\\u012b\\u0161an\\u0101<\\\/li>\\n\n\n<li>Modulis 2: Tie\\u0161saistes m\\u0101c\\u012bbu programmu izstr\\u0101de<\\\/li>\\n\n\n<li>Modulis 3: <span>Studentu iesaist\\u012b\\u0161an\\u0101s tie\\u0161saistes m\\u0101c\\u012bbu vid\\u0113<\\\/span><\\\/li>\\n\n\n<li>Modulis 4: Komunik\\u0101cija tie\\u0161saist\\u0113<\\\/li>\\n\n\n<li>Modulis 5: Instrumenti tie\\u0161saistes m\\u0101c\\u012bbu materi\\u0101lu izstr\\u0101dei<\\\/li>\\n\n\n<li>Modulis 6: Videoklipu un viktor\\u012bnu izveide tie\\u0161saistes m\\u0101c\\u012bb\\u0101m<\\\/li>\\n\n\n<li>Modulis 7: <span>Mikroapm\\u0101c\\u012bba<\\\/span><\\\/li>\\n\n\n<li>Modulis 8: <span>Infografikas veido\\u0161ana<\\\/span><\\\/li>\\n<\\\/ul>\"}},{\"type\":\"button\",\"props\":{\"grid_column_gap\":\"small\",\"grid_row_gap\":\"small\",\"margin\":\"default\"},\"children\":[{\"type\":\"button_item\",\"props\":{\"button_style\":\"default\",\"icon_align\":\"left\",\"content\":\"Lejupiel\\u0101d\\u0113t Pa\\u0161vad\\u012bta m\\u0101c\\u012b\\u0161an\\u0101s\",\"link\":\"wp-content\\\/uploads\\\/2023\\\/06\\\/LEARNING-CIRCLE-In-service-training-programme-Part-B_LAT.pdf\",\"link_target\":\"blank\"}}]}]}]},{\"type\":\"row\",\"children\":[{\"type\":\"column\",\"props\":{\"position_sticky_breakpoint\":\"m\",\"image_position\":\"center-center\",\"media_overlay_gradient\":\"\"},\"children\":[{\"type\":\"divider\",\"props\":{\"divider_element\":\"hr\"}}]}]},{\"type\":\"row\",\"children\":[{\"type\":\"column\",\"props\":{\"position_sticky_breakpoint\":\"m\",\"image_position\":\"center-center\",\"media_overlay_gradient\":\"\"},\"children\":[{\"type\":\"headline\",\"props\":{\"title_element\":\"h3\",\"content\":\"Satikties aci pret aci\"}},{\"type\":\"text\",\"props\":{\"margin\":\"default\",\"column_breakpoint\":\"m\",\"content\":\"\n\n<p>Lek\\u013cautie resursi, lai pal\\u012bdz\\u0113tu pasniedz\\u0113jiem nodro\\u0161in\\u0101t \\u0161o kl\\u0101tienes apm\\u0101c\\u012bbu.<\\\/p>\"}},{\"type\":\"button\",\"props\":{\"grid_column_gap\":\"small\",\"grid_row_gap\":\"small\",\"margin\":\"default\"},\"children\":[{\"type\":\"button_item\",\"props\":{\"button_style\":\"default\",\"icon_align\":\"left\",\"content\":\"Lejupiel\\u0101des aktivit\\u0101tes\",\"link\":\"wp-content\\\/uploads\\\/2023\\\/06\\\/LEARNING-CIRCLE-FACE-TO-FACE_activities_LAT.pdf\",\"link_target\":\"blank\"}}]},{\"type\":\"headline\",\"props\":{\"title_element\":\"h4\",\"content\":\"Prezent\\u0101cijas\",\"margin_remove_top\":true}}]}]},{\"type\":\"row\",\"props\":{\"margin\":\"small\",\"column_gap\":\"collapse\"},\"children\":[{\"type\":\"column\",\"props\":{\"position_sticky_breakpoint\":\"m\",\"image_position\":\"center-center\",\"media_overlay_gradient\":\"\",\"width_medium\":\"\"},\"children\":[{\"type\":\"button\",\"props\":{\"grid_column_gap\":\"small\",\"grid_row_gap\":\"small\",\"margin\":\"default\"},\"children\":[{\"type\":\"button_item\",\"props\":{\"button_style\":\"default\",\"icon_align\":\"left\",\"content\":\"M1: Ievads tie\\u0161saistes m\\u0101c\\u012b\\u0161an\\u0101 - PPT\",\"link\":\"wp-content\\\/uploads\\\/2023\\\/06\\\/LEARNING-CIRCLE-IO1_PartB_MODULE-1-Copia.LAT_.pptx\"}},{\"type\":\"button_item\",\"props\":{\"button_style\":\"default\",\"icon_align\":\"left\",\"content\":\"M2: Tie\\u0161saistes m\\u0101c\\u012bbu programmu izstr\\u0101de - PPT\",\"link\":\"wp-content\\\/uploads\\\/2023\\\/06\\\/LEARNING-CIRCLE-IO1_PartB_MODULE-2-Copia.LAT_.pptx\"}},{\"type\":\"button_item\",\"props\":{\"button_style\":\"default\",\"icon_align\":\"left\",\"content\":\"M3: Studentu iesaist\\u012b\\u0161an\\u0101s tie\\u0161saistes m\\u0101c\\u012bbu vid\\u0113\",\"link\":\"wp-content\\\/uploads\\\/2023\\\/06\\\/LEARNING-CIRCLE-IO1_PartB_MODULE-3-Copia.LAT_.pptx\"}},{\"type\":\"button_item\",\"props\":{\"button_style\":\"default\",\"icon_align\":\"left\",\"content\":\"M4: Komunik\\u0101cija tie\\u0161saist\\u0113 - PPT\",\"link\":\"wp-content\\\/uploads\\\/2023\\\/06\\\/LEARNING-CIRCLE-IO1_PartB_MODULE-4-lv.pptx\"}}]},{\"type\":\"button\",\"props\":{\"grid_column_gap\":\"small\",\"grid_row_gap\":\"small\",\"margin\":\"default\"},\"children\":[{\"type\":\"button_item\",\"props\":{\"button_style\":\"default\",\"icon_align\":\"left\",\"content\":\"M5: Instrumenti tie\\u0161saistes m\\u0101c\\u012bbu materi\\u0101lu izstr\\u0101dei - PPT\",\"link\":\"wp-content\\\/uploads\\\/2023\\\/06\\\/LEARNING-CIRCLE-Powerpoint-Template_MODULE-5-lv.pptx\"}},{\"type\":\"button_item\",\"props\":{\"button_style\":\"default\",\"icon_align\":\"left\",\"content\":\"M6: Videoklipu un viktor\\u012bnu izveide tie\\u0161saistes m\\u0101c\\u012bb\\u0101m - PPT\",\"link\":\"wp-content\\\/uploads\\\/2023\\\/06\\\/LEARNING-CIRCLE-Powerpoint-Template_MODULE-6.pptx\"}},{\"type\":\"button_item\",\"props\":{\"button_style\":\"default\",\"icon_align\":\"left\",\"content\":\"M7: Mikroapm\\u0101c\\u012bba - PPT\",\"link\":\"wp-content\\\/uploads\\\/2023\\\/06\\\/LEARNING-CIRCLE-Powerpoint-Template_MODULE-7.pptx\"}},{\"type\":\"button_item\",\"props\":{\"button_style\":\"default\",\"icon_align\":\"left\",\"content\":\"M8: Infografikas veido\\u0161ana - PPT\",\"link\":\"wp-content\\\/uploads\\\/2023\\\/06\\\/LEARNING-CIRCLE-Powerpoint-Template_MODULE-8-lv.pptx\"}}]}]}]}]}],\"version\":\"3.0.9\"} --><\/p>\n","protected":false},"excerpt":{"rendered":"<p>\u0160\u012b apm\u0101c\u012bbu darba viet\u0101 da\u013ca ir v\u0113rsta uz PIA speci\u0101listu digit\u0101lo un pedago\u0123isko prasmju pilnveido\u0161anu, lai vi\u0146i var\u0113tu sniegt kvalitat\u012bvus PIA pakalpojumus, izmantojot pieejamu un..<\/p>\n","protected":false},"author":1,"featured_media":0,"parent":0,"menu_order":0,"comment_status":"closed","ping_status":"closed","template":"","meta":{"_acf_changed":false,"inline_featured_image":false,"footnotes":""},"class_list":["post-1537","page","type-page","status-publish","hentry"],"acf":[],"_links":{"self":[{"href":"https:\/\/elearning.learningcircleproject.eu\/lv\/wp-json\/wp\/v2\/pages\/1537","targetHints":{"allow":["GET"]}}],"collection":[{"href":"https:\/\/elearning.learningcircleproject.eu\/lv\/wp-json\/wp\/v2\/pages"}],"about":[{"href":"https:\/\/elearning.learningcircleproject.eu\/lv\/wp-json\/wp\/v2\/types\/page"}],"author":[{"embeddable":true,"href":"https:\/\/elearning.learningcircleproject.eu\/lv\/wp-json\/wp\/v2\/users\/1"}],"replies":[{"embeddable":true,"href":"https:\/\/elearning.learningcircleproject.eu\/lv\/wp-json\/wp\/v2\/comments?post=1537"}],"version-history":[{"count":28,"href":"https:\/\/elearning.learningcircleproject.eu\/lv\/wp-json\/wp\/v2\/pages\/1537\/revisions"}],"predecessor-version":[{"id":4598,"href":"https:\/\/elearning.learningcircleproject.eu\/lv\/wp-json\/wp\/v2\/pages\/1537\/revisions\/4598"}],"wp:attachment":[{"href":"https:\/\/elearning.learningcircleproject.eu\/lv\/wp-json\/wp\/v2\/media?parent=1537"}],"curies":[{"name":"wp","href":"https:\/\/api.w.org\/{rel}","templated":true}]}}