{"id":1531,"date":"2023-05-25T09:12:10","date_gmt":"2023-05-25T09:12:10","guid":{"rendered":"https:\/\/elearning.learningcircleproject.eu\/part-a\/"},"modified":"2023-06-29T14:58:39","modified_gmt":"2023-06-29T14:58:39","slug":"part-a","status":"publish","type":"page","link":"https:\/\/elearning.learningcircleproject.eu\/lv\/part-a\/","title":{"rendered":"DA\u013bA A &#8211; Uz\u0146\u0113m\u0113jdarb\u012bbas gara veido\u0161ana"},"content":{"rendered":"<div>\n<p>Pirm\u0101 da\u013ca pal\u012bdz att\u012bst\u012bt profesion\u0101l\u0101s izgl\u012bt\u012bbas un apm\u0101c\u012bbas pasniedz\u0113ju prasmes:<\/p>\n<ol>\n<li>veidot uz\u0146\u0113m\u0113ju garu PIA pasniedz\u0113ju m\u0113r\u0137a grup\u0101<\/li>\n<li>veidot izpratni par aprites ekonomiku<\/li>\n<\/ol>\n<\/div>\n<h3>Pa\u0161vad\u012bta m\u0101c\u012b\u0161an\u0101s<\/h3>\n<div>\n<p>\u0160aj\u0101 rokasgr\u0101mat\u0101 \u0161is saturs ir izkl\u0101st\u012bts k\u0101 virkne pa\u0161m\u0101c\u012bbas modu\u013cu, kas ietver galveno teor\u0113tisko saturu, gad\u012bjumu izp\u0113ti, papildu las\u0101mvielu un saites uz \u012bsiem ievada video resursiem, kas profesion\u0101l\u0101s izgl\u012bt\u012bbas un apm\u0101c\u012bbas pasniedz\u0113jiem sniegs \u012bsu p\u0101rskatu par t\u0113m\u0101m un kurus profesion\u0101l\u0101s izgl\u012bt\u012bbas un apm\u0101c\u012bbas pasniedz\u0113ji var\u0113tu noskat\u012bties, pirms vi\u0146i s\u0101k apg\u016bt pa\u0161m\u0101c\u012bbas modu\u013cus.<\/p>\n<ul>\n<li>Modulis 1: Uz\u0146\u0113m\u0113jdarb\u012bba un soci\u0101l\u0101 uz\u0146\u0113m\u0113jdarb\u012bba<\/li>\n<li>Modulis 2: Aprites ekonomika pret line\u0101ro ekonomiku<\/li>\n<li>Modulis 3: Aprites uz\u0146\u0113m\u0113jdarb\u012bbas mode\u013ci<\/li>\n<li>Modulis 4: Lab\u0101k\u0101 prakse CE un soci\u0101l\u0101s uz\u0146\u0113m\u0113jdarb\u012bbas jom\u0101<\/li>\n<li>Modulis 5: Tirgus izp\u0113te: Metodes un r\u012bki<\/li>\n<li>Modulis 6: K\u0101 izveidot uz\u0146\u0113m\u0113jdarb\u012bbas pl\u0101nu<\/li>\n<li>Modulis 7: <span>Finans\u0113jums aprites ekonomikas uz\u0146\u0113m\u0113jiem<\/span><\/li>\n<li>Modulis 8: Sadarb\u012bbas partneru mekl\u0113\u0161ana &#8211; t\u012bkla papla\u0161in\u0101\u0161ana<\/li>\n<\/ul>\n<\/div>\n<p>\n    <a href=\"\/wp-content\/uploads\/2023\/06\/LEARNING-CIRCLE-In-service-training-programme-Part-A_self-directed-learning_final_EN-lv.pdf\">Lejupiel\u0101d\u0113t Pa\u0161vad\u012bta m\u0101c\u012b\u0161an\u0101s<\/a>\n<\/p>\n<hr>\n<h3>Satikties aci pret ac<\/h3>\n<div>\n<p>Lek\u013cautie resursi, lai pal\u012bdz\u0113tu pasniedz\u0113jiem nodro\u0161in\u0101t \u0161o kl\u0101tienes apm\u0101c\u012bbu.<\/p>\n<\/div>\n<p>\n    <a href=\"\/wp-content\/uploads\/2023\/06\/LEARNING-CIRCLE-In-service-training-programme-Part-A_f2f-modules_final-lv.pdf\">Lejupiel\u0101des aktivit\u0101tes<\/a>\n<\/p>\n<h4>Prezent\u0101cijas<\/h4>\n<ul>\n<li>\n        <a href=\"\/wp-content\/uploads\/2023\/06\/LEARNING-CIRCLE-In-service-training-Programme_Module-1_PPT1-lv.pptx\">M1: Uz\u0146\u0113m\u0113jdarb\u012bba un soci\u0101l\u0101 uz\u0146\u0113m\u0113jdarb\u012bba &#8211; PPT 1<\/a>\n    <\/li>\n<li>\n        <a href=\"\/wp-content\/uploads\/2023\/06\/LEARNING-CIRCLE-In-service-training-Programme_Module-1_PPT2-lv.pptx\">M1: Uz\u0146\u0113m\u0113jdarb\u012bba un soci\u0101l\u0101 uz\u0146\u0113m\u0113jdarb\u012bba &#8211; PPT 2<\/a>\n    <\/li>\n<li>\n        <a href=\"\/wp-content\/uploads\/2023\/06\/LEARNING-CIRCLE-In-service-training-Programme_Module-1_PPT3.pptx\">M1: Uz\u0146\u0113m\u0113jdarb\u012bba un soci\u0101l\u0101 uz\u0146\u0113m\u0113jdarb\u012bba &#8211; PPT 3<\/a>\n    <\/li>\n<li>\n        <a href=\"\/wp-content\/uploads\/2023\/06\/LEARNING-CIRCLE-In-service-training-Programme_Module-2_PPT1.pptx\">M2: Aprites ekonomika pret line\u0101ro ekonomiku &#8211; PPT 1<\/a>\n    <\/li>\n<li>\n        <a href=\"\/wp-content\/uploads\/2023\/06\/LEARNING-CIRCLE-In-service-training-Programme_Module-2_PPT2.pptx\">M2: Aprites ekonomika pret line\u0101ro ekonomiku &#8211; PPT 2<\/a>\n    <\/li>\n<\/ul>\n<ul>\n<li>\n        <a href=\"\/wp-content\/uploads\/2023\/06\/LEARNING-CIRCLE-In-service-training-Programme_Module-3_PPT.pptx\">M3: Aprites uz\u0146\u0113m\u0113jdarb\u012bbas mode\u013ci &#8211; PPT<\/a>\n    <\/li>\n<li>\n        <a href=\"\/wp-content\/uploads\/2023\/06\/LEARNING-CIRCLE-In-service-training-Programme_Module-4_PPT1.pptx\">M4: Lab\u0101k\u0101 prakse CE un soci\u0101l\u0101s uz\u0146\u0113m\u0113jdarb\u012bbas jom\u0101 &#8211; PPT 1<\/a>\n    <\/li>\n<li>\n        <a href=\"\/wp-content\/uploads\/2023\/06\/LEARNING-CIRCLE-In-service-training-Programme_Module-4_PPT2.pptx\">M4: Lab\u0101k\u0101 prakse CE un soci\u0101l\u0101s uz\u0146\u0113m\u0113jdarb\u012bbas jom\u0101 &#8211; PPT 2<\/a>\n    <\/li>\n<li>\n        <a href=\"\/wp-content\/uploads\/2023\/06\/LEARNING-CIRCLE-In-service-training-Programme_Module-4_PPT3.pptx\">M4: Lab\u0101k\u0101 prakse CE un soci\u0101l\u0101s uz\u0146\u0113m\u0113jdarb\u012bbas jom\u0101 &#8211; PPT 3<\/a>\n    <\/li>\n<li>\n        <a href=\"\/wp-content\/uploads\/2023\/06\/LEARNING-CIRCLE-In-service-training-Programme_Module-5_PPT1.pptx\">M5: Tirgus izp\u0113te: Metodes un r\u012bki &#8211; PPT<\/a>\n    <\/li>\n<\/ul>\n<ul>\n<li>\n        <a href=\"\/wp-content\/uploads\/2023\/06\/LEARNING-CIRCLE-In-service-training-Programme_Module-6_PPT1.pptx\">M6: K\u0101 izveidot uz\u0146\u0113m\u0113jdarb\u012bbas pl\u0101nu &#8211; PPT 1<\/a>\n    <\/li>\n<li>\n        <a href=\"\/wp-content\/uploads\/2023\/06\/LEARNING-CIRCLE-In-service-training-Programme_Module-6_PPT2.pptx\">M6: K\u0101 izveidot uz\u0146\u0113m\u0113jdarb\u012bbas pl\u0101nu &#8211; PPT 2<\/a>\n    <\/li>\n<li>\n        <a href=\"\/wp-content\/uploads\/2023\/06\/LEARNING-CIRCLE-In-service-training-Programme_Module-7_PPT1.pptx\">M7: Finans\u0113jums aprites ekonomikas uz\u0146\u0113m\u0113jiem &#8211; PPT<\/a>\n    <\/li>\n<li>\n        <a href=\"\/wp-content\/uploads\/2023\/06\/LEARNING-CIRCLE-In-service-training-Programme_Module-8_PPT1.pptx\">M8:  Sadarb\u012bbas partneru mekl\u0113\u0161ana \u2013 t\u012bkla papla\u0161in\u0101\u0161ana &#8211; PPT 1<\/a>\n    <\/li>\n<li>\n        <a href=\"\/wp-content\/uploads\/2023\/06\/LEARNING-CIRCLE-In-service-training-Programme_Module-8_PPT2.pptx\">M8:  Sadarb\u012bbas partneru mekl\u0113\u0161ana \u2013 t\u012bkla papla\u0161in\u0101\u0161ana &#8211; PPT 2<\/a>\n    <\/li>\n<\/ul>\n<p><!--more--><br \/>\n<!-- {\"type\":\"layout\",\"children\":[{\"type\":\"section\",\"props\":{\"style\":\"default\",\"width\":\"default\",\"vertical_align\":\"middle\",\"title_position\":\"top-left\",\"title_rotation\":\"left\",\"title_breakpoint\":\"xl\",\"image_position\":\"center-center\"},\"children\":[{\"type\":\"row\",\"children\":[{\"type\":\"column\",\"props\":{\"position_sticky_breakpoint\":\"m\",\"image_position\":\"center-center\",\"media_overlay_gradient\":\"\"},\"children\":[{\"type\":\"headline\",\"props\":{\"title_element\":\"h1\"},\"source\":{\"query\":{\"name\":\"pages.singlePage\"},\"props\":{\"content\":{\"filters\":{\"search\":\"\"},\"name\":\"title\"}}}}]}]},{\"type\":\"row\",\"children\":[{\"type\":\"column\",\"props\":{\"position_sticky_breakpoint\":\"m\",\"image_position\":\"center-center\",\"media_overlay_gradient\":\"\"},\"children\":[{\"type\":\"text\",\"props\":{\"margin\":\"default\",\"column_breakpoint\":\"m\",\"content\":\"\n\n<p>Pirm\\u0101 da\\u013ca pal\\u012bdz att\\u012bst\\u012bt profesion\\u0101l\\u0101s izgl\\u012bt\\u012bbas un apm\\u0101c\\u012bbas pasniedz\\u0113ju prasmes:<\\\/p>\\n\n\n<ol>\\n\n\n<li>veidot uz\\u0146\\u0113m\\u0113ju garu PIA pasniedz\\u0113ju m\\u0113r\\u0137a grup\\u0101<\\\/li>\\n\n\n<li>veidot izpratni par aprites ekonomiku<\\\/li>\\n<\\\/ol>\"}}]}]},{\"type\":\"row\",\"children\":[{\"type\":\"column\",\"props\":{\"position_sticky_breakpoint\":\"m\",\"image_position\":\"center-center\",\"media_overlay_gradient\":\"\"},\"children\":[{\"type\":\"headline\",\"props\":{\"title_element\":\"h3\",\"content\":\"Pa\\u0161vad\\u012bta m\\u0101c\\u012b\\u0161an\\u0101s\"}},{\"type\":\"text\",\"props\":{\"margin\":\"default\",\"column_breakpoint\":\"m\",\"content\":\"\n\n<p>\\u0160aj\\u0101 rokasgr\\u0101mat\\u0101 \\u0161is saturs ir izkl\\u0101st\\u012bts k\\u0101 virkne pa\\u0161m\\u0101c\\u012bbas modu\\u013cu, kas ietver galveno teor\\u0113tisko saturu, gad\\u012bjumu izp\\u0113ti, papildu las\\u0101mvielu un saites uz \\u012bsiem ievada video resursiem, kas profesion\\u0101l\\u0101s izgl\\u012bt\\u012bbas un apm\\u0101c\\u012bbas pasniedz\\u0113jiem sniegs \\u012bsu p\\u0101rskatu par t\\u0113m\\u0101m un kurus profesion\\u0101l\\u0101s izgl\\u012bt\\u012bbas un apm\\u0101c\\u012bbas pasniedz\\u0113ji var\\u0113tu noskat\\u012bties, pirms vi\\u0146i s\\u0101k apg\\u016bt pa\\u0161m\\u0101c\\u012bbas modu\\u013cus.<\\\/p>\\n\n\n<ul>\\n\n\n<li>Modulis 1: Uz\\u0146\\u0113m\\u0113jdarb\\u012bba un soci\\u0101l\\u0101 uz\\u0146\\u0113m\\u0113jdarb\\u012bba<\\\/li>\\n\n\n<li>Modulis 2: Aprites ekonomika pret line\\u0101ro ekonomiku<\\\/li>\\n\n\n<li>Modulis 3: Aprites uz\\u0146\\u0113m\\u0113jdarb\\u012bbas mode\\u013ci<\\\/li>\\n\n\n<li>Modulis 4: Lab\\u0101k\\u0101 prakse CE un soci\\u0101l\\u0101s uz\\u0146\\u0113m\\u0113jdarb\\u012bbas jom\\u0101<\\\/li>\\n\n\n<li>Modulis 5: Tirgus izp\\u0113te: Metodes un r\\u012bki<\\\/li>\\n\n\n<li>Modulis 6: K\\u0101 izveidot uz\\u0146\\u0113m\\u0113jdarb\\u012bbas pl\\u0101nu<\\\/li>\\n\n\n<li>Modulis 7: <span>Finans\\u0113jums aprites ekonomikas uz\\u0146\\u0113m\\u0113jiem<\\\/span><\\\/li>\\n\n\n<li>Modulis 8: Sadarb\\u012bbas partneru mekl\\u0113\\u0161ana - t\\u012bkla papla\\u0161in\\u0101\\u0161ana<\\\/li>\\n<\\\/ul>\"}},{\"type\":\"button\",\"props\":{\"grid_column_gap\":\"small\",\"grid_row_gap\":\"small\",\"margin\":\"default\"},\"children\":[{\"type\":\"button_item\",\"props\":{\"button_style\":\"default\",\"icon_align\":\"left\",\"content\":\"Lejupiel\\u0101d\\u0113t Pa\\u0161vad\\u012bta m\\u0101c\\u012b\\u0161an\\u0101s\",\"link\":\"wp-content\\\/uploads\\\/2023\\\/06\\\/LEARNING-CIRCLE-In-service-training-programme-Part-A_self-directed-learning_final_EN-lv.pdf\",\"link_target\":\"blank\"}}]}]}]},{\"type\":\"row\",\"children\":[{\"type\":\"column\",\"props\":{\"position_sticky_breakpoint\":\"m\",\"image_position\":\"center-center\",\"media_overlay_gradient\":\"\"},\"children\":[{\"type\":\"divider\",\"props\":{\"divider_element\":\"hr\"}}]}]},{\"type\":\"row\",\"children\":[{\"type\":\"column\",\"props\":{\"position_sticky_breakpoint\":\"m\",\"image_position\":\"center-center\",\"media_overlay_gradient\":\"\"},\"children\":[{\"type\":\"headline\",\"props\":{\"title_element\":\"h3\",\"content\":\"Satikties aci pret ac\"}},{\"type\":\"text\",\"props\":{\"margin\":\"default\",\"column_breakpoint\":\"m\",\"content\":\"\n\n<p>Lek\\u013cautie resursi, lai pal\\u012bdz\\u0113tu pasniedz\\u0113jiem nodro\\u0161in\\u0101t \\u0161o kl\\u0101tienes apm\\u0101c\\u012bbu.<\\\/p>\"}},{\"type\":\"button\",\"props\":{\"grid_column_gap\":\"small\",\"grid_row_gap\":\"small\",\"margin\":\"default\"},\"children\":[{\"type\":\"button_item\",\"props\":{\"button_style\":\"default\",\"icon_align\":\"left\",\"content\":\"Lejupiel\\u0101des aktivit\\u0101tes\",\"link\":\"wp-content\\\/uploads\\\/2023\\\/06\\\/LEARNING-CIRCLE-In-service-training-programme-Part-A_f2f-modules_final-lv.pdf\",\"link_target\":\"blank\"}}]},{\"type\":\"headline\",\"props\":{\"title_element\":\"h4\",\"content\":\"Prezent\\u0101cijas\",\"margin_remove_top\":true}}]}]},{\"type\":\"row\",\"props\":{\"margin_remove_top\":false,\"margin\":\"small\"},\"children\":[{\"type\":\"column\",\"props\":{\"position_sticky_breakpoint\":\"m\",\"image_position\":\"center-center\",\"media_overlay_gradient\":\"\",\"width_medium\":\"\"},\"children\":[{\"type\":\"button\",\"props\":{\"grid_column_gap\":\"small\",\"grid_row_gap\":\"small\",\"margin\":\"default\"},\"children\":[{\"type\":\"button_item\",\"props\":{\"button_style\":\"default\",\"icon_align\":\"left\",\"content\":\"M1: Uz\\u0146\\u0113m\\u0113jdarb\\u012bba un soci\\u0101l\\u0101 uz\\u0146\\u0113m\\u0113jdarb\\u012bba - PPT 1\",\"link\":\"wp-content\\\/uploads\\\/2023\\\/06\\\/LEARNING-CIRCLE-In-service-training-Programme_Module-1_PPT1-lv.pptx\",\"link_target\":\"blank\"}},{\"type\":\"button_item\",\"props\":{\"button_style\":\"default\",\"icon_align\":\"left\",\"content\":\"M1: Uz\\u0146\\u0113m\\u0113jdarb\\u012bba un soci\\u0101l\\u0101 uz\\u0146\\u0113m\\u0113jdarb\\u012bba - PPT 2\",\"link\":\"wp-content\\\/uploads\\\/2023\\\/06\\\/LEARNING-CIRCLE-In-service-training-Programme_Module-1_PPT2-lv.pptx\",\"link_target\":\"blank\"}},{\"type\":\"button_item\",\"props\":{\"button_style\":\"default\",\"icon_align\":\"left\",\"content\":\"M1: Uz\\u0146\\u0113m\\u0113jdarb\\u012bba un soci\\u0101l\\u0101 uz\\u0146\\u0113m\\u0113jdarb\\u012bba - PPT 3\",\"link\":\"wp-content\\\/uploads\\\/2023\\\/06\\\/LEARNING-CIRCLE-In-service-training-Programme_Module-1_PPT3.pptx\",\"link_target\":\"blank\"}},{\"type\":\"button_item\",\"props\":{\"button_style\":\"default\",\"icon_align\":\"left\",\"content\":\"M2: Aprites ekonomika pret line\\u0101ro ekonomiku - PPT 1\",\"link\":\"wp-content\\\/uploads\\\/2023\\\/06\\\/LEARNING-CIRCLE-In-service-training-Programme_Module-2_PPT1.pptx\",\"link_target\":\"blank\"}},{\"type\":\"button_item\",\"props\":{\"button_style\":\"default\",\"icon_align\":\"left\",\"content\":\"M2: Aprites ekonomika pret line\\u0101ro ekonomiku - PPT 2\",\"link\":\"wp-content\\\/uploads\\\/2023\\\/06\\\/LEARNING-CIRCLE-In-service-training-Programme_Module-2_PPT2.pptx\",\"link_target\":\"blank\"}}]},{\"type\":\"button\",\"props\":{\"grid_column_gap\":\"small\",\"grid_row_gap\":\"small\",\"margin\":\"default\"},\"children\":[{\"type\":\"button_item\",\"props\":{\"button_style\":\"default\",\"icon_align\":\"left\",\"content\":\"M3: Aprites uz\\u0146\\u0113m\\u0113jdarb\\u012bbas mode\\u013ci - PPT\",\"link\":\"wp-content\\\/uploads\\\/2023\\\/06\\\/LEARNING-CIRCLE-In-service-training-Programme_Module-3_PPT.pptx\",\"link_target\":\"blank\"}},{\"type\":\"button_item\",\"props\":{\"button_style\":\"default\",\"icon_align\":\"left\",\"content\":\"M4: Lab\\u0101k\\u0101 prakse CE un soci\\u0101l\\u0101s uz\\u0146\\u0113m\\u0113jdarb\\u012bbas jom\\u0101 - PPT 1\",\"link\":\"wp-content\\\/uploads\\\/2023\\\/06\\\/LEARNING-CIRCLE-In-service-training-Programme_Module-4_PPT1.pptx\",\"link_target\":\"blank\"}},{\"type\":\"button_item\",\"props\":{\"button_style\":\"default\",\"icon_align\":\"left\",\"content\":\"M4: Lab\\u0101k\\u0101 prakse CE un soci\\u0101l\\u0101s uz\\u0146\\u0113m\\u0113jdarb\\u012bbas jom\\u0101 - PPT 2\",\"link\":\"wp-content\\\/uploads\\\/2023\\\/06\\\/LEARNING-CIRCLE-In-service-training-Programme_Module-4_PPT2.pptx\",\"link_target\":\"blank\"}},{\"type\":\"button_item\",\"props\":{\"button_style\":\"default\",\"icon_align\":\"left\",\"content\":\"M4: Lab\\u0101k\\u0101 prakse CE un soci\\u0101l\\u0101s uz\\u0146\\u0113m\\u0113jdarb\\u012bbas jom\\u0101 - PPT 3\",\"link\":\"wp-content\\\/uploads\\\/2023\\\/06\\\/LEARNING-CIRCLE-In-service-training-Programme_Module-4_PPT3.pptx\",\"link_target\":\"blank\"}},{\"type\":\"button_item\",\"props\":{\"button_style\":\"default\",\"icon_align\":\"left\",\"content\":\"M5: Tirgus izp\\u0113te: Metodes un r\\u012bki - PPT\",\"link\":\"wp-content\\\/uploads\\\/2023\\\/06\\\/LEARNING-CIRCLE-In-service-training-Programme_Module-5_PPT1.pptx\",\"link_target\":\"blank\"}}]},{\"type\":\"button\",\"props\":{\"grid_column_gap\":\"small\",\"grid_row_gap\":\"small\",\"margin\":\"default\"},\"children\":[{\"type\":\"button_item\",\"props\":{\"button_style\":\"default\",\"icon_align\":\"left\",\"content\":\"M6: K\\u0101 izveidot uz\\u0146\\u0113m\\u0113jdarb\\u012bbas pl\\u0101nu - PPT 1\",\"link\":\"wp-content\\\/uploads\\\/2023\\\/06\\\/LEARNING-CIRCLE-In-service-training-Programme_Module-6_PPT1.pptx\",\"link_target\":\"blank\"}},{\"type\":\"button_item\",\"props\":{\"button_style\":\"default\",\"icon_align\":\"left\",\"content\":\"M6: K\\u0101 izveidot uz\\u0146\\u0113m\\u0113jdarb\\u012bbas pl\\u0101nu - PPT 2\",\"link\":\"wp-content\\\/uploads\\\/2023\\\/06\\\/LEARNING-CIRCLE-In-service-training-Programme_Module-6_PPT2.pptx\",\"link_target\":\"blank\"}},{\"type\":\"button_item\",\"props\":{\"button_style\":\"default\",\"icon_align\":\"left\",\"content\":\"M7: Finans\\u0113jums aprites ekonomikas uz\\u0146\\u0113m\\u0113jiem - PPT\",\"link\":\"wp-content\\\/uploads\\\/2023\\\/06\\\/LEARNING-CIRCLE-In-service-training-Programme_Module-7_PPT1.pptx\",\"link_target\":\"blank\"}},{\"type\":\"button_item\",\"props\":{\"button_style\":\"default\",\"icon_align\":\"left\",\"content\":\"M8:  Sadarb\\u012bbas partneru mekl\\u0113\\u0161ana \\u2013 t\\u012bkla papla\\u0161in\\u0101\\u0161ana - PPT 1\",\"link\":\"wp-content\\\/uploads\\\/2023\\\/06\\\/LEARNING-CIRCLE-In-service-training-Programme_Module-8_PPT1.pptx\",\"link_target\":\"blank\"}},{\"type\":\"button_item\",\"props\":{\"button_style\":\"default\",\"icon_align\":\"left\",\"content\":\"M8:  Sadarb\\u012bbas partneru mekl\\u0113\\u0161ana \\u2013 t\\u012bkla papla\\u0161in\\u0101\\u0161ana - PPT 2\",\"link\":\"wp-content\\\/uploads\\\/2023\\\/06\\\/LEARNING-CIRCLE-In-service-training-Programme_Module-8_PPT2.pptx\",\"link_target\":\"blank\"}}]}]}]}]}],\"version\":\"3.0.9\"} --><\/p>\n","protected":false},"excerpt":{"rendered":"<p>Pirm\u0101 da\u013ca pal\u012bdz att\u012bst\u012bt profesion\u0101l\u0101s izgl\u012bt\u012bbas un apm\u0101c\u012bbas pasniedz\u0113ju prasmes: veidot uz\u0146\u0113m\u0113ju garu PIA pasniedz\u0113ju m\u0113r\u0137a grup\u0101 veidot izpratni par aprites ekonomiku Pa\u0161vad\u012bta m\u0101c\u012b\u0161an\u0101s \u0160aj\u0101..<\/p>\n","protected":false},"author":1,"featured_media":0,"parent":0,"menu_order":0,"comment_status":"closed","ping_status":"closed","template":"","meta":{"_acf_changed":false,"inline_featured_image":false,"footnotes":""},"class_list":["post-1531","page","type-page","status-publish","hentry"],"acf":[],"_links":{"self":[{"href":"https:\/\/elearning.learningcircleproject.eu\/lv\/wp-json\/wp\/v2\/pages\/1531","targetHints":{"allow":["GET"]}}],"collection":[{"href":"https:\/\/elearning.learningcircleproject.eu\/lv\/wp-json\/wp\/v2\/pages"}],"about":[{"href":"https:\/\/elearning.learningcircleproject.eu\/lv\/wp-json\/wp\/v2\/types\/page"}],"author":[{"embeddable":true,"href":"https:\/\/elearning.learningcircleproject.eu\/lv\/wp-json\/wp\/v2\/users\/1"}],"replies":[{"embeddable":true,"href":"https:\/\/elearning.learningcircleproject.eu\/lv\/wp-json\/wp\/v2\/comments?post=1531"}],"version-history":[{"count":48,"href":"https:\/\/elearning.learningcircleproject.eu\/lv\/wp-json\/wp\/v2\/pages\/1531\/revisions"}],"predecessor-version":[{"id":4597,"href":"https:\/\/elearning.learningcircleproject.eu\/lv\/wp-json\/wp\/v2\/pages\/1531\/revisions\/4597"}],"wp:attachment":[{"href":"https:\/\/elearning.learningcircleproject.eu\/lv\/wp-json\/wp\/v2\/media?parent=1531"}],"curies":[{"name":"wp","href":"https:\/\/api.w.org\/{rel}","templated":true}]}}