{"id":1525,"date":"2022-02-24T14:11:37","date_gmt":"2022-02-24T14:11:37","guid":{"rendered":"https:\/\/elearning.learningcircleproject.eu\/infographics\/"},"modified":"2023-07-03T08:25:20","modified_gmt":"2023-07-03T08:25:20","slug":"infographics","status":"publish","type":"page","link":"https:\/\/elearning.learningcircleproject.eu\/lv\/infographics\/","title":{"rendered":"Uz\u0146\u0113m\u0113ji"},"content":{"rendered":"<div>\n<p>EduZines un interakt\u012bv\u0101s infografikas inovat\u012bviem aprites ekonomikas uz\u0146\u0113m\u0113jiem, kur\u0101s apl\u016bkotas desmit apm\u0101c\u0101mas kompetences inovat\u012bviem aprites ekonomikas uz\u0146\u0113m\u0113jiem:<\/p>\n<\/div>\n<h1>Eduzine<\/h1>\n<ul>\n<li>\n        <a href=\"\/wp-content\/uploads\/2023\/06\/Creative-Thinking-LV.pdf\">Rado\u0161\u0101 Dom\u0101\u0161ana<\/a>\n    <\/li>\n<li>\n        <a href=\"\/wp-content\/uploads\/2023\/06\/Problem-Solving-LV.pdf\">Probl\u0113mu Risin\u0101\u0161ana<\/a>\n    <\/li>\n<li>\n        <a href=\"\/wp-content\/uploads\/2023\/06\/Leadership-and-Team-Management-LV.pdf\">Vad\u012bba un Komandas Vad\u012bba<\/a>\n    <\/li>\n<li>\n        <a href=\"\/wp-content\/uploads\/2023\/06\/Innovation-Management-LV.pdf\">Inov\u0101ciju Vad\u012bba<\/a>\n    <\/li>\n<li>\n        <a href=\"\/wp-content\/uploads\/2023\/06\/Agile-Management-LV.pdf\">Agile Vad\u012bba<\/a>\n    <\/li>\n<li>\n        <a href=\"\/wp-content\/uploads\/2023\/06\/Strategic-Planning-LV.pdf\">Strat\u0113\u0123isk\u0101 Pl\u0101no\u0161ana<\/a>\n    <\/li>\n<li>\n        <a href=\"\/wp-content\/uploads\/2023\/06\/Risk-Management-LV.pdf\">Risku P\u0101rvald\u012bba<\/a>\n    <\/li>\n<li>\n        <a href=\"\/wp-content\/uploads\/2023\/06\/Business-Model-Development-LV.pdf\">Uz\u0146\u0113m\u0113jdarb\u012bbas Aprites Mode\u013ca Ievie\u0161ana<\/a>\n    <\/li>\n<li>\n        <a href=\"\/wp-content\/uploads\/2023\/06\/Raising-Venture-Capital-LV.pdf\">Riska Kapit\u0101la Piesaist\u012b\u0161ana<\/a>\n    <\/li>\n<li>\n        <a href=\"\/wp-content\/uploads\/2023\/06\/Rapid-Experimentation-LV.pdf\">\u0100tr\u0101 Eksperiment\u0113\u0161ana<\/a>\n    <\/li>\n<\/ul>\n<h1>Infografikas<\/h1>\n<ul>\n<li>\n        <a href=\"\/wp-content\/uploads\/2023\/07\/1.-Creative-Thinking-LV.pdf\">Rado\u0161\u0101 Dom\u0101\u0161ana<\/a>\n    <\/li>\n<li>\n        <a href=\"\/wp-content\/uploads\/2023\/07\/2.-Problem-Solving-LV.pdf\">Probl\u0113mrisin\u0101\u0161ana<\/a>\n    <\/li>\n<li>\n        <a href=\"\/wp-content\/uploads\/2023\/07\/3.-Leadership-and-Team-Management-LV.pdf\">L\u012bder\u012bba un Komandas Vad\u012bba<\/a>\n    <\/li>\n<li>\n        <a href=\"\/wp-content\/uploads\/2023\/07\/5.-Innovation-Management-LV.pdf\">Inov\u0101ciju Vad\u012bba<\/a>\n    <\/li>\n<li>\n        <a href=\"\/wp-content\/uploads\/2023\/07\/4.-Agile-Management-LV.pdf\">Agile Vad\u012bba<\/a>\n    <\/li>\n<li>\n        <a href=\"\/wp-content\/uploads\/2023\/07\/6.-Strategic-Planning-LV.pdf\">Strat\u0113\u0123isk\u0101 Pl\u0101no\u0161ana<\/a>\n    <\/li>\n<li>\n        <a href=\"\/wp-content\/uploads\/2023\/07\/7.-Risk-Management-LV.pdf\">Risku Mened\u017eents<\/a>\n    <\/li>\n<li>\n        <a href=\"\/wp-content\/uploads\/2023\/07\/8.-Business-Model-Development-LV.pdf\">Biznesa Mode\u013ca Izveide<\/a>\n    <\/li>\n<li>\n        <a href=\"\/wp-content\/uploads\/2023\/07\/9.-Raising-Venture-Capital-LV.pdf\">Riska Kapit\u0101la Piesaist\u012b\u0161ana<\/a>\n    <\/li>\n<li>\n        <a href=\"\/wp-content\/uploads\/2023\/07\/10.-Rapid-Experimentation-LV.pdf\">\u0100tr\u0101 Eksperiment\u0113\u0161ana<\/a>\n    <\/li>\n<\/ul>\n<p><!--more--><br \/>\n<!-- {\"type\":\"layout\",\"children\":[{\"type\":\"section\",\"props\":{\"style\":\"muted\",\"width\":\"default\",\"vertical_align\":\"middle\",\"title_position\":\"top-left\",\"title_rotation\":\"left\",\"title_breakpoint\":\"xl\",\"image_position\":\"center-center\",\"padding_remove_top\":false,\"animation\":\"fade\",\"height\":\"expand\"},\"children\":[{\"type\":\"row\",\"children\":[{\"type\":\"column\",\"props\":{\"position_sticky_breakpoint\":\"m\",\"image_position\":\"center-center\",\"media_overlay_gradient\":\"\"},\"children\":[{\"type\":\"headline\",\"props\":{\"title_element\":\"h1\"},\"source\":{\"query\":{\"name\":\"pages.singlePage\"},\"props\":{\"content\":{\"filters\":{\"search\":\"\"},\"name\":\"title\"}}}}]}]},{\"type\":\"row\",\"children\":[{\"type\":\"column\",\"props\":{\"position_sticky_breakpoint\":\"m\",\"image_position\":\"center-center\",\"media_overlay_gradient\":\"\"},\"children\":[{\"type\":\"text\",\"props\":{\"margin\":\"default\",\"column_breakpoint\":\"m\",\"content\":\"\n\n<p>EduZines un interakt\\u012bv\\u0101s infografikas inovat\\u012bviem aprites ekonomikas uz\\u0146\\u0113m\\u0113jiem, kur\\u0101s apl\\u016bkotas desmit apm\\u0101c\\u0101mas kompetences inovat\\u012bviem aprites ekonomikas uz\\u0146\\u0113m\\u0113jiem:<\\\/p>\"}},{\"type\":\"headline\",\"props\":{\"title_element\":\"h1\",\"content\":\"Eduzine\"}},{\"type\":\"button\",\"props\":{\"grid_column_gap\":\"small\",\"grid_row_gap\":\"small\",\"margin\":\"default\",\"fullwidth\":false,\"css\":\".el-item{\\n\\twidth: 50%;\\n}\\n.el-item a{\\n\\tcolor: #fff;\\n}\\n.el-element{\\n\\tbackground: #195562;\\n    padding: 20px;\\n}\"},\"children\":[{\"type\":\"button_item\",\"props\":{\"button_style\":\"text\",\"icon_align\":\"left\",\"link_target\":\"blank\",\"content\":\"Rado\\u0161\\u0101 Dom\\u0101\\u0161ana\",\"link\":\"wp-content\\\/uploads\\\/2023\\\/06\\\/Creative-Thinking-LV.pdf\",\"icon\":\"file-pdf\"}},{\"type\":\"button_item\",\"props\":{\"button_style\":\"text\",\"icon_align\":\"left\",\"content\":\"Probl\\u0113mu Risin\\u0101\\u0161ana\",\"link\":\"wp-content\\\/uploads\\\/2023\\\/06\\\/Problem-Solving-LV.pdf\",\"link_target\":\"blank\",\"icon\":\"file-pdf\"}},{\"type\":\"button_item\",\"props\":{\"button_style\":\"text\",\"icon_align\":\"left\",\"content\":\"Vad\\u012bba un Komandas Vad\\u012bba\",\"link\":\"wp-content\\\/uploads\\\/2023\\\/06\\\/Leadership-and-Team-Management-LV.pdf\",\"link_target\":\"blank\",\"icon\":\"file-pdf\"}},{\"type\":\"button_item\",\"props\":{\"button_style\":\"text\",\"icon_align\":\"left\",\"content\":\"Inov\\u0101ciju Vad\\u012bba\",\"link\":\"wp-content\\\/uploads\\\/2023\\\/06\\\/Innovation-Management-LV.pdf\",\"link_target\":\"blank\",\"icon\":\"file-pdf\"}},{\"type\":\"button_item\",\"props\":{\"button_style\":\"text\",\"icon_align\":\"left\",\"content\":\"Agile Vad\\u012bba\",\"link\":\"wp-content\\\/uploads\\\/2023\\\/06\\\/Agile-Management-LV.pdf\",\"link_target\":\"blank\",\"icon\":\"file-pdf\"}},{\"type\":\"button_item\",\"props\":{\"button_style\":\"text\",\"icon_align\":\"left\",\"content\":\"Strat\\u0113\\u0123isk\\u0101 Pl\\u0101no\\u0161ana\",\"link\":\"wp-content\\\/uploads\\\/2023\\\/06\\\/Strategic-Planning-LV.pdf\",\"link_target\":\"blank\",\"icon\":\"file-pdf\"}},{\"type\":\"button_item\",\"props\":{\"button_style\":\"text\",\"icon_align\":\"left\",\"content\":\"Risku P\\u0101rvald\\u012bba\",\"link\":\"wp-content\\\/uploads\\\/2023\\\/06\\\/Risk-Management-LV.pdf\",\"link_target\":\"blank\",\"icon\":\"file-pdf\"}},{\"type\":\"button_item\",\"props\":{\"button_style\":\"text\",\"icon_align\":\"left\",\"content\":\"Uz\\u0146\\u0113m\\u0113jdarb\\u012bbas Aprites Mode\\u013ca Ievie\\u0161ana\",\"link\":\"wp-content\\\/uploads\\\/2023\\\/06\\\/Business-Model-Development-LV.pdf\",\"link_target\":\"blank\",\"icon\":\"file-pdf\"}},{\"type\":\"button_item\",\"props\":{\"button_style\":\"text\",\"icon_align\":\"left\",\"content\":\"Riska Kapit\\u0101la Piesaist\\u012b\\u0161ana\",\"link\":\"wp-content\\\/uploads\\\/2023\\\/06\\\/Raising-Venture-Capital-LV.pdf\",\"link_target\":\"blank\",\"icon\":\"file-pdf\"}},{\"type\":\"button_item\",\"props\":{\"button_style\":\"text\",\"icon_align\":\"left\",\"content\":\"\\u0100tr\\u0101 Eksperiment\\u0113\\u0161ana\",\"link\":\"wp-content\\\/uploads\\\/2023\\\/06\\\/Rapid-Experimentation-LV.pdf\",\"link_target\":\"blank\",\"icon\":\"file-pdf\"}}]},{\"type\":\"headline\",\"props\":{\"title_element\":\"h1\",\"content\":\"Infografikas\"}},{\"type\":\"button\",\"props\":{\"grid_column_gap\":\"small\",\"grid_row_gap\":\"small\",\"margin\":\"default\",\"fullwidth\":false,\"css\":\".el-item{\\n\\twidth: 50%;\\n}\\n.el-item a{\\n\\tcolor: #fff;\\n}\\n.el-element{\\n\\tbackground: #195562;\\n    padding: 20px;\\n}\"},\"children\":[{\"type\":\"button_item\",\"props\":{\"button_style\":\"text\",\"icon_align\":\"left\",\"link_target\":\"blank\",\"content\":\"Rado\\u0161\\u0101 Dom\\u0101\\u0161ana\",\"link\":\"wp-content\\\/uploads\\\/2023\\\/07\\\/1.-Creative-Thinking-LV.pdf\",\"icon\":\"file-pdf\"}},{\"type\":\"button_item\",\"props\":{\"button_style\":\"text\",\"icon_align\":\"left\",\"content\":\"Probl\\u0113mrisin\\u0101\\u0161ana\",\"link\":\"wp-content\\\/uploads\\\/2023\\\/07\\\/2.-Problem-Solving-LV.pdf\",\"link_target\":\"blank\",\"icon\":\"file-pdf\"}},{\"type\":\"button_item\",\"props\":{\"button_style\":\"text\",\"icon_align\":\"left\",\"content\":\"L\\u012bder\\u012bba un Komandas Vad\\u012bba\",\"link\":\"wp-content\\\/uploads\\\/2023\\\/07\\\/3.-Leadership-and-Team-Management-LV.pdf\",\"link_target\":\"blank\",\"icon\":\"file-pdf\"}},{\"type\":\"button_item\",\"props\":{\"button_style\":\"text\",\"icon_align\":\"left\",\"content\":\"Inov\\u0101ciju Vad\\u012bba\",\"link\":\"wp-content\\\/uploads\\\/2023\\\/07\\\/5.-Innovation-Management-LV.pdf\",\"link_target\":\"blank\",\"icon\":\"file-pdf\"}},{\"type\":\"button_item\",\"props\":{\"button_style\":\"text\",\"icon_align\":\"left\",\"content\":\"Agile Vad\\u012bba\",\"link\":\"wp-content\\\/uploads\\\/2023\\\/07\\\/4.-Agile-Management-LV.pdf\",\"link_target\":\"blank\",\"icon\":\"file-pdf\"}},{\"type\":\"button_item\",\"props\":{\"button_style\":\"text\",\"icon_align\":\"left\",\"content\":\"Strat\\u0113\\u0123isk\\u0101 Pl\\u0101no\\u0161ana\",\"link\":\"wp-content\\\/uploads\\\/2023\\\/07\\\/6.-Strategic-Planning-LV.pdf\",\"link_target\":\"blank\",\"icon\":\"file-pdf\"}},{\"type\":\"button_item\",\"props\":{\"button_style\":\"text\",\"icon_align\":\"left\",\"content\":\"Risku Mened\\u017eents\",\"link\":\"wp-content\\\/uploads\\\/2023\\\/07\\\/7.-Risk-Management-LV.pdf\",\"link_target\":\"blank\",\"icon\":\"file-pdf\"}},{\"type\":\"button_item\",\"props\":{\"button_style\":\"text\",\"icon_align\":\"left\",\"content\":\"Biznesa Mode\\u013ca Izveide\",\"link\":\"wp-content\\\/uploads\\\/2023\\\/07\\\/8.-Business-Model-Development-LV.pdf\",\"link_target\":\"blank\",\"icon\":\"file-pdf\"}},{\"type\":\"button_item\",\"props\":{\"button_style\":\"text\",\"icon_align\":\"left\",\"content\":\"Riska Kapit\\u0101la Piesaist\\u012b\\u0161ana\",\"link\":\"wp-content\\\/uploads\\\/2023\\\/07\\\/9.-Raising-Venture-Capital-LV.pdf\",\"link_target\":\"blank\",\"icon\":\"file-pdf\"}},{\"type\":\"button_item\",\"props\":{\"button_style\":\"text\",\"icon_align\":\"left\",\"content\":\"\\u0100tr\\u0101 Eksperiment\\u0113\\u0161ana\",\"link\":\"wp-content\\\/uploads\\\/2023\\\/07\\\/10.-Rapid-Experimentation-LV.pdf\",\"link_target\":\"blank\",\"icon\":\"file-pdf\"}}]}]}]}]}],\"version\":\"3.0.9\"} --><\/p>\n","protected":false},"excerpt":{"rendered":"<p>EduZines un interakt\u012bv\u0101s infografikas inovat\u012bviem aprites ekonomikas uz\u0146\u0113m\u0113jiem, kur\u0101s apl\u016bkotas desmit apm\u0101c\u0101mas kompetences inovat\u012bviem aprites ekonomikas uz\u0146\u0113m\u0113jiem: Eduzine Rado\u0161\u0101 Dom\u0101\u0161ana Probl\u0113mu Risin\u0101\u0161ana Vad\u012bba un Komandas..<\/p>\n","protected":false},"author":1,"featured_media":0,"parent":0,"menu_order":0,"comment_status":"closed","ping_status":"closed","template":"","meta":{"_acf_changed":false,"inline_featured_image":false,"footnotes":""},"class_list":["post-1525","page","type-page","status-publish","hentry"],"acf":[],"_links":{"self":[{"href":"https:\/\/elearning.learningcircleproject.eu\/lv\/wp-json\/wp\/v2\/pages\/1525","targetHints":{"allow":["GET"]}}],"collection":[{"href":"https:\/\/elearning.learningcircleproject.eu\/lv\/wp-json\/wp\/v2\/pages"}],"about":[{"href":"https:\/\/elearning.learningcircleproject.eu\/lv\/wp-json\/wp\/v2\/types\/page"}],"author":[{"embeddable":true,"href":"https:\/\/elearning.learningcircleproject.eu\/lv\/wp-json\/wp\/v2\/users\/1"}],"replies":[{"embeddable":true,"href":"https:\/\/elearning.learningcircleproject.eu\/lv\/wp-json\/wp\/v2\/comments?post=1525"}],"version-history":[{"count":29,"href":"https:\/\/elearning.learningcircleproject.eu\/lv\/wp-json\/wp\/v2\/pages\/1525\/revisions"}],"predecessor-version":[{"id":5177,"href":"https:\/\/elearning.learningcircleproject.eu\/lv\/wp-json\/wp\/v2\/pages\/1525\/revisions\/5177"}],"wp:attachment":[{"href":"https:\/\/elearning.learningcircleproject.eu\/lv\/wp-json\/wp\/v2\/media?parent=1525"}],"curies":[{"name":"wp","href":"https:\/\/api.w.org\/{rel}","templated":true}]}}