{"id":1519,"date":"2022-03-21T06:09:31","date_gmt":"2022-03-21T06:09:31","guid":{"rendered":"https:\/\/elearning.learningcircleproject.eu\/in-service-training\/"},"modified":"2023-06-28T11:38:38","modified_gmt":"2023-06-28T11:38:38","slug":"in-service-training","status":"publish","type":"page","link":"https:\/\/elearning.learningcircleproject.eu\/lv\/in-service-training\/","title":{"rendered":"Apm\u0101c\u012bba darba viet\u0101"},"content":{"rendered":"<div>\n<p><span>Programma ir sadal\u012bta div\u0101s da\u013c\u0101s: A DA\u013bA: izpratne par uz\u0146\u0113m\u0113jdarb\u012bbas garu un aprites ekonomiku, un B DA\u013bA: Vet speci\u0101listu pedago\u0123isko prasmju pilnveido\u0161ana. Abas sada\u013cas ir sadal\u012btas kl\u0101tienes satur\u0101 ar virkni nodarb\u012bbu pl\u0101nu ar pievienotiem Powerpoint slaidiem, izdales materi\u0101liem un aktivit\u0101t\u0113m, k\u0101 ar\u012b pa\u0161vad\u012btas m\u0101c\u012bbas, lai uzlabotu autonomo m\u0101c\u012b\u0161anos par t\u0101m pa\u0161\u0101m t\u0113m\u0101m.<\/span><\/p>\n<\/div>\n<div>\n<h3>DA\u013bA A<\/h3>\n<div>\n<p>Uz\u0146\u0113m\u0113jdarb\u012bbas gara veido\u0161ana<\/p>\n<\/div>\n<p><a href=\"\/lv\/part-a\/\"><\/a><\/p>\n<\/div>\n<div>\n<h3>DA\u013bA B<\/h3>\n<div>\n<p>Izpratne par aprites ekonomiku<\/p>\n<\/div>\n<p><a href=\"\/lv\/part-b\/\"><\/a><\/p>\n<\/div>\n<p><!--more--><br \/>\n<!-- {\"type\":\"layout\",\"children\":[{\"type\":\"section\",\"props\":{\"style\":\"default\",\"width\":\"default\",\"vertical_align\":\"middle\",\"title_position\":\"top-left\",\"title_rotation\":\"left\",\"title_breakpoint\":\"xl\",\"image_position\":\"center-center\",\"height\":\"expand\"},\"children\":[{\"type\":\"row\",\"children\":[{\"type\":\"column\",\"props\":{\"position_sticky_breakpoint\":\"m\",\"image_position\":\"center-center\",\"media_overlay_gradient\":\"\"},\"children\":[{\"type\":\"headline\",\"props\":{\"title_element\":\"h1\",\"title_style\":\"h1\",\"text_align\":\"left\"},\"name\":\"headline-pages\",\"source\":{\"query\":{\"name\":\"pages.singlePage\"},\"props\":{\"content\":{\"filters\":{\"search\":\"\"},\"name\":\"title\"}}}}]}]},{\"type\":\"row\",\"children\":[{\"type\":\"column\",\"props\":{\"position_sticky_breakpoint\":\"m\",\"image_position\":\"center-center\",\"media_overlay_gradient\":\"\"},\"children\":[{\"type\":\"text\",\"props\":{\"margin\":\"default\",\"column_breakpoint\":\"m\",\"content\":\"\n\n<p><span>Programma ir sadal\\u012bta div\\u0101s da\\u013c\\u0101s: A DA\\u013bA: izpratne par uz\\u0146\\u0113m\\u0113jdarb\\u012bbas garu un aprites ekonomiku, un B DA\\u013bA: Vet speci\\u0101listu pedago\\u0123isko prasmju pilnveido\\u0161ana. Abas sada\\u013cas ir sadal\\u012btas kl\\u0101tienes satur\\u0101 ar virkni nodarb\\u012bbu pl\\u0101nu ar pievienotiem Powerpoint slaidiem, izdales materi\\u0101liem un aktivit\\u0101t\\u0113m, k\\u0101 ar\\u012b pa\\u0161vad\\u012btas m\\u0101c\\u012bbas, lai uzlabotu autonomo m\\u0101c\\u012b\\u0161anos par t\\u0101m pa\\u0161\\u0101m t\\u0113m\\u0101m.<\\\/span><\\\/p>\"}}]}]},{\"type\":\"row\",\"props\":{\"layout\":\"1-2,1-2\"},\"children\":[{\"type\":\"column\",\"props\":{\"position_sticky_breakpoint\":\"m\",\"image_position\":\"center-center\",\"media_overlay_gradient\":\"\",\"width_medium\":\"1-2\"},\"children\":[{\"type\":\"panel\",\"props\":{\"link_text\":\"\",\"title_hover_style\":\"reset\",\"title_element\":\"h3\",\"title_align\":\"top\",\"title_grid_width\":\"1-2\",\"title_grid_breakpoint\":\"m\",\"meta_style\":\"text-meta\",\"meta_align\":\"below-title\",\"meta_element\":\"div\",\"content_column_breakpoint\":\"m\",\"icon_width\":80,\"image_align\":\"top\",\"image_grid_width\":\"1-2\",\"image_grid_breakpoint\":\"m\",\"image_svg_color\":\"emphasis\",\"link_style\":\"default\",\"margin\":\"default\",\"title\":\"DA\\u013bA A\",\"link\":\"lv\\\/part-a\\\/\",\"panel_style\":\"card-default\",\"panel_link\":true,\"panel_padding\":\"default\",\"text_align\":\"center\",\"title_style\":\"h3\",\"meta\":\"\",\"content\":\"\n\n<p>Uz\\u0146\\u0113m\\u0113jdarb\\u012bbas gara veido\\u0161ana<\\\/p>\",\"content_margin\":\"small\",\"css\":\".el-content{\\n\\tcolor: #195562;\\n}\"}}]},{\"type\":\"column\",\"props\":{\"position_sticky_breakpoint\":\"m\",\"image_position\":\"center-center\",\"media_overlay_gradient\":\"\",\"width_medium\":\"1-2\"},\"children\":[{\"type\":\"panel\",\"props\":{\"link_text\":\"\",\"title_hover_style\":\"reset\",\"title_element\":\"h3\",\"title_align\":\"top\",\"title_grid_width\":\"1-2\",\"title_grid_breakpoint\":\"m\",\"meta_style\":\"text-meta\",\"meta_align\":\"below-title\",\"meta_element\":\"div\",\"content_column_breakpoint\":\"m\",\"icon_width\":80,\"image_align\":\"top\",\"image_grid_width\":\"1-2\",\"image_grid_breakpoint\":\"m\",\"image_svg_color\":\"emphasis\",\"link_style\":\"default\",\"margin\":\"default\",\"title\":\"DA\\u013bA B\",\"link\":\"lv\\\/part-b\\\/\",\"panel_style\":\"card-default\",\"panel_link\":true,\"panel_padding\":\"default\",\"text_align\":\"center\",\"title_style\":\"h3\",\"css\":\".el-content{\\n\\tcolor: #195562;\\n}\",\"content\":\"\n\n<p>Izpratne par aprites ekonomiku<\\\/p>\",\"content_margin\":\"small\"}}]}]}]}],\"version\":\"3.0.9\"} --><\/p>\n","protected":false},"excerpt":{"rendered":"<p>Programma ir sadal\u012bta div\u0101s da\u013c\u0101s: A DA\u013bA: izpratne par uz\u0146\u0113m\u0113jdarb\u012bbas garu un aprites ekonomiku, un B DA\u013bA: Vet speci\u0101listu pedago\u0123isko prasmju pilnveido\u0161ana. Abas sada\u013cas ir..<\/p>\n","protected":false},"author":1,"featured_media":0,"parent":0,"menu_order":0,"comment_status":"closed","ping_status":"closed","template":"","meta":{"_acf_changed":false,"inline_featured_image":false,"footnotes":""},"class_list":["post-1519","page","type-page","status-publish","hentry"],"acf":[],"_links":{"self":[{"href":"https:\/\/elearning.learningcircleproject.eu\/lv\/wp-json\/wp\/v2\/pages\/1519","targetHints":{"allow":["GET"]}}],"collection":[{"href":"https:\/\/elearning.learningcircleproject.eu\/lv\/wp-json\/wp\/v2\/pages"}],"about":[{"href":"https:\/\/elearning.learningcircleproject.eu\/lv\/wp-json\/wp\/v2\/types\/page"}],"author":[{"embeddable":true,"href":"https:\/\/elearning.learningcircleproject.eu\/lv\/wp-json\/wp\/v2\/users\/1"}],"replies":[{"embeddable":true,"href":"https:\/\/elearning.learningcircleproject.eu\/lv\/wp-json\/wp\/v2\/comments?post=1519"}],"version-history":[{"count":7,"href":"https:\/\/elearning.learningcircleproject.eu\/lv\/wp-json\/wp\/v2\/pages\/1519\/revisions"}],"predecessor-version":[{"id":4412,"href":"https:\/\/elearning.learningcircleproject.eu\/lv\/wp-json\/wp\/v2\/pages\/1519\/revisions\/4412"}],"wp:attachment":[{"href":"https:\/\/elearning.learningcircleproject.eu\/lv\/wp-json\/wp\/v2\/media?parent=1519"}],"curies":[{"name":"wp","href":"https:\/\/api.w.org\/{rel}","templated":true}]}}