{"id":1513,"date":"2022-02-24T14:11:37","date_gmt":"2022-02-24T14:11:37","guid":{"rendered":"https:\/\/elearning.learningcircleproject.eu\/eduzines\/"},"modified":"2023-07-04T09:50:46","modified_gmt":"2023-07-04T09:50:46","slug":"eduzines","status":"publish","type":"page","link":"https:\/\/elearning.learningcircleproject.eu\/lv\/eduzines\/","title":{"rendered":"Biznesa mode\u013ci"},"content":{"rendered":"<div>\n<p>EduZines un interakt\u012bv\u0101s infografikas par aprites ekonomikas uz\u0146\u0113m\u0113jdarb\u012bbas mode\u013ciem, kas inovat\u012bviem aprites ekonomikas uz\u0146\u0113m\u0113jiem sniegs m\u0101c\u012bbu iesp\u0113jas viedt\u0101lru\u0146os. EduZines un interakt\u012bv\u0101s infografikas tiks izstr\u0101d\u0101tas par katru no 5 izplat\u012bt\u0101kajiem KRM:<\/p>\n<ol>\n<li>Cirkul\u0101r\u0101s pieg\u0101des vai sl\u0113gta cikla otrreiz\u0113j\u0101 p\u0101rstr\u0101de<\/li>\n<li>Resursu re\u0123ener\u0101cija vai otrreiz\u0113ja p\u0101rstr\u0101de<\/li>\n<li>Produkta kalpo\u0161anas laika pagarin\u0101\u0161ana vai otrreiz\u0113ja p\u0101rstr\u0101de<\/li>\n<li>Koplieto\u0161anas platformas jeb industri\u0101l\u0101 simbioze<\/li>\n<li>Produkts k\u0101 pakalpojums<\/li>\n<\/ol>\n<\/div>\n<div>\n<h3>Cirkul\u0101r\u0101s pieg\u0101des vai sl\u0113gta cikla otrreiz\u0113j\u0101 p\u0101rstr\u0101de<\/h3>\n<div>\n<p><a class=\"uk-button uk-button-primary\" href=\"https:\/\/elearning.learningcircleproject.eu\/wp-content\/uploads\/2023\/06\/Closed-Loop-Recycling-Advanced-LV.pdf\" target=\"_blank\" rel=\"noopener\">Uzlabots<\/a><\/p>\n<p><a class=\"uk-button uk-button-primary\" href=\"https:\/\/elearning.learningcircleproject.eu\/wp-content\/uploads\/2023\/06\/Closed-Loop-Recycling-Intermediate-LV.pdf\" target=\"_blank\" rel=\"noopener\">Starpposma<\/a><\/p>\n<p><a class=\"uk-button uk-button-primary\" href=\"https:\/\/elearning.learningcircleproject.eu\/wp-content\/uploads\/2023\/07\/1.-Circular-Supplies-LV.pdf\" target=\"_blank\" rel=\"noopener\">Infografikas<\/a><\/p>\n<\/div>\n<\/div>\n<div>\n<h3>Resursu re\u0123ener\u0101cija vai otrreiz\u0113ja p\u0101rstr\u0101de<\/h3>\n<div>\n<p><a class=\"uk-button uk-button-primary\" href=\"https:\/\/elearning.learningcircleproject.eu\/wp-content\/uploads\/2023\/06\/Resource-Recovery-Advanced-LV.pdf\" target=\"_blank\" rel=\"noopener\">Uzlabots<\/a><\/p>\n<p><a class=\"uk-button uk-button-primary\" href=\"https:\/\/elearning.learningcircleproject.eu\/wp-content\/uploads\/2023\/06\/Closed-Loop-Recycling-Intermediate-LV.pdf\" target=\"_blank\" rel=\"noopener\">Starpposma<\/a><\/p>\n<p><a class=\"uk-button uk-button-primary\" href=\"https:\/\/elearning.learningcircleproject.eu\/wp-content\/uploads\/2023\/07\/2.-Resource-Recovery-or-Down-cycling-LV.pdf\" target=\"_blank\" rel=\"noopener\">Infografikas<\/a><\/p>\n<\/div>\n<\/div>\n<hr>\n<div>\n<h3>Produkta kalpo\u0161anas laika pagarin\u0101\u0161ana vai otrreiz\u0113ja p\u0101rstr\u0101de<\/h3>\n<div>\n<p><a class=\"uk-button uk-button-primary\" href=\"https:\/\/elearning.learningcircleproject.eu\/wp-content\/uploads\/2023\/06\/PLE-or-Upcycling-Advanced-LV.pdf\" target=\"_blank\" rel=\"noopener\">Uzlabots<\/a><\/p>\n<p><a class=\"uk-button uk-button-primary\" href=\"https:\/\/elearning.learningcircleproject.eu\/wp-content\/uploads\/2023\/06\/PLE-or-Upcycling-Intermediate-LV.pdf\" target=\"_blank\" rel=\"noopener\">Starpposma<\/a><\/p>\n<p><a class=\"uk-button uk-button-primary\" href=\"https:\/\/elearning.learningcircleproject.eu\/wp-content\/uploads\/2023\/07\/3.-Product-Life-Extension-or-Upcycling-LV.pdf\" target=\"_blank\" rel=\"noopener\">Infografikas<\/a><\/p>\n<\/div>\n<\/div>\n<div>\n<h3>Koplieto\u0161anas platformas jeb industri\u0101l\u0101 simbioze<\/h3>\n<div>\n<p><a class=\"uk-button uk-button-primary\" href=\"https:\/\/elearning.learningcircleproject.eu\/wp-content\/uploads\/2023\/06\/Sharing-Platforms-or-Symbiosis-Advanced-LV.pdf\" target=\"_blank\" rel=\"noopener\">Uzlabots<\/a><\/p>\n<p><a class=\"uk-button uk-button-primary\" href=\"https:\/\/elearning.learningcircleproject.eu\/wp-content\/uploads\/2023\/06\/Sharing-Platforms-or-Symbiosis-Intermediate-LV.pdf\" target=\"_blank\" rel=\"noopener\">Starpposma<\/a><\/p>\n<p><a class=\"uk-button uk-button-primary\" href=\"https:\/\/elearning.learningcircleproject.eu\/wp-content\/uploads\/2023\/07\/4.-Sharing-Platforms-or-Industrial-Symbiosis-LV.pdf\" target=\"_blank\" rel=\"noopener\">Infografikas<\/a><\/p>\n<\/div>\n<\/div>\n<hr>\n<div>\n<h3>Produkts k\u0101 pakalpojums<\/h3>\n<div>\n<p><a class=\"uk-button uk-button-primary\" href=\"https:\/\/elearning.learningcircleproject.eu\/wp-content\/uploads\/2023\/06\/Product-as-a-Service-Advanced-LV.pdf\" target=\"_blank\" rel=\"noopener\">Uzlabots<\/a><\/p>\n<p><a class=\"uk-button uk-button-primary\" href=\"https:\/\/elearning.learningcircleproject.eu\/wp-content\/uploads\/2023\/06\/Product-as-A-Service-Intermediate-LV.pdf\" target=\"_blank\" rel=\"noopener\">Starpposma<\/a><\/p>\n<p><a class=\"uk-button uk-button-primary\" href=\"https:\/\/elearning.learningcircleproject.eu\/wp-content\/uploads\/2023\/07\/5.-Product-As-A-Service-LV.pdf\" target=\"_blank\" rel=\"noopener\">Infografikas<\/a><\/p>\n<\/div>\n<\/div>\n<p><!--more--><br \/>\n<!-- {\"type\":\"layout\",\"children\":[{\"type\":\"section\",\"props\":{\"style\":\"muted\",\"width\":\"default\",\"vertical_align\":\"middle\",\"title_position\":\"top-left\",\"title_rotation\":\"left\",\"title_breakpoint\":\"xl\",\"image_position\":\"center-center\",\"padding_remove_top\":false,\"animation\":\"fade\",\"animation_delay\":\"200\"},\"children\":[{\"type\":\"row\",\"children\":[{\"type\":\"column\",\"props\":{\"position_sticky_breakpoint\":\"m\",\"image_position\":\"center-center\",\"media_overlay_gradient\":\"\"},\"children\":[{\"type\":\"headline\",\"props\":{\"title_element\":\"h1\",\"title_style\":\"h1\",\"text_align\":\"left\"},\"name\":\"headline-pages\",\"source\":{\"query\":{\"name\":\"pages.singlePage\"},\"props\":{\"content\":{\"filters\":{\"search\":\"\"},\"name\":\"title\"}}}}]}]},{\"type\":\"row\",\"children\":[{\"type\":\"column\",\"props\":{\"position_sticky_breakpoint\":\"m\",\"image_position\":\"center-center\",\"media_overlay_gradient\":\"\"},\"children\":[{\"type\":\"text\",\"props\":{\"margin\":\"default\",\"column_breakpoint\":\"m\",\"content\":\"\n\n<p>EduZines un interakt\\u012bv\\u0101s infografikas par aprites ekonomikas uz\\u0146\\u0113m\\u0113jdarb\\u012bbas mode\\u013ciem, kas inovat\\u012bviem aprites ekonomikas uz\\u0146\\u0113m\\u0113jiem sniegs m\\u0101c\\u012bbu iesp\\u0113jas viedt\\u0101lru\\u0146os. EduZines un interakt\\u012bv\\u0101s infografikas tiks izstr\\u0101d\\u0101tas par katru no 5 izplat\\u012bt\\u0101kajiem KRM:<\\\/p>\\n\n\n<ol>\\n\n\n<li>Cirkul\\u0101r\\u0101s pieg\\u0101des vai sl\\u0113gta cikla otrreiz\\u0113j\\u0101 p\\u0101rstr\\u0101de<\\\/li>\\n\n\n<li>Resursu re\\u0123ener\\u0101cija vai otrreiz\\u0113ja p\\u0101rstr\\u0101de<\\\/li>\\n\n\n<li>Produkta kalpo\\u0161anas laika pagarin\\u0101\\u0161ana vai otrreiz\\u0113ja p\\u0101rstr\\u0101de<\\\/li>\\n\n\n<li>Koplieto\\u0161anas platformas jeb industri\\u0101l\\u0101 simbioze<\\\/li>\\n\n\n<li>Produkts k\\u0101 pakalpojums<\\\/li>\\n<\\\/ol>\"}}]}]},{\"type\":\"row\",\"children\":[{\"type\":\"column\",\"props\":{\"position_sticky_breakpoint\":\"m\",\"image_position\":\"center-center\",\"media_overlay_gradient\":\"\",\"width_medium\":\"1-2\"},\"children\":[{\"name\":\"Panel Image Left\",\"type\":\"panel\",\"children\":null,\"props\":{\"link_text\":\"\",\"title_hover_style\":\"reset\",\"title_element\":\"h3\",\"title_align\":\"top\",\"title_grid_width\":\"1-2\",\"title_grid_breakpoint\":\"m\",\"meta_style\":\"text-meta\",\"meta_align\":\"above-title\",\"meta_element\":\"div\",\"content_column_breakpoint\":\"m\",\"icon_width\":80,\"image_align\":\"left\",\"image_grid_width\":\"2-5\",\"image_grid_breakpoint\":\"s\",\"image_svg_color\":\"emphasis\",\"link_style\":\"primary\",\"margin\":\"default\",\"title\":\"Cirkul\\u0101r\\u0101s pieg\\u0101des vai sl\\u0113gta cikla otrreiz\\u0113j\\u0101 p\\u0101rstr\\u0101de\",\"meta\":\"\",\"content\":\"\n\n<p><a class=\\\"uk-button uk-button-primary\\\" href=\\\"https:\\\/\\\/elearning.learningcircleproject.eu\\\/wp-content\\\/uploads\\\/2023\\\/06\\\/Closed-Loop-Recycling-Advanced-LV.pdf\\\" target=\\\"_blank\\\" rel=\\\"noopener\\\">Uzlabots<\\\/a><\\\/p>\\n\n\n<p><a class=\\\"uk-button uk-button-primary\\\" href=\\\"https:\\\/\\\/elearning.learningcircleproject.eu\\\/wp-content\\\/uploads\\\/2023\\\/06\\\/Closed-Loop-Recycling-Intermediate-LV.pdf\\\" target=\\\"_blank\\\" rel=\\\"noopener\\\">Starpposma<\\\/a><\\\/p>\\n\n\n<p><a class=\\\"uk-button uk-button-primary\\\" href=\\\"https:\\\/\\\/elearning.learningcircleproject.eu\\\/wp-content\\\/uploads\\\/2023\\\/07\\\/1.-Circular-Supplies-LV.pdf\\\" target=\\\"_blank\\\" rel=\\\"noopener\\\">Infografikas<\\\/a><\\\/p>\",\"image\":\"\",\"link\":\"\",\"panel_style\":\"tile-secondary\",\"link_margin\":\"medium\",\"meta_margin\":\"small\",\"title_margin\":\"small\",\"image_width\":\"960\",\"content_margin\":\"small\",\"image_vertical_align\":true,\"block_align\":\"center\",\"image_height\":\"1280\",\"panel_image_no_padding\":true,\"panel_padding\":\"default\",\"panel_link\":false}}]},{\"type\":\"column\",\"props\":{\"position_sticky_breakpoint\":\"m\",\"image_position\":\"center-center\",\"media_overlay_gradient\":\"\",\"width_medium\":\"1-2\"},\"children\":[{\"name\":\"Panel Image Left\",\"type\":\"panel\",\"children\":null,\"props\":{\"link_text\":\"Read more\",\"title_hover_style\":\"reset\",\"title_element\":\"h3\",\"title_align\":\"top\",\"title_grid_width\":\"1-2\",\"title_grid_breakpoint\":\"m\",\"meta_style\":\"text-meta\",\"meta_align\":\"above-title\",\"meta_element\":\"div\",\"content_column_breakpoint\":\"m\",\"icon_width\":80,\"image_align\":\"left\",\"image_grid_width\":\"2-5\",\"image_grid_breakpoint\":\"s\",\"image_svg_color\":\"emphasis\",\"link_style\":\"primary\",\"margin\":\"default\",\"title\":\"Resursu re\\u0123ener\\u0101cija vai otrreiz\\u0113ja p\\u0101rstr\\u0101de\",\"meta\":\"\",\"content\":\"\n\n<p><a class=\\\"uk-button uk-button-primary\\\" href=\\\"https:\\\/\\\/elearning.learningcircleproject.eu\\\/wp-content\\\/uploads\\\/2023\\\/06\\\/Resource-Recovery-Advanced-LV.pdf\\\" target=\\\"_blank\\\" rel=\\\"noopener\\\">Uzlabots<\\\/a><\\\/p>\\n\n\n<p><a class=\\\"uk-button uk-button-primary\\\" href=\\\"https:\\\/\\\/elearning.learningcircleproject.eu\\\/wp-content\\\/uploads\\\/2023\\\/06\\\/Closed-Loop-Recycling-Intermediate-LV.pdf\\\" target=\\\"_blank\\\" rel=\\\"noopener\\\">Starpposma<\\\/a><\\\/p>\\n\n\n<p><a class=\\\"uk-button uk-button-primary\\\" href=\\\"https:\\\/\\\/elearning.learningcircleproject.eu\\\/wp-content\\\/uploads\\\/2023\\\/07\\\/2.-Resource-Recovery-or-Down-cycling-LV.pdf\\\" target=\\\"_blank\\\" rel=\\\"noopener\\\">Infografikas<\\\/a><\\\/p>\",\"image\":\"\",\"link\":\"\",\"panel_style\":\"tile-primary\",\"link_margin\":\"medium\",\"meta_margin\":\"small\",\"title_margin\":\"small\",\"image_width\":\"960\",\"content_margin\":\"small\",\"image_vertical_align\":true,\"block_align\":\"center\",\"image_height\":\"1280\",\"panel_image_no_padding\":true,\"panel_padding\":\"default\",\"panel_link\":true}}]}],\"props\":{\"layout\":\"1-2,1-2\"}},{\"type\":\"row\",\"children\":[{\"type\":\"column\",\"props\":{\"position_sticky_breakpoint\":\"m\",\"image_position\":\"center-center\",\"media_overlay_gradient\":\"\"},\"children\":[{\"name\":\"Divider Style Vertical\",\"type\":\"divider\",\"children\":null,\"props\":{\"divider_element\":\"hr\",\"divider_style\":\"vertical\",\"divider_align\":\"center\",\"visibility\":\"l\"}}]}]},{\"type\":\"row\",\"children\":[{\"type\":\"column\",\"props\":{\"position_sticky_breakpoint\":\"m\",\"image_position\":\"center-center\",\"media_overlay_gradient\":\"\",\"width_medium\":\"1-2\"},\"children\":[{\"name\":\"Panel Image Left\",\"type\":\"panel\",\"children\":null,\"props\":{\"link_text\":\"\",\"title_hover_style\":\"reset\",\"title_element\":\"h3\",\"title_align\":\"top\",\"title_grid_width\":\"1-2\",\"title_grid_breakpoint\":\"m\",\"meta_style\":\"text-meta\",\"meta_align\":\"above-title\",\"meta_element\":\"div\",\"content_column_breakpoint\":\"m\",\"icon_width\":80,\"image_align\":\"left\",\"image_grid_width\":\"2-5\",\"image_grid_breakpoint\":\"s\",\"image_svg_color\":\"emphasis\",\"link_style\":\"primary\",\"margin\":\"default\",\"title\":\"Produkta kalpo\\u0161anas laika pagarin\\u0101\\u0161ana vai otrreiz\\u0113ja p\\u0101rstr\\u0101de\",\"meta\":\"\",\"content\":\"\n\n<p><a class=\\\"uk-button uk-button-primary\\\" href=\\\"https:\\\/\\\/elearning.learningcircleproject.eu\\\/wp-content\\\/uploads\\\/2023\\\/06\\\/PLE-or-Upcycling-Advanced-LV.pdf\\\" target=\\\"_blank\\\" rel=\\\"noopener\\\">Uzlabots<\\\/a><\\\/p>\\n\n\n<p><a class=\\\"uk-button uk-button-primary\\\" href=\\\"https:\\\/\\\/elearning.learningcircleproject.eu\\\/wp-content\\\/uploads\\\/2023\\\/06\\\/PLE-or-Upcycling-Intermediate-LV.pdf\\\" target=\\\"_blank\\\" rel=\\\"noopener\\\">Starpposma<\\\/a><\\\/p>\\n\n\n<p><a class=\\\"uk-button uk-button-primary\\\" href=\\\"https:\\\/\\\/elearning.learningcircleproject.eu\\\/wp-content\\\/uploads\\\/2023\\\/07\\\/3.-Product-Life-Extension-or-Upcycling-LV.pdf\\\" target=\\\"_blank\\\" rel=\\\"noopener\\\">Infografikas<\\\/a><\\\/p>\",\"image\":\"\",\"link\":\"\",\"panel_style\":\"tile-primary\",\"link_margin\":\"medium\",\"meta_margin\":\"small\",\"title_margin\":\"small\",\"image_width\":\"960\",\"content_margin\":\"small\",\"image_vertical_align\":true,\"block_align\":\"center\",\"image_height\":\"1280\",\"panel_image_no_padding\":true,\"panel_padding\":\"default\",\"panel_link\":true}}]},{\"type\":\"column\",\"props\":{\"position_sticky_breakpoint\":\"m\",\"image_position\":\"center-center\",\"media_overlay_gradient\":\"\",\"width_medium\":\"1-2\"},\"children\":[{\"name\":\"Panel Image Left\",\"type\":\"panel\",\"children\":null,\"props\":{\"link_text\":\"Read more\",\"title_hover_style\":\"reset\",\"title_element\":\"h3\",\"title_align\":\"top\",\"title_grid_width\":\"1-2\",\"title_grid_breakpoint\":\"m\",\"meta_style\":\"text-meta\",\"meta_align\":\"above-title\",\"meta_element\":\"div\",\"content_column_breakpoint\":\"m\",\"icon_width\":80,\"image_align\":\"left\",\"image_grid_width\":\"2-5\",\"image_grid_breakpoint\":\"s\",\"image_svg_color\":\"emphasis\",\"link_style\":\"primary\",\"margin\":\"default\",\"title\":\"Koplieto\\u0161anas platformas jeb industri\\u0101l\\u0101 simbioze\",\"meta\":\"\",\"content\":\"\n\n<p><a class=\\\"uk-button uk-button-primary\\\" href=\\\"https:\\\/\\\/elearning.learningcircleproject.eu\\\/wp-content\\\/uploads\\\/2023\\\/06\\\/Sharing-Platforms-or-Symbiosis-Advanced-LV.pdf\\\" target=\\\"_blank\\\" rel=\\\"noopener\\\">Uzlabots<\\\/a><\\\/p>\\n\n\n<p><a class=\\\"uk-button uk-button-primary\\\" href=\\\"https:\\\/\\\/elearning.learningcircleproject.eu\\\/wp-content\\\/uploads\\\/2023\\\/06\\\/Sharing-Platforms-or-Symbiosis-Intermediate-LV.pdf\\\" target=\\\"_blank\\\" rel=\\\"noopener\\\">Starpposma<\\\/a><\\\/p>\\n\n\n<p><a class=\\\"uk-button uk-button-primary\\\" href=\\\"https:\\\/\\\/elearning.learningcircleproject.eu\\\/wp-content\\\/uploads\\\/2023\\\/07\\\/4.-Sharing-Platforms-or-Industrial-Symbiosis-LV.pdf\\\" target=\\\"_blank\\\" rel=\\\"noopener\\\">Infografikas<\\\/a><\\\/p>\",\"image\":\"\",\"link\":\"\",\"panel_style\":\"tile-secondary\",\"link_margin\":\"medium\",\"meta_margin\":\"small\",\"title_margin\":\"small\",\"image_width\":\"960\",\"content_margin\":\"small\",\"image_vertical_align\":true,\"block_align\":\"center\",\"image_height\":\"1280\",\"panel_image_no_padding\":true,\"panel_padding\":\"default\",\"panel_link\":true}}]}],\"props\":{\"layout\":\"1-2,1-2\"}},{\"type\":\"row\",\"children\":[{\"type\":\"column\",\"props\":{\"position_sticky_breakpoint\":\"m\",\"image_position\":\"center-center\",\"media_overlay_gradient\":\"\"},\"children\":[{\"name\":\"Divider Style Vertical\",\"type\":\"divider\",\"children\":null,\"props\":{\"divider_element\":\"hr\",\"divider_style\":\"vertical\",\"divider_align\":\"center\",\"visibility\":\"l\"}}]}]},{\"type\":\"row\",\"children\":[{\"type\":\"column\",\"props\":{\"position_sticky_breakpoint\":\"m\",\"image_position\":\"center-center\",\"media_overlay_gradient\":\"\",\"width_medium\":\"1-2\"},\"children\":[{\"name\":\"Panel Image Left\",\"type\":\"panel\",\"children\":null,\"props\":{\"link_text\":\"Read more\",\"title_hover_style\":\"reset\",\"title_element\":\"h3\",\"title_align\":\"top\",\"title_grid_width\":\"1-2\",\"title_grid_breakpoint\":\"m\",\"meta_style\":\"text-meta\",\"meta_align\":\"above-title\",\"meta_element\":\"div\",\"content_column_breakpoint\":\"m\",\"icon_width\":80,\"image_align\":\"left\",\"image_grid_width\":\"2-5\",\"image_grid_breakpoint\":\"s\",\"image_svg_color\":\"emphasis\",\"link_style\":\"primary\",\"margin\":\"default\",\"title\":\"Produkts k\\u0101 pakalpojums\",\"meta\":\"\",\"content\":\"\n\n<p><a class=\\\"uk-button uk-button-primary\\\" href=\\\"https:\\\/\\\/elearning.learningcircleproject.eu\\\/wp-content\\\/uploads\\\/2023\\\/06\\\/Product-as-a-Service-Advanced-LV.pdf\\\" target=\\\"_blank\\\" rel=\\\"noopener\\\">Uzlabots<\\\/a><\\\/p>\\n\n\n<p><a class=\\\"uk-button uk-button-primary\\\" href=\\\"https:\\\/\\\/elearning.learningcircleproject.eu\\\/wp-content\\\/uploads\\\/2023\\\/06\\\/Product-as-A-Service-Intermediate-LV.pdf\\\" target=\\\"_blank\\\" rel=\\\"noopener\\\">Starpposma<\\\/a><\\\/p>\\n\n\n<p><a class=\\\"uk-button uk-button-primary\\\" href=\\\"https:\\\/\\\/elearning.learningcircleproject.eu\\\/wp-content\\\/uploads\\\/2023\\\/07\\\/5.-Product-As-A-Service-LV.pdf\\\" target=\\\"_blank\\\" rel=\\\"noopener\\\">Infografikas<\\\/a><\\\/p>\",\"image\":\"\",\"link\":\"\",\"panel_style\":\"tile-secondary\",\"link_margin\":\"medium\",\"meta_margin\":\"small\",\"title_margin\":\"small\",\"image_width\":\"960\",\"content_margin\":\"small\",\"image_vertical_align\":true,\"block_align\":\"center\",\"image_height\":\"1280\",\"panel_image_no_padding\":true,\"panel_padding\":\"default\",\"panel_link\":true}}]},{\"type\":\"column\",\"props\":{\"position_sticky_breakpoint\":\"m\",\"image_position\":\"center-center\",\"media_overlay_gradient\":\"\",\"width_medium\":\"1-2\"},\"children\":[]}],\"props\":{\"layout\":\"1-2,1-2\"}}]}],\"version\":\"3.0.9\"} --><\/p>\n","protected":false},"excerpt":{"rendered":"<p>EduZines un interakt\u012bv\u0101s infografikas par aprites ekonomikas uz\u0146\u0113m\u0113jdarb\u012bbas mode\u013ciem, kas inovat\u012bviem aprites ekonomikas uz\u0146\u0113m\u0113jiem sniegs m\u0101c\u012bbu iesp\u0113jas viedt\u0101lru\u0146os. EduZines un interakt\u012bv\u0101s infografikas tiks izstr\u0101d\u0101tas par..<\/p>\n","protected":false},"author":1,"featured_media":0,"parent":0,"menu_order":0,"comment_status":"closed","ping_status":"closed","template":"","meta":{"_acf_changed":false,"inline_featured_image":false,"footnotes":""},"class_list":["post-1513","page","type-page","status-publish","hentry"],"acf":[],"_links":{"self":[{"href":"https:\/\/elearning.learningcircleproject.eu\/lv\/wp-json\/wp\/v2\/pages\/1513","targetHints":{"allow":["GET"]}}],"collection":[{"href":"https:\/\/elearning.learningcircleproject.eu\/lv\/wp-json\/wp\/v2\/pages"}],"about":[{"href":"https:\/\/elearning.learningcircleproject.eu\/lv\/wp-json\/wp\/v2\/types\/page"}],"author":[{"embeddable":true,"href":"https:\/\/elearning.learningcircleproject.eu\/lv\/wp-json\/wp\/v2\/users\/1"}],"replies":[{"embeddable":true,"href":"https:\/\/elearning.learningcircleproject.eu\/lv\/wp-json\/wp\/v2\/comments?post=1513"}],"version-history":[{"count":13,"href":"https:\/\/elearning.learningcircleproject.eu\/lv\/wp-json\/wp\/v2\/pages\/1513\/revisions"}],"predecessor-version":[{"id":5534,"href":"https:\/\/elearning.learningcircleproject.eu\/lv\/wp-json\/wp\/v2\/pages\/1513\/revisions\/5534"}],"wp:attachment":[{"href":"https:\/\/elearning.learningcircleproject.eu\/lv\/wp-json\/wp\/v2\/media?parent=1513"}],"curies":[{"name":"wp","href":"https:\/\/api.w.org\/{rel}","templated":true}]}}