{"id":1534,"date":"2023-05-25T09:12:10","date_gmt":"2023-05-25T09:12:10","guid":{"rendered":"https:\/\/elearning.learningcircleproject.eu\/part-a\/"},"modified":"2023-06-29T12:15:34","modified_gmt":"2023-06-29T12:15:34","slug":"part-a","status":"publish","type":"page","link":"https:\/\/elearning.learningcircleproject.eu\/es\/part-a\/","title":{"rendered":"PARTE A &#8211; Fomentar el esp\u00edritu empresarial"},"content":{"rendered":"<div>\n<p>La primera parte contribuye a desarrollar las habilidades de los tutores de FP para<\/p>\n<ol>\n<li>crear un esp\u00edritu emprendedor en el grupo objetivo de tutores de EFP<\/li>\n<li>fomentar la comprensi\u00f3n de la econom\u00eda circular<\/li>\n<\/ol>\n<\/div>\n<h3>Aprendizaje autodirigido<\/h3>\n<div>\n<p>Este contenido se presenta en este manual como una serie de m\u00f3dulos de aprendizaje autodirigido, que incluyen contenido te\u00f3rico clave, estudios de casos, material de lectura adicional y enlaces a breves recursos de v\u00eddeo introductorios que proporcionar\u00e1n una breve visi\u00f3n general de los temas para los tutores de EFP y que est\u00e1n pensados para que los vean antes de comenzar los m\u00f3dulos de aprendizaje autodirigido.<\/p>\n<ul>\n<li>M\u00f3dulo 1: Esp\u00edritu empresarial y emprendimiento social<\/li>\n<li>M\u00f3dulo 2: Econom\u00eda circular frente a econom\u00eda lineal<\/li>\n<li>M\u00f3dulo 3: Modelos de negocio circulares<\/li>\n<li>M\u00f3dulo 4: Buenas pr\u00e1cticas en CE y emprendimiento social<\/li>\n<li><span>M\u00f3dulo 5: Investigaci\u00f3n de mercados: M\u00e9todos y herramientas <\/span><span><br \/><\/span><\/li>\n<li>M\u00f3dulo 6: C\u00f3mo elaborar un plan de negocio<\/li>\n<li>M\u00f3dulo 7: Financiaci\u00f3n para emprendedores dela econom\u00eda circular<\/li>\n<li>M\u00f3dulo 8: Encontrar colaboradores &#8211; Ampliar la red<\/li>\n<\/ul>\n<\/div>\n<p>\n    <a href=\"\/wp-content\/uploads\/2023\/06\/LEARNING-CIRCLE-In-service-training-programme-Part-A_self-directed-learning_es.pdf\">Descargar Aprendizaje autodirigido<\/a>\n<\/p>\n<hr>\n<h3>Cara a cara<\/h3>\n<div>\n<p>Se incluyen recursos para ayudar a los formadores a impartir esta formaci\u00f3n presencial.<\/p>\n<\/div>\n<p>\n    <a href=\"\/wp-content\/uploads\/2023\/06\/LEARNING-CIRCLE-In-service-training-programme-Part-A_f2f-manual_ES.pdf\">Descargar actividades<\/a>\n<\/p>\n<h4>Presentaciones<\/h4>\n<ul>\n<li>\n        <a href=\"\/wp-content\/uploads\/2023\/06\/LEARNING-CIRCLE-In-service-training-Programme_Module-1_PPT1_ES.pdf\">M1: Esp\u00edritu empresarial y emprendimiento social &#8211; PPT 1<\/a>\n    <\/li>\n<li>\n        <a href=\"\/wp-content\/uploads\/2023\/06\/LEARNING-CIRCLE-In-service-training-Programme_Module-1_PPT2_ES.pdf\">M1: Esp\u00edritu empresarial y emprendimiento social &#8211; PPT 2<\/a>\n    <\/li>\n<li>\n        <a href=\"\/wp-content\/uploads\/2023\/06\/LEARNING-CIRCLE-In-service-training-Programme_Module-1_PPT3_ES.pdf\">M1: Esp\u00edritu empresarial y emprendimiento social &#8211; PPT 3<\/a>\n    <\/li>\n<li>\n        <a href=\"\/wp-content\/uploads\/2023\/06\/LEARNING-CIRCLE-In-service-training-Programme_Module-2_PPT1_ES.pdf\">M2: Econom\u00eda circular frente a econom\u00eda lineal &#8211; PPT 1<\/a>\n    <\/li>\n<li>\n        <a href=\"\/wp-content\/uploads\/2023\/06\/LEARNING-CIRCLE-In-service-training-Programme_Module-2_PPT2_ES.pdf\">M2: Econom\u00eda circular frente a econom\u00eda lineal &#8211; PPT 2<\/a>\n    <\/li>\n<\/ul>\n<ul>\n<li>\n        <a href=\"\/wp-content\/uploads\/2023\/06\/LEARNING-CIRCLE-In-service-training-Programme_Module-3_PPT_ES.pdf\">M3: Modelos de negocio circulares &#8211; PPT<\/a>\n    <\/li>\n<li>\n        <a href=\"\/wp-content\/uploads\/2023\/06\/LEARNING-CIRCLE-In-service-training-Programme_Module-4_PPT1_ES.pdf\">M4: Buenas pr\u00e1cticas en CE y emprendimiento social &#8211; PPT 1<\/a>\n    <\/li>\n<li>\n        <a href=\"\/wp-content\/uploads\/2023\/06\/LEARNING-CIRCLE-In-service-training-Programme_Module-4_PPT2_ES.pdf\">M4: Buenas pr\u00e1cticas en CE y emprendimiento social &#8211; PPT 2<\/a>\n    <\/li>\n<li>\n        <a href=\"\/wp-content\/uploads\/2023\/06\/LEARNING-CIRCLE-In-service-training-Programme_Module-4_PPT3_ES.pdf\">M4: Buenas pr\u00e1cticas en CE y emprendimiento social &#8211; PPT 3<\/a>\n    <\/li>\n<li>\n        <a href=\"\/wp-content\/uploads\/2023\/06\/Learning-Circle-Powerpoint-Template-Module5-RO.pptx.pdf\">M5: Investigaci\u00f3n de mercados: M\u00e9todos y herramientas &#8211; PPT<\/a>\n    <\/li>\n<\/ul>\n<ul>\n<li>\n        <a href=\"\/wp-content\/uploads\/2023\/06\/LEARNING-CIRCLE-In-service-training-Programme_Module-6_PPT1_ES.pdf\">M6: C\u00f3mo elaborar un plan de negocio &#8211; PPT 1<\/a>\n    <\/li>\n<li>\n        <a href=\"\/wp-content\/uploads\/2023\/06\/LEARNING-CIRCLE-In-service-training-Programme_Module-6_PPT2-es.pdf\">M6: C\u00f3mo elaborar un plan de negocio &#8211; PPT 2<\/a>\n    <\/li>\n<li>\n        <a href=\"\/wp-content\/uploads\/2023\/06\/LEARNING-CIRCLE-In-service-training-Programme_Module-7_PPT1_ES.pdf\">M7: Financiaci\u00f3n para emprendedores dela econom\u00eda circular &#8211; PPT<\/a>\n    <\/li>\n<li>\n        <a href=\"\/wp-content\/uploads\/2023\/06\/LEARNING-CIRCLE-In-service-training-Programme_Module-8_PPT1_ES.pdf\">M8:  Encontrar colaboradores \u2013 Ampliar la red &#8211; PPT 1<\/a>\n    <\/li>\n<li>\n        <a href=\"\/wp-content\/uploads\/2023\/06\/LEARNING-CIRCLE-In-service-training-Programme_Module-8_PPT2_ES.pdf\">M8: Encontrar colaboradores \u2013 Ampliar la red &#8211; PPT 2<\/a>\n    <\/li>\n<\/ul>\n<p><!--more--><br \/>\n<!-- {\"type\":\"layout\",\"children\":[{\"type\":\"section\",\"props\":{\"style\":\"default\",\"width\":\"default\",\"vertical_align\":\"middle\",\"title_position\":\"top-left\",\"title_rotation\":\"left\",\"title_breakpoint\":\"xl\",\"image_position\":\"center-center\"},\"children\":[{\"type\":\"row\",\"children\":[{\"type\":\"column\",\"props\":{\"position_sticky_breakpoint\":\"m\",\"image_position\":\"center-center\",\"media_overlay_gradient\":\"\"},\"children\":[{\"type\":\"headline\",\"props\":{\"title_element\":\"h1\"},\"source\":{\"query\":{\"name\":\"pages.singlePage\"},\"props\":{\"content\":{\"filters\":{\"search\":\"\"},\"name\":\"title\"}}}}]}]},{\"type\":\"row\",\"children\":[{\"type\":\"column\",\"props\":{\"position_sticky_breakpoint\":\"m\",\"image_position\":\"center-center\",\"media_overlay_gradient\":\"\"},\"children\":[{\"type\":\"text\",\"props\":{\"margin\":\"default\",\"column_breakpoint\":\"m\",\"content\":\"\n\n<p>La primera parte contribuye a desarrollar las habilidades de los tutores de FP para<\\\/p>\\n\n\n<ol>\\n\n\n<li>crear un esp\\u00edritu emprendedor en el grupo objetivo de tutores de EFP<\\\/li>\\n\n\n<li>fomentar la comprensi\\u00f3n de la econom\\u00eda circular<\\\/li>\\n<\\\/ol>\"}}]}]},{\"type\":\"row\",\"children\":[{\"type\":\"column\",\"props\":{\"position_sticky_breakpoint\":\"m\",\"image_position\":\"center-center\",\"media_overlay_gradient\":\"\"},\"children\":[{\"type\":\"headline\",\"props\":{\"title_element\":\"h3\",\"content\":\"Aprendizaje autodirigido\"}},{\"type\":\"text\",\"props\":{\"margin\":\"default\",\"column_breakpoint\":\"m\",\"content\":\"\n\n<p>Este contenido se presenta en este manual como una serie de m\\u00f3dulos de aprendizaje autodirigido, que incluyen contenido te\\u00f3rico clave, estudios de casos, material de lectura adicional y enlaces a breves recursos de v\\u00eddeo introductorios que proporcionar\\u00e1n una breve visi\\u00f3n general de los temas para los tutores de EFP y que est\\u00e1n pensados para que los vean antes de comenzar los m\\u00f3dulos de aprendizaje autodirigido.<\\\/p>\\n\n\n<ul>\\n\n\n<li>M\\u00f3dulo 1: Esp\\u00edritu empresarial y emprendimiento social<\\\/li>\\n\n\n<li>M\\u00f3dulo 2: Econom\\u00eda circular frente a econom\\u00eda lineal<\\\/li>\\n\n\n<li>M\\u00f3dulo 3: Modelos de negocio circulares<\\\/li>\\n\n\n<li>M\\u00f3dulo 4: Buenas pr\\u00e1cticas en CE y emprendimiento social<\\\/li>\\n\n\n<li><span>M\\u00f3dulo 5: Investigaci\\u00f3n de mercados: M\\u00e9todos y herramientas <\\\/span><span><br \\\/><\\\/span><\\\/li>\\n\n\n<li>M\\u00f3dulo 6: C\\u00f3mo elaborar un plan de negocio<\\\/li>\\n\n\n<li>M\\u00f3dulo 7: Financiaci\\u00f3n para emprendedores dela econom\\u00eda circular<\\\/li>\\n\n\n<li>M\\u00f3dulo 8: Encontrar colaboradores - Ampliar la red<\\\/li>\\n<\\\/ul>\"}},{\"type\":\"button\",\"props\":{\"grid_column_gap\":\"small\",\"grid_row_gap\":\"small\",\"margin\":\"default\"},\"children\":[{\"type\":\"button_item\",\"props\":{\"button_style\":\"default\",\"icon_align\":\"left\",\"content\":\"Descargar Aprendizaje autodirigido\",\"link\":\"wp-content\\\/uploads\\\/2023\\\/06\\\/LEARNING-CIRCLE-In-service-training-programme-Part-A_self-directed-learning_es.pdf\",\"link_target\":\"blank\"}}]}]}]},{\"type\":\"row\",\"children\":[{\"type\":\"column\",\"props\":{\"position_sticky_breakpoint\":\"m\",\"image_position\":\"center-center\",\"media_overlay_gradient\":\"\"},\"children\":[{\"type\":\"divider\",\"props\":{\"divider_element\":\"hr\"}}]}]},{\"type\":\"row\",\"children\":[{\"type\":\"column\",\"props\":{\"position_sticky_breakpoint\":\"m\",\"image_position\":\"center-center\",\"media_overlay_gradient\":\"\"},\"children\":[{\"type\":\"headline\",\"props\":{\"title_element\":\"h3\",\"content\":\"Cara a cara\"}},{\"type\":\"text\",\"props\":{\"margin\":\"default\",\"column_breakpoint\":\"m\",\"content\":\"\n\n<p>Se incluyen recursos para ayudar a los formadores a impartir esta formaci\\u00f3n presencial.<\\\/p>\"}},{\"type\":\"button\",\"props\":{\"grid_column_gap\":\"small\",\"grid_row_gap\":\"small\",\"margin\":\"default\"},\"children\":[{\"type\":\"button_item\",\"props\":{\"button_style\":\"default\",\"icon_align\":\"left\",\"content\":\"Descargar actividades\",\"link\":\"wp-content\\\/uploads\\\/2023\\\/06\\\/LEARNING-CIRCLE-In-service-training-programme-Part-A_f2f-manual_ES.pdf\",\"link_target\":\"blank\"}}]},{\"type\":\"headline\",\"props\":{\"title_element\":\"h4\",\"content\":\"Presentaciones\",\"margin_remove_top\":true}}]}]},{\"type\":\"row\",\"props\":{\"margin_remove_top\":false,\"margin\":\"small\"},\"children\":[{\"type\":\"column\",\"props\":{\"position_sticky_breakpoint\":\"m\",\"image_position\":\"center-center\",\"media_overlay_gradient\":\"\",\"width_medium\":\"\"},\"children\":[{\"type\":\"button\",\"props\":{\"grid_column_gap\":\"small\",\"grid_row_gap\":\"small\",\"margin\":\"default\"},\"children\":[{\"type\":\"button_item\",\"props\":{\"button_style\":\"default\",\"icon_align\":\"left\",\"content\":\"M1: Esp\\u00edritu empresarial y emprendimiento social - PPT 1\",\"link\":\"wp-content\\\/uploads\\\/2023\\\/06\\\/LEARNING-CIRCLE-In-service-training-Programme_Module-1_PPT1_ES.pdf\",\"link_target\":\"blank\"}},{\"type\":\"button_item\",\"props\":{\"button_style\":\"default\",\"icon_align\":\"left\",\"content\":\"M1: Esp\\u00edritu empresarial y emprendimiento social - PPT 2\",\"link\":\"wp-content\\\/uploads\\\/2023\\\/06\\\/LEARNING-CIRCLE-In-service-training-Programme_Module-1_PPT2_ES.pdf\",\"link_target\":\"blank\"}},{\"type\":\"button_item\",\"props\":{\"button_style\":\"default\",\"icon_align\":\"left\",\"content\":\"M1: Esp\\u00edritu empresarial y emprendimiento social - PPT 3\",\"link\":\"wp-content\\\/uploads\\\/2023\\\/06\\\/LEARNING-CIRCLE-In-service-training-Programme_Module-1_PPT3_ES.pdf\",\"link_target\":\"blank\"}},{\"type\":\"button_item\",\"props\":{\"button_style\":\"default\",\"icon_align\":\"left\",\"content\":\"M2: Econom\\u00eda circular frente a econom\\u00eda lineal - PPT 1\",\"link\":\"wp-content\\\/uploads\\\/2023\\\/06\\\/LEARNING-CIRCLE-In-service-training-Programme_Module-2_PPT1_ES.pdf\",\"link_target\":\"blank\"}},{\"type\":\"button_item\",\"props\":{\"button_style\":\"default\",\"icon_align\":\"left\",\"content\":\"M2: Econom\\u00eda circular frente a econom\\u00eda lineal - PPT 2\",\"link\":\"wp-content\\\/uploads\\\/2023\\\/06\\\/LEARNING-CIRCLE-In-service-training-Programme_Module-2_PPT2_ES.pdf\",\"link_target\":\"blank\"}}]},{\"type\":\"button\",\"props\":{\"grid_column_gap\":\"small\",\"grid_row_gap\":\"small\",\"margin\":\"default\"},\"children\":[{\"type\":\"button_item\",\"props\":{\"button_style\":\"default\",\"icon_align\":\"left\",\"content\":\"M3: Modelos de negocio circulares - PPT\",\"link\":\"wp-content\\\/uploads\\\/2023\\\/06\\\/LEARNING-CIRCLE-In-service-training-Programme_Module-3_PPT_ES.pdf\",\"link_target\":\"blank\"}},{\"type\":\"button_item\",\"props\":{\"button_style\":\"default\",\"icon_align\":\"left\",\"content\":\"M4: Buenas pr\\u00e1cticas en CE y emprendimiento social - PPT 1\",\"link\":\"wp-content\\\/uploads\\\/2023\\\/06\\\/LEARNING-CIRCLE-In-service-training-Programme_Module-4_PPT1_ES.pdf\",\"link_target\":\"blank\"}},{\"type\":\"button_item\",\"props\":{\"button_style\":\"default\",\"icon_align\":\"left\",\"content\":\"M4: Buenas pr\\u00e1cticas en CE y emprendimiento social - PPT 2\",\"link\":\"wp-content\\\/uploads\\\/2023\\\/06\\\/LEARNING-CIRCLE-In-service-training-Programme_Module-4_PPT2_ES.pdf\",\"link_target\":\"blank\"}},{\"type\":\"button_item\",\"props\":{\"button_style\":\"default\",\"icon_align\":\"left\",\"content\":\"M4: Buenas pr\\u00e1cticas en CE y emprendimiento social - PPT 3\",\"link\":\"wp-content\\\/uploads\\\/2023\\\/06\\\/LEARNING-CIRCLE-In-service-training-Programme_Module-4_PPT3_ES.pdf\",\"link_target\":\"blank\"}},{\"type\":\"button_item\",\"props\":{\"button_style\":\"default\",\"icon_align\":\"left\",\"content\":\"M5: Investigaci\\u00f3n de mercados: M\\u00e9todos y herramientas - PPT\",\"link\":\"wp-content\\\/uploads\\\/2023\\\/06\\\/Learning-Circle-Powerpoint-Template-Module5-RO.pptx.pdf\",\"link_target\":\"blank\"}}]},{\"type\":\"button\",\"props\":{\"grid_column_gap\":\"small\",\"grid_row_gap\":\"small\",\"margin\":\"default\"},\"children\":[{\"type\":\"button_item\",\"props\":{\"button_style\":\"default\",\"icon_align\":\"left\",\"content\":\"M6: C\\u00f3mo elaborar un plan de negocio - PPT 1\",\"link\":\"wp-content\\\/uploads\\\/2023\\\/06\\\/LEARNING-CIRCLE-In-service-training-Programme_Module-6_PPT1_ES.pdf\",\"link_target\":\"blank\"}},{\"type\":\"button_item\",\"props\":{\"button_style\":\"default\",\"icon_align\":\"left\",\"content\":\"M6: C\\u00f3mo elaborar un plan de negocio - PPT 2\",\"link\":\"wp-content\\\/uploads\\\/2023\\\/06\\\/LEARNING-CIRCLE-In-service-training-Programme_Module-6_PPT2-es.pdf\",\"link_target\":\"blank\"}},{\"type\":\"button_item\",\"props\":{\"button_style\":\"default\",\"icon_align\":\"left\",\"content\":\"M7: Financiaci\\u00f3n para emprendedores dela econom\\u00eda circular - PPT\",\"link\":\"wp-content\\\/uploads\\\/2023\\\/06\\\/LEARNING-CIRCLE-In-service-training-Programme_Module-7_PPT1_ES.pdf\",\"link_target\":\"blank\"}},{\"type\":\"button_item\",\"props\":{\"button_style\":\"default\",\"icon_align\":\"left\",\"content\":\"M8:  Encontrar colaboradores \\u2013 Ampliar la red - PPT 1\",\"link\":\"wp-content\\\/uploads\\\/2023\\\/06\\\/LEARNING-CIRCLE-In-service-training-Programme_Module-8_PPT1_ES.pdf\",\"link_target\":\"blank\"}},{\"type\":\"button_item\",\"props\":{\"button_style\":\"default\",\"icon_align\":\"left\",\"content\":\"M8: Encontrar colaboradores \\u2013 Ampliar la red - PPT 2\",\"link\":\"wp-content\\\/uploads\\\/2023\\\/06\\\/LEARNING-CIRCLE-In-service-training-Programme_Module-8_PPT2_ES.pdf\",\"link_target\":\"blank\"}}]}]}]}]}],\"version\":\"3.0.9\"} --><\/p>\n","protected":false},"excerpt":{"rendered":"<p>La primera parte contribuye a desarrollar las habilidades de los tutores de FP para crear un esp\u00edritu emprendedor en el grupo objetivo de tutores de..<\/p>\n","protected":false},"author":1,"featured_media":0,"parent":0,"menu_order":0,"comment_status":"closed","ping_status":"closed","template":"","meta":{"_acf_changed":false,"inline_featured_image":false,"footnotes":""},"class_list":["post-1534","page","type-page","status-publish","hentry"],"acf":[],"_links":{"self":[{"href":"https:\/\/elearning.learningcircleproject.eu\/es\/wp-json\/wp\/v2\/pages\/1534","targetHints":{"allow":["GET"]}}],"collection":[{"href":"https:\/\/elearning.learningcircleproject.eu\/es\/wp-json\/wp\/v2\/pages"}],"about":[{"href":"https:\/\/elearning.learningcircleproject.eu\/es\/wp-json\/wp\/v2\/types\/page"}],"author":[{"embeddable":true,"href":"https:\/\/elearning.learningcircleproject.eu\/es\/wp-json\/wp\/v2\/users\/1"}],"replies":[{"embeddable":true,"href":"https:\/\/elearning.learningcircleproject.eu\/es\/wp-json\/wp\/v2\/comments?post=1534"}],"version-history":[{"count":53,"href":"https:\/\/elearning.learningcircleproject.eu\/es\/wp-json\/wp\/v2\/pages\/1534\/revisions"}],"predecessor-version":[{"id":4567,"href":"https:\/\/elearning.learningcircleproject.eu\/es\/wp-json\/wp\/v2\/pages\/1534\/revisions\/4567"}],"wp:attachment":[{"href":"https:\/\/elearning.learningcircleproject.eu\/es\/wp-json\/wp\/v2\/media?parent=1534"}],"curies":[{"name":"wp","href":"https:\/\/api.w.org\/{rel}","templated":true}]}}