{"id":1528,"date":"2022-02-24T14:11:37","date_gmt":"2022-02-24T14:11:37","guid":{"rendered":"https:\/\/elearning.learningcircleproject.eu\/infographics\/"},"modified":"2023-07-04T09:03:40","modified_gmt":"2023-07-04T09:03:40","slug":"infographics","status":"publish","type":"page","link":"https:\/\/elearning.learningcircleproject.eu\/es\/infographics\/","title":{"rendered":"Emprendedores"},"content":{"rendered":"<div>\n<p>EduZines e infograf\u00edas interactivas para emprendedores innovadores de la econom\u00eda circular que abordan las diez competencias formables para emprendedores innovadores de la econom\u00eda circular:<\/p>\n<\/div>\n<h1>Eduzines<\/h1>\n<ul>\n<li>\n        <a href=\"\/wp-content\/uploads\/2023\/06\/Creative-Thinking-ES.pdf\">Pensamiento Creativo<\/a>\n    <\/li>\n<li>\n        <a href=\"\/wp-content\/uploads\/2023\/06\/Problem-Solving-ES.pdf\">Resoluci\u00f3n de Problemas<\/a>\n    <\/li>\n<li>\n        <a href=\"\/wp-content\/uploads\/2023\/06\/Leadership-and-Team-Management-ES.pdf\">Liderazgo y Gesti\u00f3n de Equipos<\/a>\n    <\/li>\n<li>\n        <a href=\"\/wp-content\/uploads\/2023\/06\/Innovation-Management-ES.pdf\">Gesti\u00f3n de la Innovaci\u00f3n<\/a>\n    <\/li>\n<li>\n        <a href=\"\/wp-content\/uploads\/2023\/06\/Agile-Management-ES.pdf\">Gesti\u00f3n \u00c1gil<\/a>\n    <\/li>\n<li>\n        <a href=\"\/wp-content\/uploads\/2023\/06\/Strategic-Planning-ES.pdf\">Planificaci\u00f3n Estrat\u00e9gica<\/a>\n    <\/li>\n<li>\n        <a href=\"\/wp-content\/uploads\/2023\/06\/Risk-Management-ES.pdf\">Gesti\u00f3n de Riesgos<\/a>\n    <\/li>\n<li>\n        <a href=\"\/wp-content\/uploads\/2023\/06\/Business-Model-Development-ES.pdf\">La Circularidad en la Empresa<\/a>\n    <\/li>\n<li>\n        <a href=\"\/wp-content\/uploads\/2023\/06\/Raising-Venture-Capital-ES.pdf\">Captaci\u00f3n de Capital Riesgo<\/a>\n    <\/li>\n<li>\n        <a href=\"\/wp-content\/uploads\/2023\/06\/Rapid-Experimentation-ES.pdf\">Experimentaci\u00f3n R\u00e1pida<\/a>\n    <\/li>\n<\/ul>\n<h1>Infogr\u00e1ficos<\/h1>\n<ul>\n<li>\n        <a href=\"\/wp-content\/uploads\/2023\/07\/1.-Creative-Thinking-ES.pdf\">Pensamiento Creativo<\/a>\n    <\/li>\n<li>\n        <a href=\"\/wp-content\/uploads\/2023\/07\/2.-Problem-Solving-ES.pdf\">Resoluci\u00f3n de Problemas<\/a>\n    <\/li>\n<li>\n        <a href=\"\/wp-content\/uploads\/2023\/07\/3.-Leadership-and-Team-Management-ES.pdf\">Liderazgo y Gesti\u00f3n de Equipos<\/a>\n    <\/li>\n<li>\n        <a href=\"\/wp-content\/uploads\/2023\/07\/5.-Innovation-Management-ES.pdf\">Gesti\u00f3n de la Innovaci\u00f3n<\/a>\n    <\/li>\n<li>\n        <a href=\"\/wp-content\/uploads\/2023\/07\/4.-Agile-Management-ES.pdf\">Gesti\u00f3n \u00c1gil<\/a>\n    <\/li>\n<li>\n        <a href=\"\/wp-content\/uploads\/2023\/07\/6.-Strategic-Planning-ES.pdf\">Planificaci\u00f3n Estrat\u00e9gica<\/a>\n    <\/li>\n<li>\n        <a href=\"\/wp-content\/uploads\/2023\/07\/7.-Risk-Management-ES.pdf\">Gesti\u00f3n de Riesgos<\/a>\n    <\/li>\n<li>\n        <a href=\"\/wp-content\/uploads\/2023\/07\/8.-Business-Model-Development-ES.pdf\">Desarrollo de Modelos de Negocio<\/a>\n    <\/li>\n<li>\n        <a href=\"\/wp-content\/uploads\/2023\/07\/9.-Raising-Venture-Capital-ES.pdf\">Captaci\u00f3n de Capital Riesgo<\/a>\n    <\/li>\n<li>\n        <a href=\"\/wp-content\/uploads\/2023\/07\/10.-Rapid-Experimentation-ES.pdf\">Experimentaci\u00f3n R\u00e1pida<\/a>\n    <\/li>\n<\/ul>\n<p><!--more--><br \/>\n<!-- {\"type\":\"layout\",\"children\":[{\"type\":\"section\",\"props\":{\"style\":\"muted\",\"width\":\"default\",\"vertical_align\":\"middle\",\"title_position\":\"top-left\",\"title_rotation\":\"left\",\"title_breakpoint\":\"xl\",\"image_position\":\"center-center\",\"padding_remove_top\":false,\"animation\":\"fade\",\"height\":\"expand\"},\"children\":[{\"type\":\"row\",\"children\":[{\"type\":\"column\",\"props\":{\"position_sticky_breakpoint\":\"m\",\"image_position\":\"center-center\",\"media_overlay_gradient\":\"\"},\"children\":[{\"type\":\"headline\",\"props\":{\"title_element\":\"h1\"},\"source\":{\"query\":{\"name\":\"pages.singlePage\"},\"props\":{\"content\":{\"filters\":{\"search\":\"\"},\"name\":\"title\"}}}}]}]},{\"type\":\"row\",\"children\":[{\"type\":\"column\",\"props\":{\"position_sticky_breakpoint\":\"m\",\"image_position\":\"center-center\",\"media_overlay_gradient\":\"\"},\"children\":[{\"type\":\"text\",\"props\":{\"margin\":\"default\",\"column_breakpoint\":\"m\",\"content\":\"\n\n<p>EduZines e infograf\\u00edas interactivas para emprendedores innovadores de la econom\\u00eda circular que abordan las diez competencias formables para emprendedores innovadores de la econom\\u00eda circular:<\\\/p>\"}},{\"type\":\"headline\",\"props\":{\"title_element\":\"h1\",\"content\":\"Eduzines\"}},{\"type\":\"button\",\"props\":{\"grid_column_gap\":\"small\",\"grid_row_gap\":\"small\",\"margin\":\"default\",\"fullwidth\":false,\"css\":\".el-item{\\n\\twidth: 50%;\\n}\\n.el-item a{\\n\\tcolor: #fff;\\n}\\n.el-element{\\n\\tbackground: #195562;\\n    padding: 20px;\\n}\"},\"children\":[{\"type\":\"button_item\",\"props\":{\"button_style\":\"text\",\"icon_align\":\"left\",\"link_target\":\"blank\",\"content\":\"Pensamiento Creativo\",\"link\":\"wp-content\\\/uploads\\\/2023\\\/06\\\/Creative-Thinking-ES.pdf\",\"icon\":\"file-pdf\"}},{\"type\":\"button_item\",\"props\":{\"button_style\":\"text\",\"icon_align\":\"left\",\"content\":\"Resoluci\\u00f3n de Problemas\",\"link\":\"wp-content\\\/uploads\\\/2023\\\/06\\\/Problem-Solving-ES.pdf\",\"link_target\":\"blank\",\"icon\":\"file-pdf\"}},{\"type\":\"button_item\",\"props\":{\"button_style\":\"text\",\"icon_align\":\"left\",\"content\":\"Liderazgo y Gesti\\u00f3n de Equipos\",\"link\":\"wp-content\\\/uploads\\\/2023\\\/06\\\/Leadership-and-Team-Management-ES.pdf\",\"link_target\":\"blank\",\"icon\":\"file-pdf\"}},{\"type\":\"button_item\",\"props\":{\"button_style\":\"text\",\"icon_align\":\"left\",\"content\":\"Gesti\\u00f3n de la Innovaci\\u00f3n\",\"link\":\"wp-content\\\/uploads\\\/2023\\\/06\\\/Innovation-Management-ES.pdf\",\"link_target\":\"blank\",\"icon\":\"file-pdf\"}},{\"type\":\"button_item\",\"props\":{\"button_style\":\"text\",\"icon_align\":\"left\",\"content\":\"Gesti\\u00f3n \\u00c1gil\",\"link\":\"wp-content\\\/uploads\\\/2023\\\/06\\\/Agile-Management-ES.pdf\",\"link_target\":\"blank\",\"icon\":\"file-pdf\"}},{\"type\":\"button_item\",\"props\":{\"button_style\":\"text\",\"icon_align\":\"left\",\"content\":\"Planificaci\\u00f3n Estrat\\u00e9gica\",\"link\":\"wp-content\\\/uploads\\\/2023\\\/06\\\/Strategic-Planning-ES.pdf\",\"link_target\":\"blank\",\"icon\":\"file-pdf\"}},{\"type\":\"button_item\",\"props\":{\"button_style\":\"text\",\"icon_align\":\"left\",\"content\":\"Gesti\\u00f3n de Riesgos\",\"link\":\"wp-content\\\/uploads\\\/2023\\\/06\\\/Risk-Management-ES.pdf\",\"link_target\":\"blank\",\"icon\":\"file-pdf\"}},{\"type\":\"button_item\",\"props\":{\"button_style\":\"text\",\"icon_align\":\"left\",\"content\":\"La Circularidad en la Empresa\",\"link\":\"wp-content\\\/uploads\\\/2023\\\/06\\\/Business-Model-Development-ES.pdf\",\"link_target\":\"blank\",\"icon\":\"file-pdf\"}},{\"type\":\"button_item\",\"props\":{\"button_style\":\"text\",\"icon_align\":\"left\",\"content\":\"Captaci\\u00f3n de Capital Riesgo\",\"link\":\"wp-content\\\/uploads\\\/2023\\\/06\\\/Raising-Venture-Capital-ES.pdf\",\"link_target\":\"blank\",\"icon\":\"file-pdf\"}},{\"type\":\"button_item\",\"props\":{\"button_style\":\"text\",\"icon_align\":\"left\",\"content\":\"Experimentaci\\u00f3n R\\u00e1pida\",\"link\":\"wp-content\\\/uploads\\\/2023\\\/06\\\/Rapid-Experimentation-ES.pdf\",\"link_target\":\"blank\",\"icon\":\"file-pdf\"}}]},{\"type\":\"headline\",\"props\":{\"title_element\":\"h1\",\"content\":\"Infogr\\u00e1ficos\"}},{\"type\":\"button\",\"props\":{\"grid_column_gap\":\"small\",\"grid_row_gap\":\"small\",\"margin\":\"default\",\"fullwidth\":false,\"css\":\".el-item{\\n\\twidth: 50%;\\n}\\n.el-item a{\\n\\tcolor: #fff;\\n}\\n.el-element{\\n\\tbackground: #195562;\\n    padding: 20px;\\n}\"},\"children\":[{\"type\":\"button_item\",\"props\":{\"button_style\":\"text\",\"icon_align\":\"left\",\"link_target\":\"blank\",\"content\":\"Pensamiento Creativo\",\"link\":\"wp-content\\\/uploads\\\/2023\\\/07\\\/1.-Creative-Thinking-ES.pdf\",\"icon\":\"file-pdf\"}},{\"type\":\"button_item\",\"props\":{\"button_style\":\"text\",\"icon_align\":\"left\",\"content\":\"Resoluci\\u00f3n de Problemas\",\"link\":\"wp-content\\\/uploads\\\/2023\\\/07\\\/2.-Problem-Solving-ES.pdf\",\"link_target\":\"blank\",\"icon\":\"file-pdf\"}},{\"type\":\"button_item\",\"props\":{\"button_style\":\"text\",\"icon_align\":\"left\",\"content\":\"Liderazgo y Gesti\\u00f3n de Equipos\",\"link\":\"wp-content\\\/uploads\\\/2023\\\/07\\\/3.-Leadership-and-Team-Management-ES.pdf\",\"link_target\":\"blank\",\"icon\":\"file-pdf\"}},{\"type\":\"button_item\",\"props\":{\"button_style\":\"text\",\"icon_align\":\"left\",\"content\":\"Gesti\\u00f3n de la Innovaci\\u00f3n\",\"link\":\"wp-content\\\/uploads\\\/2023\\\/07\\\/5.-Innovation-Management-ES.pdf\",\"link_target\":\"blank\",\"icon\":\"file-pdf\"}},{\"type\":\"button_item\",\"props\":{\"button_style\":\"text\",\"icon_align\":\"left\",\"content\":\"Gesti\\u00f3n \\u00c1gil\",\"link\":\"wp-content\\\/uploads\\\/2023\\\/07\\\/4.-Agile-Management-ES.pdf\",\"link_target\":\"blank\",\"icon\":\"file-pdf\"}},{\"type\":\"button_item\",\"props\":{\"button_style\":\"text\",\"icon_align\":\"left\",\"content\":\"Planificaci\\u00f3n Estrat\\u00e9gica\",\"link\":\"wp-content\\\/uploads\\\/2023\\\/07\\\/6.-Strategic-Planning-ES.pdf\",\"link_target\":\"blank\",\"icon\":\"file-pdf\"}},{\"type\":\"button_item\",\"props\":{\"button_style\":\"text\",\"icon_align\":\"left\",\"content\":\"Gesti\\u00f3n de Riesgos\",\"link\":\"wp-content\\\/uploads\\\/2023\\\/07\\\/7.-Risk-Management-ES.pdf\",\"link_target\":\"blank\",\"icon\":\"file-pdf\"}},{\"type\":\"button_item\",\"props\":{\"button_style\":\"text\",\"icon_align\":\"left\",\"content\":\"Desarrollo de Modelos de Negocio\",\"link\":\"wp-content\\\/uploads\\\/2023\\\/07\\\/8.-Business-Model-Development-ES.pdf\",\"link_target\":\"blank\",\"icon\":\"file-pdf\"}},{\"type\":\"button_item\",\"props\":{\"button_style\":\"text\",\"icon_align\":\"left\",\"content\":\"Captaci\\u00f3n de Capital Riesgo\",\"link\":\"wp-content\\\/uploads\\\/2023\\\/07\\\/9.-Raising-Venture-Capital-ES.pdf\",\"link_target\":\"blank\",\"icon\":\"file-pdf\"}},{\"type\":\"button_item\",\"props\":{\"button_style\":\"text\",\"icon_align\":\"left\",\"content\":\"Experimentaci\\u00f3n R\\u00e1pida\",\"link\":\"wp-content\\\/uploads\\\/2023\\\/07\\\/10.-Rapid-Experimentation-ES.pdf\",\"link_target\":\"blank\",\"icon\":\"file-pdf\"}}]}]}]}]}],\"version\":\"3.0.9\"} --><\/p>\n","protected":false},"excerpt":{"rendered":"<p>EduZines e infograf\u00edas interactivas para emprendedores innovadores de la econom\u00eda circular que abordan las diez competencias formables para emprendedores innovadores de la econom\u00eda circular: Eduzines..<\/p>\n","protected":false},"author":1,"featured_media":0,"parent":0,"menu_order":0,"comment_status":"closed","ping_status":"closed","template":"","meta":{"_acf_changed":false,"inline_featured_image":false,"footnotes":""},"class_list":["post-1528","page","type-page","status-publish","hentry"],"acf":[],"_links":{"self":[{"href":"https:\/\/elearning.learningcircleproject.eu\/es\/wp-json\/wp\/v2\/pages\/1528","targetHints":{"allow":["GET"]}}],"collection":[{"href":"https:\/\/elearning.learningcircleproject.eu\/es\/wp-json\/wp\/v2\/pages"}],"about":[{"href":"https:\/\/elearning.learningcircleproject.eu\/es\/wp-json\/wp\/v2\/types\/page"}],"author":[{"embeddable":true,"href":"https:\/\/elearning.learningcircleproject.eu\/es\/wp-json\/wp\/v2\/users\/1"}],"replies":[{"embeddable":true,"href":"https:\/\/elearning.learningcircleproject.eu\/es\/wp-json\/wp\/v2\/comments?post=1528"}],"version-history":[{"count":28,"href":"https:\/\/elearning.learningcircleproject.eu\/es\/wp-json\/wp\/v2\/pages\/1528\/revisions"}],"predecessor-version":[{"id":5439,"href":"https:\/\/elearning.learningcircleproject.eu\/es\/wp-json\/wp\/v2\/pages\/1528\/revisions\/5439"}],"wp:attachment":[{"href":"https:\/\/elearning.learningcircleproject.eu\/es\/wp-json\/wp\/v2\/media?parent=1528"}],"curies":[{"name":"wp","href":"https:\/\/api.w.org\/{rel}","templated":true}]}}