{"id":1522,"date":"2022-03-21T06:09:31","date_gmt":"2022-03-21T06:09:31","guid":{"rendered":"https:\/\/elearning.learningcircleproject.eu\/in-service-training\/"},"modified":"2023-07-04T08:28:54","modified_gmt":"2023-07-04T08:28:54","slug":"in-service-training","status":"publish","type":"page","link":"https:\/\/elearning.learningcircleproject.eu\/es\/in-service-training\/","title":{"rendered":"Formaci\u00f3n continua"},"content":{"rendered":"<div>\n<p>El Programa se divide en dos secciones, la PARTE A: Comprender el esp\u00edritu empresarial y la econom\u00eda circular, y la Parte B: Desarrollar las capacidades pedag\u00f3gicas de los profesionales de la Veterinaria. Ambas secciones se dividen en contenido presencial con una serie de planes de lecciones con diapositivas de PowerPoint, folletos y actividades, as\u00ed como el aprendizaje autodirigido para mejorar el aprendizaje aut\u00f3nomo sobre los mismos temas.<\/p>\n<\/div>\n<div>\n<h3>PARTE A<\/h3>\n<div>\n<p>Fomentar el esp\u00edritu empresarial<\/p>\n<\/div>\n<p><a href=\"\/es\/part-a\/\"><\/a><\/p>\n<\/div>\n<div>\n<h3>PARTE B<\/h3>\n<div>\n<p>Entender la econom\u00eda circular<\/p>\n<\/div>\n<p><a href=\"\/es\/part-b\/\"><\/a><\/p>\n<\/div>\n<p><!--more--><br \/>\n<!-- {\"type\":\"layout\",\"children\":[{\"type\":\"section\",\"props\":{\"style\":\"default\",\"width\":\"default\",\"vertical_align\":\"middle\",\"title_position\":\"top-left\",\"title_rotation\":\"left\",\"title_breakpoint\":\"xl\",\"image_position\":\"center-center\",\"height\":\"expand\"},\"children\":[{\"type\":\"row\",\"children\":[{\"type\":\"column\",\"props\":{\"position_sticky_breakpoint\":\"m\",\"image_position\":\"center-center\",\"media_overlay_gradient\":\"\"},\"children\":[{\"type\":\"headline\",\"props\":{\"title_element\":\"h1\",\"title_style\":\"h1\",\"text_align\":\"left\"},\"name\":\"headline-pages\",\"source\":{\"query\":{\"name\":\"pages.singlePage\"},\"props\":{\"content\":{\"filters\":{\"search\":\"\"},\"name\":\"title\"}}}}]}]},{\"type\":\"row\",\"children\":[{\"type\":\"column\",\"props\":{\"position_sticky_breakpoint\":\"m\",\"image_position\":\"center-center\",\"media_overlay_gradient\":\"\"},\"children\":[{\"type\":\"text\",\"props\":{\"margin\":\"default\",\"column_breakpoint\":\"m\",\"content\":\"\n\n<p>El Programa se divide en dos secciones, la PARTE A: Comprender el esp\\u00edritu empresarial y la econom\\u00eda circular, y la Parte B: Desarrollar las capacidades pedag\\u00f3gicas de los profesionales de la Veterinaria. Ambas secciones se dividen en contenido presencial con una serie de planes de lecciones con diapositivas de PowerPoint, folletos y actividades, as\\u00ed como el aprendizaje autodirigido para mejorar el aprendizaje aut\\u00f3nomo sobre los mismos temas.<\\\/p>\"}}]}]},{\"type\":\"row\",\"props\":{\"layout\":\"1-2,1-2\"},\"children\":[{\"type\":\"column\",\"props\":{\"position_sticky_breakpoint\":\"m\",\"image_position\":\"center-center\",\"media_overlay_gradient\":\"\",\"width_medium\":\"1-2\"},\"children\":[{\"type\":\"panel\",\"props\":{\"link_text\":\"\",\"title_hover_style\":\"reset\",\"title_element\":\"h3\",\"title_align\":\"top\",\"title_grid_width\":\"1-2\",\"title_grid_breakpoint\":\"m\",\"meta_style\":\"text-meta\",\"meta_align\":\"below-title\",\"meta_element\":\"div\",\"content_column_breakpoint\":\"m\",\"icon_width\":80,\"image_align\":\"top\",\"image_grid_width\":\"1-2\",\"image_grid_breakpoint\":\"m\",\"image_svg_color\":\"emphasis\",\"link_style\":\"default\",\"margin\":\"default\",\"title\":\"PARTE A\",\"link\":\"es\\\/part-a\\\/\",\"panel_style\":\"card-default\",\"panel_link\":true,\"panel_padding\":\"default\",\"text_align\":\"center\",\"title_style\":\"h3\",\"meta\":\"\",\"content\":\"\n\n<p>Fomentar el esp\\u00edritu empresarial<\\\/p>\",\"content_margin\":\"small\",\"css\":\".el-content{\\n\\tcolor: #195562;\\n}\"}}]},{\"type\":\"column\",\"props\":{\"position_sticky_breakpoint\":\"m\",\"image_position\":\"center-center\",\"media_overlay_gradient\":\"\",\"width_medium\":\"1-2\"},\"children\":[{\"type\":\"panel\",\"props\":{\"link_text\":\"\",\"title_hover_style\":\"reset\",\"title_element\":\"h3\",\"title_align\":\"top\",\"title_grid_width\":\"1-2\",\"title_grid_breakpoint\":\"m\",\"meta_style\":\"text-meta\",\"meta_align\":\"below-title\",\"meta_element\":\"div\",\"content_column_breakpoint\":\"m\",\"icon_width\":80,\"image_align\":\"top\",\"image_grid_width\":\"1-2\",\"image_grid_breakpoint\":\"m\",\"image_svg_color\":\"emphasis\",\"link_style\":\"default\",\"margin\":\"default\",\"title\":\"PARTE B\",\"link\":\"es\\\/part-b\\\/\",\"panel_style\":\"card-default\",\"panel_link\":true,\"panel_padding\":\"default\",\"text_align\":\"center\",\"title_style\":\"h3\",\"css\":\".el-content{\\n\\tcolor: #195562;\\n}\",\"content\":\"\n\n<p>Entender la econom\\u00eda circular<\\\/p>\",\"content_margin\":\"small\"}}]}]}]}],\"version\":\"3.0.9\"} --><\/p>\n","protected":false},"excerpt":{"rendered":"<p>El Programa se divide en dos secciones, la PARTE A: Comprender el esp\u00edritu empresarial y la econom\u00eda circular, y la Parte B: Desarrollar las capacidades..<\/p>\n","protected":false},"author":1,"featured_media":0,"parent":0,"menu_order":0,"comment_status":"closed","ping_status":"closed","template":"","meta":{"_acf_changed":false,"inline_featured_image":false,"footnotes":""},"class_list":["post-1522","page","type-page","status-publish","hentry"],"acf":[],"_links":{"self":[{"href":"https:\/\/elearning.learningcircleproject.eu\/es\/wp-json\/wp\/v2\/pages\/1522","targetHints":{"allow":["GET"]}}],"collection":[{"href":"https:\/\/elearning.learningcircleproject.eu\/es\/wp-json\/wp\/v2\/pages"}],"about":[{"href":"https:\/\/elearning.learningcircleproject.eu\/es\/wp-json\/wp\/v2\/types\/page"}],"author":[{"embeddable":true,"href":"https:\/\/elearning.learningcircleproject.eu\/es\/wp-json\/wp\/v2\/users\/1"}],"replies":[{"embeddable":true,"href":"https:\/\/elearning.learningcircleproject.eu\/es\/wp-json\/wp\/v2\/comments?post=1522"}],"version-history":[{"count":9,"href":"https:\/\/elearning.learningcircleproject.eu\/es\/wp-json\/wp\/v2\/pages\/1522\/revisions"}],"predecessor-version":[{"id":5434,"href":"https:\/\/elearning.learningcircleproject.eu\/es\/wp-json\/wp\/v2\/pages\/1522\/revisions\/5434"}],"wp:attachment":[{"href":"https:\/\/elearning.learningcircleproject.eu\/es\/wp-json\/wp\/v2\/media?parent=1522"}],"curies":[{"name":"wp","href":"https:\/\/api.w.org\/{rel}","templated":true}]}}