{"id":1516,"date":"2022-02-24T14:11:37","date_gmt":"2022-02-24T14:11:37","guid":{"rendered":"https:\/\/elearning.learningcircleproject.eu\/eduzines\/"},"modified":"2023-07-04T09:36:12","modified_gmt":"2023-07-04T09:36:12","slug":"eduzines","status":"publish","type":"page","link":"https:\/\/elearning.learningcircleproject.eu\/es\/eduzines\/","title":{"rendered":"Modelos de negocio"},"content":{"rendered":"<div>\n<p>EduZines e infograf\u00edas interactivas para los modelos de negocio de la econom\u00eda circular que ofrecer\u00e1n oportunidades de aprendizaje a los empresarios innovadores de la econom\u00eda circular en sus tel\u00e9fonos inteligentes. Se desarrollar\u00e1n EduZines e infograf\u00edas interactivas para cada uno de los 5 MFC m\u00e1s comunes, como se indica a continuaci\u00f3n:<\/p>\n<ol>\n<li>Suministros circulares o reciclaje en circuito cerrado<\/li>\n<li>Recuperaci\u00f3n de recursos<\/li>\n<li>Prolongaci\u00f3n de la vida \u00fatil del producto o upcycling<\/li>\n<li>Plataformas compartidas o simbiosis industrial<\/li>\n<li>Producto como servicio<\/li>\n<\/ol>\n<\/div>\n<div>\n<h3>Suministros circulares o reciclaje en circuito cerrado<\/h3>\n<div>\n<p><a class=\"uk-button uk-button-primary\" href=\"https:\/\/elearning.learningcircleproject.eu\/wp-content\/uploads\/2023\/06\/Closed-Loop-Recycling-Advanced-ES.pdf\" target=\"_blank\" rel=\"noopener\">Avanzado<\/a><\/p>\n<p><a class=\"uk-button uk-button-primary\" href=\"https:\/\/elearning.learningcircleproject.eu\/wp-content\/uploads\/2023\/06\/Closed-Loop-Recycling-Intermediate-ES.pdf\" target=\"_blank\" rel=\"noopener\">Intermedio<\/a><\/p>\n<p><a class=\"uk-button uk-button-primary\" href=\"https:\/\/elearning.learningcircleproject.eu\/wp-content\/uploads\/2023\/07\/1.-Circular-Supplies-ES.pdf\" target=\"_blank\" rel=\"noopener\">Infogr\u00e1ficos<\/a><\/p>\n<\/div>\n<\/div>\n<div>\n<h3>Recuperaci\u00f3n de recursos<\/h3>\n<div>\n<p><a class=\"uk-button uk-button-primary\" href=\"https:\/\/elearning.learningcircleproject.eu\/wp-content\/uploads\/2023\/06\/Resource-Recovery-Advanced-ES.pdf\" target=\"_blank\" rel=\"noopener\">Avanzado<\/a><\/p>\n<p><a class=\"uk-button uk-button-primary\" href=\"https:\/\/elearning.learningcircleproject.eu\/wp-content\/uploads\/2023\/06\/Resource-Recovery-Intermediate-ES.pdf\" target=\"_blank\" rel=\"noopener\">Intermedio<\/a><\/p>\n<p><a class=\"uk-button uk-button-primary\" href=\"https:\/\/elearning.learningcircleproject.eu\/wp-content\/uploads\/2023\/07\/2.-Resource-Recovery-or-Down-cycling-ES.pdf\" target=\"_blank\" rel=\"noopener\">Infogr\u00e1ficos<\/a><\/p>\n<\/p>\n<\/div>\n<\/div>\n<hr>\n<div>\n<h3>Prolongaci\u00f3n de la vida \u00fatil del producto o upcycling<\/h3>\n<div>\n<p><a class=\"uk-button uk-button-primary\" href=\"https:\/\/elearning.learningcircleproject.eu\/wp-content\/uploads\/2023\/06\/PLE-or-Upcycling-Advanced-ES.pdf\" target=\"_blank\" rel=\"noopener\">Avanzado<\/a><\/p>\n<p><a class=\"uk-button uk-button-primary\" href=\"https:\/\/elearning.learningcircleproject.eu\/wp-content\/uploads\/2023\/06\/PLE-or-Upcycling-Intermediate-ES.pdf\" target=\"_blank\" rel=\"noopener\">Intermedio<\/a><\/p>\n<p><a class=\"uk-button uk-button-primary\" href=\"https:\/\/elearning.learningcircleproject.eu\/wp-content\/uploads\/2023\/07\/3.-Product-Life-Extension-or-Upcycling-ES.pdf\" target=\"_blank\" rel=\"noopener\">Infogr\u00e1ficos<\/a><\/p>\n<\/p>\n<\/div>\n<\/div>\n<div>\n<h3>Plataformas compartidas o simbiosis industrial<\/h3>\n<div>\n<p><a class=\"uk-button uk-button-primary\" href=\"https:\/\/elearning.learningcircleproject.eu\/wp-content\/uploads\/2023\/06\/Sharing-Platforms-or-Symbiosis-Advanced-ES.pdf\" target=\"_blank\" rel=\"noopener\">Avanzado<\/a><\/p>\n<p><a class=\"uk-button uk-button-primary\" href=\"https:\/\/elearning.learningcircleproject.eu\/wp-content\/uploads\/2023\/06\/Sharing-Platforms-or-Symbiosis-Intermediate-ES.pdf\" target=\"_blank\" rel=\"noopener\">Intermedio<\/a><\/p>\n<p><a class=\"uk-button uk-button-primary\" href=\"https:\/\/elearning.learningcircleproject.eu\/wp-content\/uploads\/2023\/07\/4.-Sharing-Platforms-or-Industrial-Symbiosis-ES.pdf\" target=\"_blank\" rel=\"noopener\">Infogr\u00e1ficos<\/a><\/p>\n<\/p>\n<\/div>\n<\/div>\n<hr>\n<div>\n<h3>Producto como servicio<\/h3>\n<div>\n<p><a class=\"uk-button uk-button-primary\" href=\"https:\/\/elearning.learningcircleproject.eu\/wp-content\/uploads\/2023\/06\/Product-as-a-Service-Advanced-ES.pdf\" target=\"_blank\" rel=\"noopener\">Avanzado<\/a><\/p>\n<p><a class=\"uk-button uk-button-primary\" href=\"https:\/\/elearning.learningcircleproject.eu\/wp-content\/uploads\/2023\/06\/Product-as-A-Service-Intermediate-ES.pdf\" target=\"_blank\" rel=\"noopener\">Intermedio<\/a><\/p>\n<p><a class=\"uk-button uk-button-primary\" href=\"https:\/\/elearning.learningcircleproject.eu\/wp-content\/uploads\/2023\/07\/5.-Product-As-A-Service-ES.pdf\" target=\"_blank\" rel=\"noopener\">Infogr\u00e1ficos<\/a><\/p>\n<\/p>\n<\/div>\n<\/div>\n<p><!--more--><br \/>\n<!-- {\"type\":\"layout\",\"children\":[{\"type\":\"section\",\"props\":{\"style\":\"muted\",\"width\":\"default\",\"vertical_align\":\"middle\",\"title_position\":\"top-left\",\"title_rotation\":\"left\",\"title_breakpoint\":\"xl\",\"image_position\":\"center-center\",\"padding_remove_top\":false,\"animation\":\"fade\",\"animation_delay\":\"200\"},\"children\":[{\"type\":\"row\",\"children\":[{\"type\":\"column\",\"props\":{\"position_sticky_breakpoint\":\"m\",\"image_position\":\"center-center\",\"media_overlay_gradient\":\"\"},\"children\":[{\"type\":\"headline\",\"props\":{\"title_element\":\"h1\",\"title_style\":\"h1\",\"text_align\":\"left\"},\"name\":\"headline-pages\",\"source\":{\"query\":{\"name\":\"pages.singlePage\"},\"props\":{\"content\":{\"filters\":{\"search\":\"\"},\"name\":\"title\"}}}}]}]},{\"type\":\"row\",\"children\":[{\"type\":\"column\",\"props\":{\"position_sticky_breakpoint\":\"m\",\"image_position\":\"center-center\",\"media_overlay_gradient\":\"\"},\"children\":[{\"type\":\"text\",\"props\":{\"margin\":\"default\",\"column_breakpoint\":\"m\",\"content\":\"\n\n<p>EduZines e infograf\\u00edas interactivas para los modelos de negocio de la econom\\u00eda circular que ofrecer\\u00e1n oportunidades de aprendizaje a los empresarios innovadores de la econom\\u00eda circular en sus tel\\u00e9fonos inteligentes. Se desarrollar\\u00e1n EduZines e infograf\\u00edas interactivas para cada uno de los 5 MFC m\\u00e1s comunes, como se indica a continuaci\\u00f3n:<\\\/p>\\n\n\n<ol>\\n\n\n<li>Suministros circulares o reciclaje en circuito cerrado<\\\/li>\\n\n\n<li>Recuperaci\\u00f3n de recursos<\\\/li>\\n\n\n<li>Prolongaci\\u00f3n de la vida \\u00fatil del producto o upcycling<\\\/li>\\n\n\n<li>Plataformas compartidas o simbiosis industrial<\\\/li>\\n\n\n<li>Producto como servicio<\\\/li>\\n<\\\/ol>\"}}]}]},{\"type\":\"row\",\"children\":[{\"type\":\"column\",\"props\":{\"position_sticky_breakpoint\":\"m\",\"image_position\":\"center-center\",\"media_overlay_gradient\":\"\",\"width_medium\":\"1-2\"},\"children\":[{\"name\":\"Panel Image Left\",\"type\":\"panel\",\"children\":null,\"props\":{\"link_text\":\"\",\"title_hover_style\":\"reset\",\"title_element\":\"h3\",\"title_align\":\"top\",\"title_grid_width\":\"1-2\",\"title_grid_breakpoint\":\"m\",\"meta_style\":\"text-meta\",\"meta_align\":\"above-title\",\"meta_element\":\"div\",\"content_column_breakpoint\":\"m\",\"icon_width\":80,\"image_align\":\"left\",\"image_grid_width\":\"2-5\",\"image_grid_breakpoint\":\"s\",\"image_svg_color\":\"emphasis\",\"link_style\":\"primary\",\"margin\":\"default\",\"title\":\"Suministros circulares o reciclaje en circuito cerrado\",\"meta\":\"\",\"content\":\"\n\n<p><a class=\\\"uk-button uk-button-primary\\\" href=\\\"https:\\\/\\\/elearning.learningcircleproject.eu\\\/wp-content\\\/uploads\\\/2023\\\/06\\\/Closed-Loop-Recycling-Advanced-ES.pdf\\\" target=\\\"_blank\\\" rel=\\\"noopener\\\">Avanzado<\\\/a><\\\/p>\\n\n\n<p><a class=\\\"uk-button uk-button-primary\\\" href=\\\"https:\\\/\\\/elearning.learningcircleproject.eu\\\/wp-content\\\/uploads\\\/2023\\\/06\\\/Closed-Loop-Recycling-Intermediate-ES.pdf\\\" target=\\\"_blank\\\" rel=\\\"noopener\\\">Intermedio<\\\/a><\\\/p>\\n\n\n<p><a class=\\\"uk-button uk-button-primary\\\" href=\\\"https:\\\/\\\/elearning.learningcircleproject.eu\\\/wp-content\\\/uploads\\\/2023\\\/07\\\/1.-Circular-Supplies-ES.pdf\\\" target=\\\"_blank\\\" rel=\\\"noopener\\\">Infogr\\u00e1ficos<\\\/a><\\\/p>\",\"image\":\"\",\"link\":\"\",\"panel_style\":\"tile-secondary\",\"link_margin\":\"medium\",\"meta_margin\":\"small\",\"title_margin\":\"small\",\"image_width\":\"960\",\"content_margin\":\"small\",\"image_vertical_align\":true,\"block_align\":\"center\",\"image_height\":\"1280\",\"panel_image_no_padding\":true,\"panel_padding\":\"default\",\"panel_link\":false}}]},{\"type\":\"column\",\"props\":{\"position_sticky_breakpoint\":\"m\",\"image_position\":\"center-center\",\"media_overlay_gradient\":\"\",\"width_medium\":\"1-2\"},\"children\":[{\"name\":\"Panel Image Left\",\"type\":\"panel\",\"children\":null,\"props\":{\"link_text\":\"Read more\",\"title_hover_style\":\"reset\",\"title_element\":\"h3\",\"title_align\":\"top\",\"title_grid_width\":\"1-2\",\"title_grid_breakpoint\":\"m\",\"meta_style\":\"text-meta\",\"meta_align\":\"above-title\",\"meta_element\":\"div\",\"content_column_breakpoint\":\"m\",\"icon_width\":80,\"image_align\":\"left\",\"image_grid_width\":\"2-5\",\"image_grid_breakpoint\":\"s\",\"image_svg_color\":\"emphasis\",\"link_style\":\"primary\",\"margin\":\"default\",\"title\":\"Recuperaci\\u00f3n de recursos\",\"meta\":\"\",\"content\":\"\n\n<p><a class=\\\"uk-button uk-button-primary\\\" href=\\\"https:\\\/\\\/elearning.learningcircleproject.eu\\\/wp-content\\\/uploads\\\/2023\\\/06\\\/Resource-Recovery-Advanced-ES.pdf\\\" target=\\\"_blank\\\" rel=\\\"noopener\\\">Avanzado<\\\/a><\\\/p>\\n\n\n<p><a class=\\\"uk-button uk-button-primary\\\" href=\\\"https:\\\/\\\/elearning.learningcircleproject.eu\\\/wp-content\\\/uploads\\\/2023\\\/06\\\/Resource-Recovery-Intermediate-ES.pdf\\\" target=\\\"_blank\\\" rel=\\\"noopener\\\">Intermedio<\\\/a><\\\/p>\\n\n\n<p><a class=\\\"uk-button uk-button-primary\\\" href=\\\"https:\\\/\\\/elearning.learningcircleproject.eu\\\/wp-content\\\/uploads\\\/2023\\\/07\\\/2.-Resource-Recovery-or-Down-cycling-ES.pdf\\\" target=\\\"_blank\\\" rel=\\\"noopener\\\">Infogr\\u00e1ficos<\\\/a><\\\/p>\\n\n\n<p><\\\/p>\",\"image\":\"\",\"link\":\"\",\"panel_style\":\"tile-primary\",\"link_margin\":\"medium\",\"meta_margin\":\"small\",\"title_margin\":\"small\",\"image_width\":\"960\",\"content_margin\":\"small\",\"image_vertical_align\":true,\"block_align\":\"center\",\"image_height\":\"1280\",\"panel_image_no_padding\":true,\"panel_padding\":\"default\",\"panel_link\":true}}]}],\"props\":{\"layout\":\"1-2,1-2\"}},{\"type\":\"row\",\"children\":[{\"type\":\"column\",\"props\":{\"position_sticky_breakpoint\":\"m\",\"image_position\":\"center-center\",\"media_overlay_gradient\":\"\"},\"children\":[{\"name\":\"Divider Style Vertical\",\"type\":\"divider\",\"children\":null,\"props\":{\"divider_element\":\"hr\",\"divider_style\":\"vertical\",\"divider_align\":\"center\",\"visibility\":\"l\"}}]}]},{\"type\":\"row\",\"children\":[{\"type\":\"column\",\"props\":{\"position_sticky_breakpoint\":\"m\",\"image_position\":\"center-center\",\"media_overlay_gradient\":\"\",\"width_medium\":\"1-2\"},\"children\":[{\"name\":\"Panel Image Left\",\"type\":\"panel\",\"children\":null,\"props\":{\"link_text\":\"\",\"title_hover_style\":\"reset\",\"title_element\":\"h3\",\"title_align\":\"top\",\"title_grid_width\":\"1-2\",\"title_grid_breakpoint\":\"m\",\"meta_style\":\"text-meta\",\"meta_align\":\"above-title\",\"meta_element\":\"div\",\"content_column_breakpoint\":\"m\",\"icon_width\":80,\"image_align\":\"left\",\"image_grid_width\":\"2-5\",\"image_grid_breakpoint\":\"s\",\"image_svg_color\":\"emphasis\",\"link_style\":\"primary\",\"margin\":\"default\",\"title\":\"Prolongaci\\u00f3n de la vida \\u00fatil del producto o upcycling\",\"meta\":\"\",\"content\":\"\n\n<p><a class=\\\"uk-button uk-button-primary\\\" href=\\\"https:\\\/\\\/elearning.learningcircleproject.eu\\\/wp-content\\\/uploads\\\/2023\\\/06\\\/PLE-or-Upcycling-Advanced-ES.pdf\\\" target=\\\"_blank\\\" rel=\\\"noopener\\\">Avanzado<\\\/a><\\\/p>\\n\n\n<p><a class=\\\"uk-button uk-button-primary\\\" href=\\\"https:\\\/\\\/elearning.learningcircleproject.eu\\\/wp-content\\\/uploads\\\/2023\\\/06\\\/PLE-or-Upcycling-Intermediate-ES.pdf\\\" target=\\\"_blank\\\" rel=\\\"noopener\\\">Intermedio<\\\/a><\\\/p>\\n\n\n<p><a class=\\\"uk-button uk-button-primary\\\" href=\\\"https:\\\/\\\/elearning.learningcircleproject.eu\\\/wp-content\\\/uploads\\\/2023\\\/07\\\/3.-Product-Life-Extension-or-Upcycling-ES.pdf\\\" target=\\\"_blank\\\" rel=\\\"noopener\\\">Infogr\\u00e1ficos<\\\/a><\\\/p>\\n\n\n<p><\\\/p>\",\"image\":\"\",\"link\":\"\",\"panel_style\":\"tile-primary\",\"link_margin\":\"medium\",\"meta_margin\":\"small\",\"title_margin\":\"small\",\"image_width\":\"960\",\"content_margin\":\"small\",\"image_vertical_align\":true,\"block_align\":\"center\",\"image_height\":\"1280\",\"panel_image_no_padding\":true,\"panel_padding\":\"default\",\"panel_link\":true}}]},{\"type\":\"column\",\"props\":{\"position_sticky_breakpoint\":\"m\",\"image_position\":\"center-center\",\"media_overlay_gradient\":\"\",\"width_medium\":\"1-2\"},\"children\":[{\"name\":\"Panel Image Left\",\"type\":\"panel\",\"children\":null,\"props\":{\"link_text\":\"Read more\",\"title_hover_style\":\"reset\",\"title_element\":\"h3\",\"title_align\":\"top\",\"title_grid_width\":\"1-2\",\"title_grid_breakpoint\":\"m\",\"meta_style\":\"text-meta\",\"meta_align\":\"above-title\",\"meta_element\":\"div\",\"content_column_breakpoint\":\"m\",\"icon_width\":80,\"image_align\":\"left\",\"image_grid_width\":\"2-5\",\"image_grid_breakpoint\":\"s\",\"image_svg_color\":\"emphasis\",\"link_style\":\"primary\",\"margin\":\"default\",\"title\":\"Plataformas compartidas o simbiosis industrial\",\"meta\":\"\",\"content\":\"\n\n<p><a class=\\\"uk-button uk-button-primary\\\" href=\\\"https:\\\/\\\/elearning.learningcircleproject.eu\\\/wp-content\\\/uploads\\\/2023\\\/06\\\/Sharing-Platforms-or-Symbiosis-Advanced-ES.pdf\\\" target=\\\"_blank\\\" rel=\\\"noopener\\\">Avanzado<\\\/a><\\\/p>\\n\n\n<p><a class=\\\"uk-button uk-button-primary\\\" href=\\\"https:\\\/\\\/elearning.learningcircleproject.eu\\\/wp-content\\\/uploads\\\/2023\\\/06\\\/Sharing-Platforms-or-Symbiosis-Intermediate-ES.pdf\\\" target=\\\"_blank\\\" rel=\\\"noopener\\\">Intermedio<\\\/a><\\\/p>\\n\n\n<p><a class=\\\"uk-button uk-button-primary\\\" href=\\\"https:\\\/\\\/elearning.learningcircleproject.eu\\\/wp-content\\\/uploads\\\/2023\\\/07\\\/4.-Sharing-Platforms-or-Industrial-Symbiosis-ES.pdf\\\" target=\\\"_blank\\\" rel=\\\"noopener\\\">Infogr\\u00e1ficos<\\\/a><\\\/p>\\n\n\n<p><\\\/p>\",\"image\":\"\",\"link\":\"\",\"panel_style\":\"tile-secondary\",\"link_margin\":\"medium\",\"meta_margin\":\"small\",\"title_margin\":\"small\",\"image_width\":\"960\",\"content_margin\":\"small\",\"image_vertical_align\":true,\"block_align\":\"center\",\"image_height\":\"1280\",\"panel_image_no_padding\":true,\"panel_padding\":\"default\",\"panel_link\":true}}]}],\"props\":{\"layout\":\"1-2,1-2\"}},{\"type\":\"row\",\"children\":[{\"type\":\"column\",\"props\":{\"position_sticky_breakpoint\":\"m\",\"image_position\":\"center-center\",\"media_overlay_gradient\":\"\"},\"children\":[{\"name\":\"Divider Style Vertical\",\"type\":\"divider\",\"children\":null,\"props\":{\"divider_element\":\"hr\",\"divider_style\":\"vertical\",\"divider_align\":\"center\",\"visibility\":\"l\"}}]}]},{\"type\":\"row\",\"children\":[{\"type\":\"column\",\"props\":{\"position_sticky_breakpoint\":\"m\",\"image_position\":\"center-center\",\"media_overlay_gradient\":\"\",\"width_medium\":\"1-2\"},\"children\":[{\"name\":\"Panel Image Left\",\"type\":\"panel\",\"children\":null,\"props\":{\"link_text\":\"Read more\",\"title_hover_style\":\"reset\",\"title_element\":\"h3\",\"title_align\":\"top\",\"title_grid_width\":\"1-2\",\"title_grid_breakpoint\":\"m\",\"meta_style\":\"text-meta\",\"meta_align\":\"above-title\",\"meta_element\":\"div\",\"content_column_breakpoint\":\"m\",\"icon_width\":80,\"image_align\":\"left\",\"image_grid_width\":\"2-5\",\"image_grid_breakpoint\":\"s\",\"image_svg_color\":\"emphasis\",\"link_style\":\"primary\",\"margin\":\"default\",\"title\":\"Producto como servicio\",\"meta\":\"\",\"content\":\"\n\n<p><a class=\\\"uk-button uk-button-primary\\\" href=\\\"https:\\\/\\\/elearning.learningcircleproject.eu\\\/wp-content\\\/uploads\\\/2023\\\/06\\\/Product-as-a-Service-Advanced-ES.pdf\\\" target=\\\"_blank\\\" rel=\\\"noopener\\\">Avanzado<\\\/a><\\\/p>\\n\n\n<p><a class=\\\"uk-button uk-button-primary\\\" href=\\\"https:\\\/\\\/elearning.learningcircleproject.eu\\\/wp-content\\\/uploads\\\/2023\\\/06\\\/Product-as-A-Service-Intermediate-ES.pdf\\\" target=\\\"_blank\\\" rel=\\\"noopener\\\">Intermedio<\\\/a><\\\/p>\\n\n\n<p><a class=\\\"uk-button uk-button-primary\\\" href=\\\"https:\\\/\\\/elearning.learningcircleproject.eu\\\/wp-content\\\/uploads\\\/2023\\\/07\\\/5.-Product-As-A-Service-ES.pdf\\\" target=\\\"_blank\\\" rel=\\\"noopener\\\">Infogr\\u00e1ficos<\\\/a><\\\/p>\\n\n\n<p><\\\/p>\",\"image\":\"\",\"link\":\"\",\"panel_style\":\"tile-secondary\",\"link_margin\":\"medium\",\"meta_margin\":\"small\",\"title_margin\":\"small\",\"image_width\":\"960\",\"content_margin\":\"small\",\"image_vertical_align\":true,\"block_align\":\"center\",\"image_height\":\"1280\",\"panel_image_no_padding\":true,\"panel_padding\":\"default\",\"panel_link\":true}}]},{\"type\":\"column\",\"props\":{\"position_sticky_breakpoint\":\"m\",\"image_position\":\"center-center\",\"media_overlay_gradient\":\"\",\"width_medium\":\"1-2\"},\"children\":[]}],\"props\":{\"layout\":\"1-2,1-2\"}}]}],\"version\":\"3.0.9\"} --><\/p>\n","protected":false},"excerpt":{"rendered":"<p>EduZines e infograf\u00edas interactivas para los modelos de negocio de la econom\u00eda circular que ofrecer\u00e1n oportunidades de aprendizaje a los empresarios innovadores de la econom\u00eda..<\/p>\n","protected":false},"author":1,"featured_media":0,"parent":0,"menu_order":0,"comment_status":"closed","ping_status":"closed","template":"","meta":{"_acf_changed":false,"inline_featured_image":false,"footnotes":""},"class_list":["post-1516","page","type-page","status-publish","hentry"],"acf":[],"_links":{"self":[{"href":"https:\/\/elearning.learningcircleproject.eu\/es\/wp-json\/wp\/v2\/pages\/1516","targetHints":{"allow":["GET"]}}],"collection":[{"href":"https:\/\/elearning.learningcircleproject.eu\/es\/wp-json\/wp\/v2\/pages"}],"about":[{"href":"https:\/\/elearning.learningcircleproject.eu\/es\/wp-json\/wp\/v2\/types\/page"}],"author":[{"embeddable":true,"href":"https:\/\/elearning.learningcircleproject.eu\/es\/wp-json\/wp\/v2\/users\/1"}],"replies":[{"embeddable":true,"href":"https:\/\/elearning.learningcircleproject.eu\/es\/wp-json\/wp\/v2\/comments?post=1516"}],"version-history":[{"count":16,"href":"https:\/\/elearning.learningcircleproject.eu\/es\/wp-json\/wp\/v2\/pages\/1516\/revisions"}],"predecessor-version":[{"id":5495,"href":"https:\/\/elearning.learningcircleproject.eu\/es\/wp-json\/wp\/v2\/pages\/1516\/revisions\/5495"}],"wp:attachment":[{"href":"https:\/\/elearning.learningcircleproject.eu\/es\/wp-json\/wp\/v2\/media?parent=1516"}],"curies":[{"name":"wp","href":"https:\/\/api.w.org\/{rel}","templated":true}]}}