{"id":1265,"date":"2022-02-24T14:11:37","date_gmt":"2022-02-24T14:11:37","guid":{"rendered":"https:\/\/elearning.learningcircleproject.eu\/home\/"},"modified":"2023-07-04T08:59:34","modified_gmt":"2023-07-04T08:59:34","slug":"home","status":"publish","type":"page","link":"https:\/\/elearning.learningcircleproject.eu\/es\/","title":{"rendered":"Home"},"content":{"rendered":"<h1><strong>Apoyar el desarrollo del esp\u00edritu empresarial de la econom\u00eda circular<\/strong><\/h1>\n<h1>Formaci\u00f3n continua<\/h1>\n<div>\n<div class=\"tm-grid-expand uk-child-width-1-1 uk-grid-margin uk-grid uk-grid-stack\" uk-grid=\"\">\n<div class=\"uk-width-1-1 uk-first-column\">\n<div class=\"uk-panel uk-margin\">\n<p>El Programa se divide en dos secciones, la PARTE A: Comprender el esp\u00edritu empresarial y la econom\u00eda circular, y la Parte B: Desarrollar las capacidades pedag\u00f3gicas de los profesionales de la Veterinaria. Ambas secciones se dividen en contenido presencial con una serie de planes de lecciones con diapositivas de PowerPoint, folletos y actividades, as\u00ed como el aprendizaje autodirigido para mejorar el aprendizaje aut\u00f3nomo sobre los mismos temas<\/p>\n<\/div>\n<\/div>\n<\/div>\n<\/div>\n<p>\n    <a href=\"\/es\/in-service-training\/\">Seguir leyendo<\/a>\n<\/p>\n<p><img decoding=\"async\" src=\"\/wp-content\/uploads\/2023\/01\/icon-07.svg\" alt=\"Eduzines\"><\/p>\n<h1>Emprendedores<\/h1>\n<div>\n<p>Infograf\u00eda interactiva para emprendedores innovadores de la econom\u00eda circular, abordan las diez competencias entrenables para emprendedores innovadores de la econom\u00eda circular<\/p>\n<\/div>\n<p>\n    <a href=\"\/es\/infographics\/\">Seguir leyendo<\/a>\n<\/p>\n<p><img decoding=\"async\" src=\"\/wp-content\/uploads\/2023\/01\/Infographics-homepage-01.svg\" alt=\"Infographics\"><\/p>\n<h1>Modelos de negocio<\/h1>\n<div>\n<p>EduZines e Infograf\u00eda interactiva para modelos de negocio de econom\u00eda circular ofrecen oportunidades de aprendizaje a emprendedores innovadores de econom\u00eda circular en sus tel\u00e9fonos inteligentes.<\/p>\n<\/div>\n<p>\n    <a href=\"\/es\/eduzines\/\">Seguir leyendo<\/a>\n<\/p>\n<p><img decoding=\"async\" src=\"\/wp-content\/uploads\/2023\/01\/icon-09.svg\" alt=\"Eduzines\"><\/p>\n<p><!--more--><br \/>\n<!-- {\"type\":\"layout\",\"children\":[{\"type\":\"section\",\"props\":{\"style\":\"primary\",\"width\":\"default\",\"vertical_align\":\"middle\",\"title_position\":\"top-left\",\"title_rotation\":\"left\",\"title_breakpoint\":\"xl\",\"image_position\":\"top-center\",\"image\":\"wp-content\\\/uploads\\\/2022\\\/12\\\/home-background-learingcircle-06.svg\",\"height\":\"section\",\"sticky\":\"cover\",\"overlap\":false,\"preserve_color\":true,\"image_size\":\"cover\",\"text_color\":\"light\",\"header_transparent_noplaceholder\":false,\"animation\":\"fade\",\"animation_delay\":\"200\"},\"children\":[{\"type\":\"row\",\"children\":[{\"type\":\"column\",\"props\":{\"position_sticky_breakpoint\":\"m\",\"image_position\":\"center-center\",\"media_overlay_gradient\":\"\",\"width_medium\":\"\",\"position_sticky\":\"\"},\"children\":[{\"type\":\"headline\",\"props\":{\"title_element\":\"h1\",\"title_color\":\"success\",\"content\":\"<strong>Apoyar el desarrollo del esp\\u00edritu empresarial de la econom\\u00eda circular<\\\/strong>\",\"title_style\":\"heading-medium\",\"animation\":\"parallax\",\"parallax_y\":\"-450\",\"text_align\":\"left\",\"parallax_opacity\":\"0 50%\"}}]}]}],\"name\":\"Start\"},{\"type\":\"section\",\"props\":{\"style\":\"primary\",\"width\":\"default\",\"vertical_align\":\"middle\",\"title_position\":\"top-left\",\"title_rotation\":\"left\",\"title_breakpoint\":\"xl\",\"image_position\":\"center-center\",\"preserve_color\":true,\"animation\":\"slide-bottom-small\",\"animation_delay\":\"400\"},\"children\":[{\"type\":\"row\",\"children\":[{\"type\":\"column\",\"props\":{\"position_sticky_breakpoint\":\"m\",\"image_position\":\"center-center\",\"media_overlay_gradient\":\"\",\"width_medium\":\"1-2\"},\"children\":[{\"type\":\"headline\",\"props\":{\"title_element\":\"h1\",\"content\":\"Formaci\\u00f3n continua\"}},{\"type\":\"text\",\"props\":{\"margin\":\"default\",\"column_breakpoint\":\"m\",\"text_color\":\"secondary\",\"content\":\"\n\n<div class=\\\"tm-grid-expand uk-child-width-1-1 uk-grid-margin uk-grid uk-grid-stack\\\" uk-grid=\\\"\\\">\\n\n\n<div class=\\\"uk-width-1-1 uk-first-column\\\">\\n\n\n<div class=\\\"uk-panel uk-margin\\\">\\n\n\n<p>El Programa se divide en dos secciones, la PARTE A: Comprender el esp\\u00edritu empresarial y la econom\\u00eda circular, y la Parte B: Desarrollar las capacidades pedag\\u00f3gicas de los profesionales de la Veterinaria. Ambas secciones se dividen en contenido presencial con una serie de planes de lecciones con diapositivas de PowerPoint, folletos y actividades, as\\u00ed como el aprendizaje autodirigido para mejorar el aprendizaje aut\\u00f3nomo sobre los mismos temas<\\\/p>\\n<\\\/div>\\n<\\\/div>\\n<\\\/div>\"}},{\"type\":\"button\",\"props\":{\"grid_column_gap\":\"small\",\"grid_row_gap\":\"small\",\"margin\":\"default\"},\"children\":[{\"type\":\"button_item\",\"props\":{\"button_style\":\"secondary\",\"icon_align\":\"left\",\"content\":\"Seguir leyendo\",\"link\":\"es\\\/in-service-training\\\/\"}}]}]},{\"type\":\"column\",\"props\":{\"position_sticky_breakpoint\":\"m\",\"image_position\":\"center-center\",\"media_overlay_gradient\":\"\",\"width_medium\":\"1-2\"},\"children\":[{\"type\":\"image\",\"props\":{\"margin\":\"default\",\"image_svg_color\":\"emphasis\",\"image\":\"wp-content\\\/uploads\\\/2023\\\/01\\\/icon-07.svg\",\"image_alt\":\"Eduzines\",\"text_align\":\"center\",\"maxwidth\":\"medium\",\"block_align\":\"center\",\"maxwidth_breakpoint\":\"xl\",\"visibility\":\"m\"}}]}],\"props\":{\"layout\":\"1-2,1-2\"}}],\"name\":\"Modules\"},{\"type\":\"section\",\"props\":{\"style\":\"secondary\",\"width\":\"default\",\"vertical_align\":\"middle\",\"title_position\":\"top-left\",\"title_rotation\":\"left\",\"title_breakpoint\":\"xl\",\"image_position\":\"center-center\",\"preserve_color\":true,\"animation\":\"slide-left-medium\",\"animation_delay\":\"400\"},\"children\":[{\"type\":\"row\",\"children\":[{\"type\":\"column\",\"props\":{\"position_sticky_breakpoint\":\"m\",\"image_position\":\"center-center\",\"media_overlay_gradient\":\"\",\"width_medium\":\"1-2\"},\"children\":[{\"type\":\"headline\",\"props\":{\"title_element\":\"h1\",\"content\":\"Emprendedores\",\"title_color\":\"primary\"}},{\"type\":\"text\",\"props\":{\"margin\":\"default\",\"column_breakpoint\":\"m\",\"text_color\":\"primary\",\"content\":\"\n\n<p>Infograf\\u00eda interactiva para emprendedores innovadores de la econom\\u00eda circular, abordan las diez competencias entrenables para emprendedores innovadores de la econom\\u00eda circular<\\\/p>\"}},{\"type\":\"button\",\"props\":{\"grid_column_gap\":\"small\",\"grid_row_gap\":\"small\",\"margin\":\"default\"},\"children\":[{\"type\":\"button_item\",\"props\":{\"button_style\":\"default\",\"icon_align\":\"left\",\"content\":\"Seguir leyendo\",\"link\":\"es\\\/infographics\\\/\"}}]}]},{\"type\":\"column\",\"props\":{\"position_sticky_breakpoint\":\"m\",\"image_position\":\"center-center\",\"media_overlay_gradient\":\"\",\"width_medium\":\"1-2\"},\"children\":[{\"type\":\"image\",\"props\":{\"margin\":\"default\",\"image_svg_color\":\"emphasis\",\"image\":\"wp-content\\\/uploads\\\/2023\\\/01\\\/Infographics-homepage-01.svg\",\"image_alt\":\"Infographics\",\"text_align\":\"center\",\"maxwidth\":\"medium\",\"block_align\":\"center\",\"maxwidth_breakpoint\":\"xl\",\"visibility\":\"m\"}}]}],\"props\":{\"layout\":\"1-2,1-2\"}}],\"name\":\"Infographics\"},{\"type\":\"section\",\"props\":{\"style\":\"primary\",\"width\":\"default\",\"vertical_align\":\"middle\",\"title_position\":\"top-left\",\"title_rotation\":\"left\",\"title_breakpoint\":\"xl\",\"image_position\":\"center-center\",\"preserve_color\":true,\"animation\":\"slide-right-medium\",\"animation_delay\":\"400\"},\"children\":[{\"type\":\"row\",\"children\":[{\"type\":\"column\",\"props\":{\"position_sticky_breakpoint\":\"m\",\"image_position\":\"center-center\",\"media_overlay_gradient\":\"\",\"width_medium\":\"1-2\"},\"children\":[{\"type\":\"headline\",\"props\":{\"title_element\":\"h1\",\"content\":\"Modelos de negocio\"}},{\"type\":\"text\",\"props\":{\"margin\":\"default\",\"column_breakpoint\":\"m\",\"text_color\":\"secondary\",\"content\":\"\n\n<p>EduZines e Infograf\\u00eda interactiva para modelos de negocio de econom\\u00eda circular ofrecen oportunidades de aprendizaje a emprendedores innovadores de econom\\u00eda circular en sus tel\\u00e9fonos inteligentes.<\\\/p>\"}},{\"type\":\"button\",\"props\":{\"grid_column_gap\":\"small\",\"grid_row_gap\":\"small\",\"margin\":\"default\"},\"children\":[{\"type\":\"button_item\",\"props\":{\"button_style\":\"secondary\",\"icon_align\":\"left\",\"content\":\"Seguir leyendo\",\"link\":\"es\\\/eduzines\\\/\"}}]}]},{\"type\":\"column\",\"props\":{\"position_sticky_breakpoint\":\"m\",\"image_position\":\"center-center\",\"media_overlay_gradient\":\"\",\"width_medium\":\"1-2\"},\"children\":[{\"type\":\"image\",\"props\":{\"margin\":\"default\",\"image_svg_color\":\"emphasis\",\"image\":\"wp-content\\\/uploads\\\/2023\\\/01\\\/icon-09.svg\",\"image_alt\":\"Eduzines\",\"text_align\":\"center\",\"maxwidth\":\"medium\",\"block_align\":\"center\",\"maxwidth_breakpoint\":\"xl\",\"visibility\":\"m\"}}]}],\"props\":{\"layout\":\"1-2,1-2\"}}],\"name\":\"Eduzines\"}],\"version\":\"3.0.9\"} --><\/p>\n","protected":false},"excerpt":{"rendered":"<p>Apoyar el desarrollo del esp\u00edritu empresarial de la econom\u00eda circular Formaci\u00f3n continua El Programa se divide en dos secciones, la PARTE A: Comprender el esp\u00edritu..<\/p>\n","protected":false},"author":1,"featured_media":0,"parent":0,"menu_order":0,"comment_status":"closed","ping_status":"closed","template":"","meta":{"_acf_changed":false,"inline_featured_image":false,"footnotes":""},"class_list":["post-1265","page","type-page","status-publish","hentry"],"acf":[],"_links":{"self":[{"href":"https:\/\/elearning.learningcircleproject.eu\/es\/wp-json\/wp\/v2\/pages\/1265","targetHints":{"allow":["GET"]}}],"collection":[{"href":"https:\/\/elearning.learningcircleproject.eu\/es\/wp-json\/wp\/v2\/pages"}],"about":[{"href":"https:\/\/elearning.learningcircleproject.eu\/es\/wp-json\/wp\/v2\/types\/page"}],"author":[{"embeddable":true,"href":"https:\/\/elearning.learningcircleproject.eu\/es\/wp-json\/wp\/v2\/users\/1"}],"replies":[{"embeddable":true,"href":"https:\/\/elearning.learningcircleproject.eu\/es\/wp-json\/wp\/v2\/comments?post=1265"}],"version-history":[{"count":14,"href":"https:\/\/elearning.learningcircleproject.eu\/es\/wp-json\/wp\/v2\/pages\/1265\/revisions"}],"predecessor-version":[{"id":5438,"href":"https:\/\/elearning.learningcircleproject.eu\/es\/wp-json\/wp\/v2\/pages\/1265\/revisions\/5438"}],"wp:attachment":[{"href":"https:\/\/elearning.learningcircleproject.eu\/es\/wp-json\/wp\/v2\/media?parent=1265"}],"curies":[{"name":"wp","href":"https:\/\/api.w.org\/{rel}","templated":true}]}}