{"id":1529,"date":"2023-05-25T09:12:10","date_gmt":"2023-05-25T09:12:10","guid":{"rendered":"https:\/\/elearning.learningcircleproject.eu\/part-a\/"},"modified":"2023-07-18T16:14:20","modified_gmt":"2023-07-18T16:14:20","slug":"part-a","status":"publish","type":"page","link":"https:\/\/elearning.learningcircleproject.eu\/de\/part-a\/","title":{"rendered":"TEIL A &#8211;  F\u00f6rderung des Unternehmergeistes"},"content":{"rendered":"<div>\n<p>Der erste Teil tr\u00e4gt dazu bei, die F\u00e4higkeiten der Berufsbildungstutoren zu entwickeln:<\/p>\n<ol>\n<li>die Entwicklung von Unternehmergeist in der Zielgruppe der<\/li>\n<li>ein Verst\u00e4ndnis f\u00fcr die Kreislaufwirtschaft zu entwickeln<\/li>\n<\/ol>\n<\/div>\n<h3>Selbstgesteuertes Lernen<\/h3>\n<div>\n<p>Diese Inhalte werden in diesem Handbuch in Form einer Reihe von Modulen zum selbstgesteuerten Lernen pr\u00e4sentiert, die wichtige theoretische Inhalte, Fallstudien, zus\u00e4tzliches Lesematerial und Links zu kurzen Einf\u00fchrungsvideos enthalten, die den Berufsbildungstutoren einen kurzen \u00dcberblick \u00fcber die Themen geben und die von den Berufsbildungstutoren angesehen werden sollen, bevor sie mit den Modulen zum selbstgesteuerten Lernen beginnen.<\/p>\n<ul>\n<li><span>Modul <\/span>1: <span>Unternehmertum und soziales Unternehmertum<\/span><\/li>\n<li><span>Modul 2: Kreislaufwirtschaft vs. Lineare Wirtschaft<\/span><span><br \/><\/span><\/li>\n<li><span>Modul 3: Kreislaufwirtschaftliche Gesch\u00e4ftsmodelle<\/span><\/li>\n<li>Modul 4: Bew\u00e4hrte Praktiken zu CE und sozialem Unternehmertum<\/li>\n<li><span>Modul 5: Marktforschung: Methoden und Werkzeuge <\/span><\/li>\n<li><span>Modul 6: Wie man einen Gesch\u00e4ftsplan erstellt<\/span><\/li>\n<li><span>Modul 7: Finanzierung von Unternehmern der Kreislaufwirtschaft<\/span><\/li>\n<li><span>Modul 8: Kollaborateure finden &#8211; das Netzwerk erweitern<\/span><\/li>\n<\/ul>\n<\/div>\n<p>\n    <a href=\"\/wp-content\/uploads\/2023\/06\/LEARNING-CIRCLE-In-service-training-programme-Part-A_self-directed-learning_final_DE.pdf\">Selbstgesteuertes Lernen herunterladen<\/a>\n<\/p>\n<hr>\n<h3>Face-to-Face<\/h3>\n<div>\n<p>Enthaltene Ressourcen zur Unterst\u00fctzung der Ausbilder bei der Durchf\u00fchrung dieser pers\u00f6nlichen Schulung.<\/p>\n<\/div>\n<p>\n    <a href=\"\/wp-content\/uploads\/2023\/06\/LEARNING-CIRCLE-In-service-training-programme-Part-A_f2f-modules_final_DE.pdf\">Lernaktivit\u00e4ten herunterladen<\/a>\n<\/p>\n<h4>Pr\u00e4sentationen<\/h4>\n<ul>\n<li>\n        <a href=\"\/wp-content\/uploads\/2023\/06\/LEARNING-CIRCLE-In-service-training-Programme_Module-1_PPT1-de.pptx\">M1: Unternehmertum und soziales Unternehmertum &#8211; PPT 1<\/a>\n    <\/li>\n<li>\n        <a href=\"\/wp-content\/uploads\/2023\/06\/LEARNING-CIRCLE-In-service-training-Programme_Module-1_PPT2-de.pptx\">M1: Unternehmertum und soziales Unternehmertum &#8211; PPT 2<\/a>\n    <\/li>\n<li>\n        <a href=\"\/wp-content\/uploads\/2023\/06\/LEARNING-CIRCLE-In-service-training-Programme_Module-1_PPT3-de.pptx\">M1: Unternehmertum und soziales Unternehmertum &#8211; PPT 3<\/a>\n    <\/li>\n<li>\n        <a href=\"\/wp-content\/uploads\/2023\/06\/LEARNING-CIRCLE-In-service-training-Programme_Module-2_PPT1-de.pptx\">M2:  Kreislaufwirtschaft vs. Lineare Wirtschaft- PPT 1<\/a>\n    <\/li>\n<li>\n        <a href=\"\/wp-content\/uploads\/2023\/06\/LEARNING-CIRCLE-In-service-training-Programme_Module-2_PPT2-de.pptx\">M2:  Kreislaufwirtschaft vs. Lineare Wirtschaft- PPT 2<\/a>\n    <\/li>\n<\/ul>\n<ul>\n<li>\n        <a href=\"\/wp-content\/uploads\/2023\/06\/LEARNING-CIRCLE-In-service-training-Programme_Module-3_PPT-de.pptx\">M3: Kreislaufwirtschaftliche Gesch\u00e4ftsmodelle  &#8211; PPT<\/a>\n    <\/li>\n<li>\n        <a href=\"\/wp-content\/uploads\/2023\/06\/LEARNING-CIRCLE-In-service-training-Programme_Module-4_PPT1-de.pptx\">M4: Bew\u00e4hrte Praktiken zu CE und sozialem Unternehmertum &#8211; PPT 1<\/a>\n    <\/li>\n<li>\n        <a href=\"\/wp-content\/uploads\/2023\/06\/LEARNING-CIRCLE-In-service-training-Programme_Module-4_PPT2-de.pptx\">M4: Bew\u00e4hrte Praktiken zu CE und sozialem Unternehmertum &#8211; PPT 2<\/a>\n    <\/li>\n<li>\n        <a href=\"\/wp-content\/uploads\/2023\/06\/LEARNING-CIRCLE-In-service-training-Programme_Module-4_PPT3-de.pptx\">M4: Bew\u00e4hrte Praktiken zu CE und sozialem Unternehmertum &#8211; PPT 3<\/a>\n    <\/li>\n<li>\n        <a href=\"\/wp-content\/uploads\/2023\/06\/LEARNING-CIRCLE-In-service-training-Programme_Module-5_PPT1-de.pptx\">M5: Marktforschung: Methoden und Werkzeuge- PPT<\/a>\n    <\/li>\n<\/ul>\n<ul>\n<li>\n        <a href=\"\/wp-content\/uploads\/2023\/06\/LEARNING-CIRCLE-In-service-training-Programme_Module-6_PPT1-de.pptx\">M6: Wie man einen Gesch\u00e4ftsplan erstellt &#8211; PPT 1<\/a>\n    <\/li>\n<li>\n        <a href=\"\/wp-content\/uploads\/2023\/06\/LEARNING-CIRCLE-In-service-training-Programme_Module-6_PPT2-de.pptx\">M6: Wie man einen Gesch\u00e4ftsplan erstellt &#8211; PPT 2<\/a>\n    <\/li>\n<li>\n        <a href=\"\/wp-content\/uploads\/2023\/06\/LEARNING-CIRCLE-In-service-training-Programme_Module-7_PPT1-de.pptx\">M7: Finanzierung von Unternehmern der Kreislaufwirtschaft &#8211; PPT<\/a>\n    <\/li>\n<li>\n        <a href=\"\/wp-content\/uploads\/2023\/06\/LEARNING-CIRCLE-In-service-training-Programme_Module-8_PPT1-de.pptx\">M8:  Kollaborateure finden \u2013 das Netzwerk erweitern &#8211; PPT 1<\/a>\n    <\/li>\n<li>\n        <a href=\"\/wp-content\/uploads\/2023\/06\/LEARNING-CIRCLE-In-service-training-Programme_Module-8_PPT2-de.pptx\">M8: Kollaborateure finden \u2013 das Netzwerk erweitern &#8211; PPT 2<\/a>\n    <\/li>\n<\/ul>\n<p><!--more--><br \/>\n<!-- {\"type\":\"layout\",\"children\":[{\"type\":\"section\",\"props\":{\"style\":\"default\",\"width\":\"default\",\"vertical_align\":\"middle\",\"title_position\":\"top-left\",\"title_rotation\":\"left\",\"title_breakpoint\":\"xl\",\"image_position\":\"center-center\"},\"children\":[{\"type\":\"row\",\"children\":[{\"type\":\"column\",\"props\":{\"position_sticky_breakpoint\":\"m\",\"image_position\":\"center-center\",\"media_overlay_gradient\":\"\"},\"children\":[{\"type\":\"headline\",\"props\":{\"title_element\":\"h1\"},\"source\":{\"query\":{\"name\":\"pages.singlePage\"},\"props\":{\"content\":{\"filters\":{\"search\":\"\"},\"name\":\"title\"}}}}]}]},{\"type\":\"row\",\"children\":[{\"type\":\"column\",\"props\":{\"position_sticky_breakpoint\":\"m\",\"image_position\":\"center-center\",\"media_overlay_gradient\":\"\"},\"children\":[{\"type\":\"text\",\"props\":{\"margin\":\"default\",\"column_breakpoint\":\"m\",\"content\":\"\n\n<p>Der erste Teil tr\\u00e4gt dazu bei, die F\\u00e4higkeiten der Berufsbildungstutoren zu entwickeln:<\\\/p>\\n\n\n<ol>\\n\n\n<li>die Entwicklung von Unternehmergeist in der Zielgruppe der<\\\/li>\\n\n\n<li>ein Verst\\u00e4ndnis f\\u00fcr die Kreislaufwirtschaft zu entwickeln<\\\/li>\\n<\\\/ol>\"}}]}]},{\"type\":\"row\",\"children\":[{\"type\":\"column\",\"props\":{\"position_sticky_breakpoint\":\"m\",\"image_position\":\"center-center\",\"media_overlay_gradient\":\"\"},\"children\":[{\"type\":\"headline\",\"props\":{\"title_element\":\"h3\",\"content\":\"Selbstgesteuertes Lernen\"}},{\"type\":\"text\",\"props\":{\"margin\":\"default\",\"column_breakpoint\":\"m\",\"content\":\"\n\n<p>Diese Inhalte werden in diesem Handbuch in Form einer Reihe von Modulen zum selbstgesteuerten Lernen pr\\u00e4sentiert, die wichtige theoretische Inhalte, Fallstudien, zus\\u00e4tzliches Lesematerial und Links zu kurzen Einf\\u00fchrungsvideos enthalten, die den Berufsbildungstutoren einen kurzen \\u00dcberblick \\u00fcber die Themen geben und die von den Berufsbildungstutoren angesehen werden sollen, bevor sie mit den Modulen zum selbstgesteuerten Lernen beginnen.<\\\/p>\\n\n\n<ul>\\n\n\n<li><span>Modul <\\\/span>1: <span>Unternehmertum und soziales Unternehmertum<\\\/span><\\\/li>\\n\n\n<li><span>Modul 2: Kreislaufwirtschaft vs. Lineare Wirtschaft<\\\/span><span><br \\\/><\\\/span><\\\/li>\\n\n\n<li><span>Modul 3: Kreislaufwirtschaftliche Gesch\\u00e4ftsmodelle<\\\/span><\\\/li>\\n\n\n<li>Modul 4: Bew\\u00e4hrte Praktiken zu CE und sozialem Unternehmertum<\\\/li>\\n\n\n<li><span>Modul 5: Marktforschung: Methoden und Werkzeuge <\\\/span><\\\/li>\\n\n\n<li><span>Modul 6: Wie man einen Gesch\\u00e4ftsplan erstellt<\\\/span><\\\/li>\\n\n\n<li><span>Modul 7: Finanzierung von Unternehmern der Kreislaufwirtschaft<\\\/span><\\\/li>\\n\n\n<li><span>Modul 8: Kollaborateure finden - das Netzwerk erweitern<\\\/span><\\\/li>\\n<\\\/ul>\"}},{\"type\":\"button\",\"props\":{\"grid_column_gap\":\"small\",\"grid_row_gap\":\"small\",\"margin\":\"default\"},\"children\":[{\"type\":\"button_item\",\"props\":{\"button_style\":\"default\",\"icon_align\":\"left\",\"content\":\"Selbstgesteuertes Lernen herunterladen\",\"link\":\"wp-content\\\/uploads\\\/2023\\\/06\\\/LEARNING-CIRCLE-In-service-training-programme-Part-A_self-directed-learning_final_DE.pdf\",\"link_target\":\"blank\"}}]}]}]},{\"type\":\"row\",\"children\":[{\"type\":\"column\",\"props\":{\"position_sticky_breakpoint\":\"m\",\"image_position\":\"center-center\",\"media_overlay_gradient\":\"\"},\"children\":[{\"type\":\"divider\",\"props\":{\"divider_element\":\"hr\"}}]}]},{\"type\":\"row\",\"children\":[{\"type\":\"column\",\"props\":{\"position_sticky_breakpoint\":\"m\",\"image_position\":\"center-center\",\"media_overlay_gradient\":\"\"},\"children\":[{\"type\":\"headline\",\"props\":{\"title_element\":\"h3\",\"content\":\"Face-to-Face\"}},{\"type\":\"text\",\"props\":{\"margin\":\"default\",\"column_breakpoint\":\"m\",\"content\":\"\n\n<p>Enthaltene Ressourcen zur Unterst\\u00fctzung der Ausbilder bei der Durchf\\u00fchrung dieser pers\\u00f6nlichen Schulung.<\\\/p>\"}},{\"type\":\"button\",\"props\":{\"grid_column_gap\":\"small\",\"grid_row_gap\":\"small\",\"margin\":\"default\"},\"children\":[{\"type\":\"button_item\",\"props\":{\"button_style\":\"default\",\"icon_align\":\"left\",\"content\":\"Lernaktivit\\u00e4ten herunterladen\",\"link\":\"wp-content\\\/uploads\\\/2023\\\/06\\\/LEARNING-CIRCLE-In-service-training-programme-Part-A_f2f-modules_final_DE.pdf\",\"link_target\":\"blank\"}}]},{\"type\":\"headline\",\"props\":{\"title_element\":\"h4\",\"content\":\"Pr\\u00e4sentationen\",\"margin_remove_top\":true}}]}]},{\"type\":\"row\",\"props\":{\"margin_remove_top\":false,\"margin\":\"small\"},\"children\":[{\"type\":\"column\",\"props\":{\"position_sticky_breakpoint\":\"m\",\"image_position\":\"center-center\",\"media_overlay_gradient\":\"\",\"width_medium\":\"\"},\"children\":[{\"type\":\"button\",\"props\":{\"grid_column_gap\":\"small\",\"grid_row_gap\":\"small\",\"margin\":\"default\"},\"children\":[{\"type\":\"button_item\",\"props\":{\"button_style\":\"default\",\"icon_align\":\"left\",\"content\":\"M1: Unternehmertum und soziales Unternehmertum - PPT 1\",\"link\":\"wp-content\\\/uploads\\\/2023\\\/06\\\/LEARNING-CIRCLE-In-service-training-Programme_Module-1_PPT1-de.pptx\",\"link_target\":\"blank\"}},{\"type\":\"button_item\",\"props\":{\"button_style\":\"default\",\"icon_align\":\"left\",\"content\":\"M1: Unternehmertum und soziales Unternehmertum - PPT 2\",\"link\":\"wp-content\\\/uploads\\\/2023\\\/06\\\/LEARNING-CIRCLE-In-service-training-Programme_Module-1_PPT2-de.pptx\",\"link_target\":\"blank\"}},{\"type\":\"button_item\",\"props\":{\"button_style\":\"default\",\"icon_align\":\"left\",\"content\":\"M1: Unternehmertum und soziales Unternehmertum - PPT 3\",\"link\":\"wp-content\\\/uploads\\\/2023\\\/06\\\/LEARNING-CIRCLE-In-service-training-Programme_Module-1_PPT3-de.pptx\",\"link_target\":\"blank\"}},{\"type\":\"button_item\",\"props\":{\"button_style\":\"default\",\"icon_align\":\"left\",\"content\":\"M2:  Kreislaufwirtschaft vs. Lineare Wirtschaft- PPT 1\",\"link\":\"wp-content\\\/uploads\\\/2023\\\/06\\\/LEARNING-CIRCLE-In-service-training-Programme_Module-2_PPT1-de.pptx\",\"link_target\":\"blank\"}},{\"type\":\"button_item\",\"props\":{\"button_style\":\"default\",\"icon_align\":\"left\",\"content\":\"M2:  Kreislaufwirtschaft vs. Lineare Wirtschaft- PPT 2\",\"link\":\"wp-content\\\/uploads\\\/2023\\\/06\\\/LEARNING-CIRCLE-In-service-training-Programme_Module-2_PPT2-de.pptx\",\"link_target\":\"blank\"}}]},{\"type\":\"button\",\"props\":{\"grid_column_gap\":\"small\",\"grid_row_gap\":\"small\",\"margin\":\"default\"},\"children\":[{\"type\":\"button_item\",\"props\":{\"button_style\":\"default\",\"icon_align\":\"left\",\"content\":\"M3: Kreislaufwirtschaftliche Gesch\\u00e4ftsmodelle  - PPT\",\"link\":\"wp-content\\\/uploads\\\/2023\\\/06\\\/LEARNING-CIRCLE-In-service-training-Programme_Module-3_PPT-de.pptx\",\"link_target\":\"blank\"}},{\"type\":\"button_item\",\"props\":{\"button_style\":\"default\",\"icon_align\":\"left\",\"content\":\"M4: Bew\\u00e4hrte Praktiken zu CE und sozialem Unternehmertum - PPT 1\",\"link\":\"wp-content\\\/uploads\\\/2023\\\/06\\\/LEARNING-CIRCLE-In-service-training-Programme_Module-4_PPT1-de.pptx\",\"link_target\":\"blank\"}},{\"type\":\"button_item\",\"props\":{\"button_style\":\"default\",\"icon_align\":\"left\",\"content\":\"M4: Bew\\u00e4hrte Praktiken zu CE und sozialem Unternehmertum - PPT 2\",\"link\":\"wp-content\\\/uploads\\\/2023\\\/06\\\/LEARNING-CIRCLE-In-service-training-Programme_Module-4_PPT2-de.pptx\",\"link_target\":\"blank\"}},{\"type\":\"button_item\",\"props\":{\"button_style\":\"default\",\"icon_align\":\"left\",\"content\":\"M4: Bew\\u00e4hrte Praktiken zu CE und sozialem Unternehmertum - PPT 3\",\"link\":\"wp-content\\\/uploads\\\/2023\\\/06\\\/LEARNING-CIRCLE-In-service-training-Programme_Module-4_PPT3-de.pptx\",\"link_target\":\"blank\"}},{\"type\":\"button_item\",\"props\":{\"button_style\":\"default\",\"icon_align\":\"left\",\"content\":\"M5: Marktforschung: Methoden und Werkzeuge- PPT\",\"link\":\"wp-content\\\/uploads\\\/2023\\\/06\\\/LEARNING-CIRCLE-In-service-training-Programme_Module-5_PPT1-de.pptx\",\"link_target\":\"blank\"}}]},{\"type\":\"button\",\"props\":{\"grid_column_gap\":\"small\",\"grid_row_gap\":\"small\",\"margin\":\"default\"},\"children\":[{\"type\":\"button_item\",\"props\":{\"button_style\":\"default\",\"icon_align\":\"left\",\"content\":\"M6: Wie man einen Gesch\\u00e4ftsplan erstellt - PPT 1\",\"link\":\"wp-content\\\/uploads\\\/2023\\\/06\\\/LEARNING-CIRCLE-In-service-training-Programme_Module-6_PPT1-de.pptx\",\"link_target\":\"blank\"}},{\"type\":\"button_item\",\"props\":{\"button_style\":\"default\",\"icon_align\":\"left\",\"content\":\"M6: Wie man einen Gesch\\u00e4ftsplan erstellt - PPT 2\",\"link\":\"wp-content\\\/uploads\\\/2023\\\/06\\\/LEARNING-CIRCLE-In-service-training-Programme_Module-6_PPT2-de.pptx\",\"link_target\":\"blank\"}},{\"type\":\"button_item\",\"props\":{\"button_style\":\"default\",\"icon_align\":\"left\",\"content\":\"M7: Finanzierung von Unternehmern der Kreislaufwirtschaft - PPT\",\"link\":\"wp-content\\\/uploads\\\/2023\\\/06\\\/LEARNING-CIRCLE-In-service-training-Programme_Module-7_PPT1-de.pptx\",\"link_target\":\"blank\"}},{\"type\":\"button_item\",\"props\":{\"button_style\":\"default\",\"icon_align\":\"left\",\"content\":\"M8:  Kollaborateure finden \\u2013 das Netzwerk erweitern - PPT 1\",\"link\":\"wp-content\\\/uploads\\\/2023\\\/06\\\/LEARNING-CIRCLE-In-service-training-Programme_Module-8_PPT1-de.pptx\",\"link_target\":\"blank\"}},{\"type\":\"button_item\",\"props\":{\"button_style\":\"default\",\"icon_align\":\"left\",\"content\":\"M8: Kollaborateure finden \\u2013 das Netzwerk erweitern - PPT 2\",\"link\":\"wp-content\\\/uploads\\\/2023\\\/06\\\/LEARNING-CIRCLE-In-service-training-Programme_Module-8_PPT2-de.pptx\",\"link_target\":\"blank\"}}]}]}]}]}],\"version\":\"3.0.9\"} --><\/p>\n","protected":false},"excerpt":{"rendered":"<p>Der erste Teil tr\u00e4gt dazu bei, die F\u00e4higkeiten der Berufsbildungstutoren zu entwickeln: die Entwicklung von Unternehmergeist in der Zielgruppe der ein Verst\u00e4ndnis f\u00fcr die Kreislaufwirtschaft..<\/p>\n","protected":false},"author":1,"featured_media":0,"parent":0,"menu_order":0,"comment_status":"closed","ping_status":"closed","template":"","meta":{"_acf_changed":false,"inline_featured_image":false,"footnotes":""},"class_list":["post-1529","page","type-page","status-publish","hentry"],"acf":[],"_links":{"self":[{"href":"https:\/\/elearning.learningcircleproject.eu\/de\/wp-json\/wp\/v2\/pages\/1529","targetHints":{"allow":["GET"]}}],"collection":[{"href":"https:\/\/elearning.learningcircleproject.eu\/de\/wp-json\/wp\/v2\/pages"}],"about":[{"href":"https:\/\/elearning.learningcircleproject.eu\/de\/wp-json\/wp\/v2\/types\/page"}],"author":[{"embeddable":true,"href":"https:\/\/elearning.learningcircleproject.eu\/de\/wp-json\/wp\/v2\/users\/1"}],"replies":[{"embeddable":true,"href":"https:\/\/elearning.learningcircleproject.eu\/de\/wp-json\/wp\/v2\/comments?post=1529"}],"version-history":[{"count":55,"href":"https:\/\/elearning.learningcircleproject.eu\/de\/wp-json\/wp\/v2\/pages\/1529\/revisions"}],"predecessor-version":[{"id":5588,"href":"https:\/\/elearning.learningcircleproject.eu\/de\/wp-json\/wp\/v2\/pages\/1529\/revisions\/5588"}],"wp:attachment":[{"href":"https:\/\/elearning.learningcircleproject.eu\/de\/wp-json\/wp\/v2\/media?parent=1529"}],"curies":[{"name":"wp","href":"https:\/\/api.w.org\/{rel}","templated":true}]}}