{"id":1523,"date":"2022-02-24T14:11:37","date_gmt":"2022-02-24T14:11:37","guid":{"rendered":"https:\/\/elearning.learningcircleproject.eu\/infographics\/"},"modified":"2023-07-18T16:16:50","modified_gmt":"2023-07-18T16:16:50","slug":"infographics","status":"publish","type":"page","link":"https:\/\/elearning.learningcircleproject.eu\/de\/infographics\/","title":{"rendered":"Unternehmer"},"content":{"rendered":"<div>\n<p>EduZines &amp; interaktive Infografiken f\u00fcr innovative Unternehmer der Kreislaufwirtschaft, die die zehn trainierbaren Kompetenzen f\u00fcr innovative Unternehmer der Kreislaufwirtschaft ansprechen:<\/p>\n<\/div>\n<h1>Eduzinen<\/h1>\n<ul>\n<li>\n        <a href=\"\/wp-content\/uploads\/2023\/06\/Creative-Thinking-DE.pdf\">Kreatives Denken<\/a>\n    <\/li>\n<li>\n        <a href=\"\/wp-content\/uploads\/2023\/06\/Problem-Solving-DE.pdf\">Probleml\u00f6sung<\/a>\n    <\/li>\n<li>\n        <a href=\"\/wp-content\/uploads\/2023\/06\/Leadership-and-Team-Management-DE.pdf\"> F\u00fchrung und Teammanagement<\/a>\n    <\/li>\n<li>\n        <a href=\"\/wp-content\/uploads\/2023\/06\/Innovation-Management-DE.pdf\">Innovationsmanagement<\/a>\n    <\/li>\n<li>\n        <a href=\"\/wp-content\/uploads\/2023\/06\/Agile-Management-DE.pdf\">Agiles Management<\/a>\n    <\/li>\n<li>\n        <a href=\"\/wp-content\/uploads\/2023\/06\/Strategic-Planning-DE.pdf\">Strategische Planung<\/a>\n    <\/li>\n<li>\n        <a href=\"\/wp-content\/uploads\/2023\/06\/Risk-Management-DE.pdf\">Risikomanagement<\/a>\n    <\/li>\n<li>\n        <a href=\"\/wp-content\/uploads\/2023\/06\/Business-Model-Development-DE.pdf\">Entwicklung von Gesch\u00e4ftsmodellen<\/a>\n    <\/li>\n<li>\n        <a href=\"\/wp-content\/uploads\/2023\/06\/9.-Raising-Venture-Capital-DE.pdf\">Beschaffung von Risikokapital<\/a>\n    <\/li>\n<li>\n        <a href=\"\/wp-content\/uploads\/2023\/06\/10.-Rapid-Experimentation-DE.pdf\">Schnelles Experimentieren<\/a>\n    <\/li>\n<\/ul>\n<h1>Infografiken<\/h1>\n<ul>\n<li>\n        <a href=\"\/wp-content\/uploads\/2023\/06\/1.-Creative-Thinking-DE.pdf\">Kreatives Denken<\/a>\n    <\/li>\n<li>\n        <a href=\"\/wp-content\/uploads\/2023\/06\/2.-Problem-Solving-DE.pdf\">Probleml\u00f6sung<\/a>\n    <\/li>\n<li>\n        <a href=\"\/wp-content\/uploads\/2023\/06\/3.-Leadership-and-Team-Management-DE.pdf\"> F\u00fchrung und Teammanagement<\/a>\n    <\/li>\n<li>\n        <a href=\"\/wp-content\/uploads\/2023\/06\/5.-Innovation-Management-DE.pdf\">Innovations Management<\/a>\n    <\/li>\n<li>\n        <a href=\"\/wp-content\/uploads\/2023\/06\/4.-Agile-Management-DE.pdf\">Agiles Management<\/a>\n    <\/li>\n<li>\n        <a href=\"\/wp-content\/uploads\/2023\/06\/6.-Strategic-Planning-DE.pdf\">Strategische Planung<\/a>\n    <\/li>\n<li>\n        <a href=\"\/wp-content\/uploads\/2023\/06\/7.-Risk-Management-DE.pdf\">Risikomanagement<\/a>\n    <\/li>\n<li>\n        <a href=\"\/wp-content\/uploads\/2023\/06\/Business-Model-Development-DE.pdf\">Kreislaufwirtschaft in der Wirtschaft<\/a>\n    <\/li>\n<li>\n        <a href=\"\/wp-content\/uploads\/2023\/06\/Raising-Venture-Capital-DE.pdf\">Beschaffung von Risikokapital<\/a>\n    <\/li>\n<li>\n        <a href=\"\/wp-content\/uploads\/2023\/06\/Rapid-Experimentation-DE.pdf\">Schnelles Experimentieren<\/a>\n    <\/li>\n<\/ul>\n<p><!--more--><br \/>\n<!-- {\"type\":\"layout\",\"children\":[{\"type\":\"section\",\"props\":{\"style\":\"muted\",\"width\":\"default\",\"vertical_align\":\"middle\",\"title_position\":\"top-left\",\"title_rotation\":\"left\",\"title_breakpoint\":\"xl\",\"image_position\":\"center-center\",\"padding_remove_top\":false,\"animation\":\"fade\",\"height\":\"expand\"},\"children\":[{\"type\":\"row\",\"children\":[{\"type\":\"column\",\"props\":{\"position_sticky_breakpoint\":\"m\",\"image_position\":\"center-center\",\"media_overlay_gradient\":\"\"},\"children\":[{\"type\":\"headline\",\"props\":{\"title_element\":\"h1\"},\"source\":{\"query\":{\"name\":\"pages.singlePage\"},\"props\":{\"content\":{\"filters\":{\"search\":\"\"},\"name\":\"title\"}}}}]}]},{\"type\":\"row\",\"children\":[{\"type\":\"column\",\"props\":{\"position_sticky_breakpoint\":\"m\",\"image_position\":\"center-center\",\"media_overlay_gradient\":\"\"},\"children\":[{\"type\":\"text\",\"props\":{\"margin\":\"default\",\"column_breakpoint\":\"m\",\"content\":\"\n\n<p>EduZines &amp; interaktive Infografiken f\\u00fcr innovative Unternehmer der Kreislaufwirtschaft, die die zehn trainierbaren Kompetenzen f\\u00fcr innovative Unternehmer der Kreislaufwirtschaft ansprechen:<\\\/p>\"}},{\"type\":\"headline\",\"props\":{\"title_element\":\"h1\",\"content\":\"Eduzinen\"}},{\"type\":\"button\",\"props\":{\"grid_column_gap\":\"small\",\"grid_row_gap\":\"small\",\"margin\":\"default\",\"fullwidth\":false,\"css\":\".el-item{\\n\\twidth: 50%;\\n}\\n.el-item a{\\n\\tcolor: #fff;\\n}\\n.el-element{\\n\\tbackground: #195562;\\n    padding: 20px;\\n}\"},\"children\":[{\"type\":\"button_item\",\"props\":{\"button_style\":\"text\",\"icon_align\":\"left\",\"link_target\":\"blank\",\"content\":\"Kreatives Denken\",\"link\":\"wp-content\\\/uploads\\\/2023\\\/06\\\/Creative-Thinking-DE.pdf\",\"icon\":\"file-pdf\"}},{\"type\":\"button_item\",\"props\":{\"button_style\":\"text\",\"icon_align\":\"left\",\"content\":\"Probleml\\u00f6sung\",\"link\":\"wp-content\\\/uploads\\\/2023\\\/06\\\/Problem-Solving-DE.pdf\",\"link_target\":\"blank\",\"icon\":\"file-pdf\"}},{\"type\":\"button_item\",\"props\":{\"button_style\":\"text\",\"icon_align\":\"left\",\"content\":\" F\\u00fchrung und Teammanagement\",\"link\":\"wp-content\\\/uploads\\\/2023\\\/06\\\/Leadership-and-Team-Management-DE.pdf\",\"link_target\":\"blank\",\"icon\":\"file-pdf\"}},{\"type\":\"button_item\",\"props\":{\"button_style\":\"text\",\"icon_align\":\"left\",\"content\":\"Innovationsmanagement\",\"link\":\"wp-content\\\/uploads\\\/2023\\\/06\\\/Innovation-Management-DE.pdf\",\"link_target\":\"blank\",\"icon\":\"file-pdf\"}},{\"type\":\"button_item\",\"props\":{\"button_style\":\"text\",\"icon_align\":\"left\",\"content\":\"Agiles Management\",\"link\":\"wp-content\\\/uploads\\\/2023\\\/06\\\/Agile-Management-DE.pdf\",\"link_target\":\"blank\",\"icon\":\"file-pdf\"}},{\"type\":\"button_item\",\"props\":{\"button_style\":\"text\",\"icon_align\":\"left\",\"content\":\"Strategische Planung\",\"link\":\"wp-content\\\/uploads\\\/2023\\\/06\\\/Strategic-Planning-DE.pdf\",\"link_target\":\"blank\",\"icon\":\"file-pdf\"}},{\"type\":\"button_item\",\"props\":{\"button_style\":\"text\",\"icon_align\":\"left\",\"content\":\"Risikomanagement\",\"link\":\"wp-content\\\/uploads\\\/2023\\\/06\\\/Risk-Management-DE.pdf\",\"link_target\":\"blank\",\"icon\":\"file-pdf\"}},{\"type\":\"button_item\",\"props\":{\"button_style\":\"text\",\"icon_align\":\"left\",\"content\":\"Entwicklung von Gesch\\u00e4ftsmodellen\",\"link\":\"wp-content\\\/uploads\\\/2023\\\/06\\\/Business-Model-Development-DE.pdf\",\"link_target\":\"blank\",\"icon\":\"file-pdf\"}},{\"type\":\"button_item\",\"props\":{\"button_style\":\"text\",\"icon_align\":\"left\",\"content\":\"Beschaffung von Risikokapital\",\"link\":\"wp-content\\\/uploads\\\/2023\\\/06\\\/9.-Raising-Venture-Capital-DE.pdf\",\"link_target\":\"blank\",\"icon\":\"file-pdf\"}},{\"type\":\"button_item\",\"props\":{\"button_style\":\"text\",\"icon_align\":\"left\",\"content\":\"Schnelles Experimentieren\",\"link\":\"wp-content\\\/uploads\\\/2023\\\/06\\\/10.-Rapid-Experimentation-DE.pdf\",\"link_target\":\"blank\",\"icon\":\"file-pdf\"}}]},{\"type\":\"headline\",\"props\":{\"title_element\":\"h1\",\"content\":\"Infografiken\"}},{\"type\":\"button\",\"props\":{\"grid_column_gap\":\"small\",\"grid_row_gap\":\"small\",\"margin\":\"default\",\"fullwidth\":false,\"css\":\".el-item{\\n\\twidth: 50%;\\n}\\n.el-item a{\\n\\tcolor: #fff;\\n}\\n.el-element{\\n\\tbackground: #195562;\\n    padding: 20px;\\n}\"},\"children\":[{\"type\":\"button_item\",\"props\":{\"button_style\":\"text\",\"icon_align\":\"left\",\"link_target\":\"blank\",\"content\":\"Kreatives Denken\",\"link\":\"wp-content\\\/uploads\\\/2023\\\/06\\\/1.-Creative-Thinking-DE.pdf\",\"icon\":\"file-pdf\"}},{\"type\":\"button_item\",\"props\":{\"button_style\":\"text\",\"icon_align\":\"left\",\"content\":\"Probleml\\u00f6sung\",\"link\":\"wp-content\\\/uploads\\\/2023\\\/06\\\/2.-Problem-Solving-DE.pdf\",\"link_target\":\"blank\",\"icon\":\"file-pdf\"}},{\"type\":\"button_item\",\"props\":{\"button_style\":\"text\",\"icon_align\":\"left\",\"content\":\" F\\u00fchrung und Teammanagement\",\"link\":\"wp-content\\\/uploads\\\/2023\\\/06\\\/3.-Leadership-and-Team-Management-DE.pdf\",\"link_target\":\"blank\",\"icon\":\"file-pdf\"}},{\"type\":\"button_item\",\"props\":{\"button_style\":\"text\",\"icon_align\":\"left\",\"content\":\"Innovations Management\",\"link\":\"wp-content\\\/uploads\\\/2023\\\/06\\\/5.-Innovation-Management-DE.pdf\",\"link_target\":\"blank\",\"icon\":\"file-pdf\"}},{\"type\":\"button_item\",\"props\":{\"button_style\":\"text\",\"icon_align\":\"left\",\"content\":\"Agiles Management\",\"link\":\"wp-content\\\/uploads\\\/2023\\\/06\\\/4.-Agile-Management-DE.pdf\",\"link_target\":\"blank\",\"icon\":\"file-pdf\"}},{\"type\":\"button_item\",\"props\":{\"button_style\":\"text\",\"icon_align\":\"left\",\"content\":\"Strategische Planung\",\"link\":\"wp-content\\\/uploads\\\/2023\\\/06\\\/6.-Strategic-Planning-DE.pdf\",\"link_target\":\"blank\",\"icon\":\"file-pdf\"}},{\"type\":\"button_item\",\"props\":{\"button_style\":\"text\",\"icon_align\":\"left\",\"content\":\"Risikomanagement\",\"link\":\"wp-content\\\/uploads\\\/2023\\\/06\\\/7.-Risk-Management-DE.pdf\",\"link_target\":\"blank\",\"icon\":\"file-pdf\"}},{\"type\":\"button_item\",\"props\":{\"button_style\":\"text\",\"icon_align\":\"left\",\"content\":\"Kreislaufwirtschaft in der Wirtschaft\",\"link\":\"wp-content\\\/uploads\\\/2023\\\/06\\\/Business-Model-Development-DE.pdf\",\"link_target\":\"blank\",\"icon\":\"file-pdf\"}},{\"type\":\"button_item\",\"props\":{\"button_style\":\"text\",\"icon_align\":\"left\",\"content\":\"Beschaffung von Risikokapital\",\"link\":\"wp-content\\\/uploads\\\/2023\\\/06\\\/Raising-Venture-Capital-DE.pdf\",\"link_target\":\"blank\",\"icon\":\"file-pdf\"}},{\"type\":\"button_item\",\"props\":{\"button_style\":\"text\",\"icon_align\":\"left\",\"content\":\"Schnelles Experimentieren\",\"link\":\"wp-content\\\/uploads\\\/2023\\\/06\\\/Rapid-Experimentation-DE.pdf\",\"link_target\":\"blank\",\"icon\":\"file-pdf\"}}]}]}]}]}],\"version\":\"3.0.9\"} --><\/p>\n","protected":false},"excerpt":{"rendered":"<p>EduZines &amp; interaktive Infografiken f\u00fcr innovative Unternehmer der Kreislaufwirtschaft, die die zehn trainierbaren Kompetenzen f\u00fcr innovative Unternehmer der Kreislaufwirtschaft ansprechen: Eduzinen Kreatives Denken Probleml\u00f6sung F\u00fchrung..<\/p>\n","protected":false},"author":1,"featured_media":0,"parent":0,"menu_order":0,"comment_status":"closed","ping_status":"closed","template":"","meta":{"_acf_changed":false,"inline_featured_image":false,"footnotes":""},"class_list":["post-1523","page","type-page","status-publish","hentry"],"acf":[],"_links":{"self":[{"href":"https:\/\/elearning.learningcircleproject.eu\/de\/wp-json\/wp\/v2\/pages\/1523","targetHints":{"allow":["GET"]}}],"collection":[{"href":"https:\/\/elearning.learningcircleproject.eu\/de\/wp-json\/wp\/v2\/pages"}],"about":[{"href":"https:\/\/elearning.learningcircleproject.eu\/de\/wp-json\/wp\/v2\/types\/page"}],"author":[{"embeddable":true,"href":"https:\/\/elearning.learningcircleproject.eu\/de\/wp-json\/wp\/v2\/users\/1"}],"replies":[{"embeddable":true,"href":"https:\/\/elearning.learningcircleproject.eu\/de\/wp-json\/wp\/v2\/comments?post=1523"}],"version-history":[{"count":54,"href":"https:\/\/elearning.learningcircleproject.eu\/de\/wp-json\/wp\/v2\/pages\/1523\/revisions"}],"predecessor-version":[{"id":5590,"href":"https:\/\/elearning.learningcircleproject.eu\/de\/wp-json\/wp\/v2\/pages\/1523\/revisions\/5590"}],"wp:attachment":[{"href":"https:\/\/elearning.learningcircleproject.eu\/de\/wp-json\/wp\/v2\/media?parent=1523"}],"curies":[{"name":"wp","href":"https:\/\/api.w.org\/{rel}","templated":true}]}}