{"id":1517,"date":"2022-03-21T06:09:31","date_gmt":"2022-03-21T06:09:31","guid":{"rendered":"https:\/\/elearning.learningcircleproject.eu\/in-service-training\/"},"modified":"2023-07-18T16:11:59","modified_gmt":"2023-07-18T16:11:59","slug":"in-service-training","status":"publish","type":"page","link":"https:\/\/elearning.learningcircleproject.eu\/de\/in-service-training\/","title":{"rendered":"Ausbildung"},"content":{"rendered":"<div>\n<p>Das Programm ist in zwei Abschnitte unterteilt: Teil A: Verst\u00e4ndnis des Unternehmergeistes und der Kreislaufwirtschaft und Teil B: Aufbau der p\u00e4dagogischen F\u00e4higkeiten von Vet-Fachleuten. Beide Abschnitte sind in Pr\u00e4senzveranstaltungen mit einer Reihe von Unterrichtspl\u00e4nen mit begleitenden Powerpoint-Folien, Handouts und Aktivit\u00e4ten sowie in selbstgesteuertes Lernen f\u00fcr verst\u00e4rktes autonomes Lernen zu denselben Themen unterteilt.<\/p>\n<\/div>\n<div>\n<h3>TEIL A<\/h3>\n<div>\n<p>F\u00f6rderung des Unternehmergeistes<\/p>\n<\/div>\n<p><a href=\"\/de\/part-a\/\"><\/a><\/p>\n<\/div>\n<div>\n<h3>TEIL B<\/h3>\n<div>\n<p>Verst\u00e4ndnis der Kreislaufwirtschaft<\/p>\n<\/div>\n<p><a href=\"\/de\/part-b\/\"><\/a><\/p>\n<\/div>\n<p><!--more--><br \/>\n<!-- {\"type\":\"layout\",\"children\":[{\"type\":\"section\",\"props\":{\"style\":\"default\",\"width\":\"default\",\"vertical_align\":\"middle\",\"title_position\":\"top-left\",\"title_rotation\":\"left\",\"title_breakpoint\":\"xl\",\"image_position\":\"center-center\",\"height\":\"expand\"},\"children\":[{\"type\":\"row\",\"children\":[{\"type\":\"column\",\"props\":{\"position_sticky_breakpoint\":\"m\",\"image_position\":\"center-center\",\"media_overlay_gradient\":\"\"},\"children\":[{\"type\":\"headline\",\"props\":{\"title_element\":\"h1\",\"title_style\":\"h1\",\"text_align\":\"left\"},\"name\":\"headline-pages\",\"source\":{\"query\":{\"name\":\"pages.singlePage\"},\"props\":{\"content\":{\"filters\":{\"search\":\"\"},\"name\":\"title\"}}}}]}]},{\"type\":\"row\",\"children\":[{\"type\":\"column\",\"props\":{\"position_sticky_breakpoint\":\"m\",\"image_position\":\"center-center\",\"media_overlay_gradient\":\"\"},\"children\":[{\"type\":\"text\",\"props\":{\"margin\":\"default\",\"column_breakpoint\":\"m\",\"content\":\"\n\n<p>Das Programm ist in zwei Abschnitte unterteilt: Teil A: Verst\\u00e4ndnis des Unternehmergeistes und der Kreislaufwirtschaft und Teil B: Aufbau der p\\u00e4dagogischen F\\u00e4higkeiten von Vet-Fachleuten. Beide Abschnitte sind in Pr\\u00e4senzveranstaltungen mit einer Reihe von Unterrichtspl\\u00e4nen mit begleitenden Powerpoint-Folien, Handouts und Aktivit\\u00e4ten sowie in selbstgesteuertes Lernen f\\u00fcr verst\\u00e4rktes autonomes Lernen zu denselben Themen unterteilt.<\\\/p>\"}}]}]},{\"type\":\"row\",\"props\":{\"layout\":\"1-2,1-2\"},\"children\":[{\"type\":\"column\",\"props\":{\"position_sticky_breakpoint\":\"m\",\"image_position\":\"center-center\",\"media_overlay_gradient\":\"\",\"width_medium\":\"1-2\"},\"children\":[{\"type\":\"panel\",\"props\":{\"link_text\":\"\",\"title_hover_style\":\"reset\",\"title_element\":\"h3\",\"title_align\":\"top\",\"title_grid_width\":\"1-2\",\"title_grid_breakpoint\":\"m\",\"meta_style\":\"text-meta\",\"meta_align\":\"below-title\",\"meta_element\":\"div\",\"content_column_breakpoint\":\"m\",\"icon_width\":80,\"image_align\":\"top\",\"image_grid_width\":\"1-2\",\"image_grid_breakpoint\":\"m\",\"image_svg_color\":\"emphasis\",\"link_style\":\"default\",\"margin\":\"default\",\"title\":\"TEIL A\",\"link\":\"de\\\/part-a\\\/\",\"panel_style\":\"card-default\",\"panel_link\":true,\"panel_padding\":\"default\",\"text_align\":\"center\",\"title_style\":\"h3\",\"meta\":\"\",\"content\":\"\n\n<p>F\\u00f6rderung des Unternehmergeistes<\\\/p>\",\"content_margin\":\"small\",\"css\":\".el-content{\\n\\tcolor: #195562;\\n}\"}}]},{\"type\":\"column\",\"props\":{\"position_sticky_breakpoint\":\"m\",\"image_position\":\"center-center\",\"media_overlay_gradient\":\"\",\"width_medium\":\"1-2\"},\"children\":[{\"type\":\"panel\",\"props\":{\"link_text\":\"\",\"title_hover_style\":\"reset\",\"title_element\":\"h3\",\"title_align\":\"top\",\"title_grid_width\":\"1-2\",\"title_grid_breakpoint\":\"m\",\"meta_style\":\"text-meta\",\"meta_align\":\"below-title\",\"meta_element\":\"div\",\"content_column_breakpoint\":\"m\",\"icon_width\":80,\"image_align\":\"top\",\"image_grid_width\":\"1-2\",\"image_grid_breakpoint\":\"m\",\"image_svg_color\":\"emphasis\",\"link_style\":\"default\",\"margin\":\"default\",\"title\":\"TEIL B\",\"link\":\"de\\\/part-b\\\/\",\"panel_style\":\"card-default\",\"panel_link\":true,\"panel_padding\":\"default\",\"text_align\":\"center\",\"title_style\":\"h3\",\"css\":\".el-content{\\n\\tcolor: #195562;\\n}\",\"content\":\"\n\n<p>Verst\\u00e4ndnis der Kreislaufwirtschaft<\\\/p>\",\"content_margin\":\"small\"}}]}]}]}],\"version\":\"3.0.9\"} --><\/p>\n","protected":false},"excerpt":{"rendered":"<p>Das Programm ist in zwei Abschnitte unterteilt: Teil A: Verst\u00e4ndnis des Unternehmergeistes und der Kreislaufwirtschaft und Teil B: Aufbau der p\u00e4dagogischen F\u00e4higkeiten von Vet-Fachleuten. Beide..<\/p>\n","protected":false},"author":1,"featured_media":0,"parent":0,"menu_order":0,"comment_status":"closed","ping_status":"closed","template":"","meta":{"_acf_changed":false,"inline_featured_image":false,"footnotes":""},"class_list":["post-1517","page","type-page","status-publish","hentry"],"acf":[],"_links":{"self":[{"href":"https:\/\/elearning.learningcircleproject.eu\/de\/wp-json\/wp\/v2\/pages\/1517","targetHints":{"allow":["GET"]}}],"collection":[{"href":"https:\/\/elearning.learningcircleproject.eu\/de\/wp-json\/wp\/v2\/pages"}],"about":[{"href":"https:\/\/elearning.learningcircleproject.eu\/de\/wp-json\/wp\/v2\/types\/page"}],"author":[{"embeddable":true,"href":"https:\/\/elearning.learningcircleproject.eu\/de\/wp-json\/wp\/v2\/users\/1"}],"replies":[{"embeddable":true,"href":"https:\/\/elearning.learningcircleproject.eu\/de\/wp-json\/wp\/v2\/comments?post=1517"}],"version-history":[{"count":8,"href":"https:\/\/elearning.learningcircleproject.eu\/de\/wp-json\/wp\/v2\/pages\/1517\/revisions"}],"predecessor-version":[{"id":5584,"href":"https:\/\/elearning.learningcircleproject.eu\/de\/wp-json\/wp\/v2\/pages\/1517\/revisions\/5584"}],"wp:attachment":[{"href":"https:\/\/elearning.learningcircleproject.eu\/de\/wp-json\/wp\/v2\/media?parent=1517"}],"curies":[{"name":"wp","href":"https:\/\/api.w.org\/{rel}","templated":true}]}}