{"id":1511,"date":"2022-02-24T14:11:37","date_gmt":"2022-02-24T14:11:37","guid":{"rendered":"https:\/\/elearning.learningcircleproject.eu\/eduzines\/"},"modified":"2023-07-18T16:19:25","modified_gmt":"2023-07-18T16:19:25","slug":"eduzines","status":"publish","type":"page","link":"https:\/\/elearning.learningcircleproject.eu\/de\/eduzines\/","title":{"rendered":"Gesch\u00e4ftsmodelle"},"content":{"rendered":"<div>\n<p>EduZines und interaktive Infografiken f\u00fcr Gesch\u00e4ftsmodelle der Kreislaufwirtschaft, die innovativen Unternehmern der Kreislaufwirtschaft Lernm\u00f6glichkeiten auf ihren Smartphones bieten. EduZines und interaktive Infografiken werden f\u00fcr jedes der 5 h\u00e4ufigsten CBMs wie folgt entwickelt:<\/p>\n<ol>\n<li>Kreislaufwirtschaft oder Kreislauff\u00fchrung<\/li>\n<li>Ressourcenr\u00fcckgewinnung oder Downcycling<\/li>\n<li>Verl\u00e4ngerung der Produktlebensdauer oder Upcycling<\/li>\n<li>Plattformen zur gemeinsamen Nutzung oder industrielle Symbiose<\/li>\n<li>Produkt als Dienstleistung<\/li>\n<\/ol>\n<\/div>\n<div>\n<h3>Kreislaufwirtschaft oder Kreislauff\u00fchrung<\/h3>\n<div>\n<p><a class=\"uk-button uk-button-primary\" href=\"https:\/\/elearning.learningcircleproject.eu\/wp-content\/uploads\/2023\/06\/Closed-Loop-Recycling-Advanced-DE-1.pdf\" target=\"_blank\" rel=\"noopener\">Oberstufe<\/a><\/p>\n<p><a class=\"uk-button uk-button-primary\" href=\"https:\/\/elearning.learningcircleproject.eu\/wp-content\/uploads\/2023\/06\/Closed-Loop-Recycling-Intermediate-DE-1.pdf\" target=\"_blank\" rel=\"noopener\">Mittelstufe<\/a><\/p>\n<p><a class=\"uk-button uk-button-primary\" href=\"https:\/\/elearning.learningcircleproject.eu\/wp-content\/uploads\/2023\/06\/1.-Circular-Supplies-DE.pdf\" target=\"_blank\" rel=\"noopener\">Infografik<\/a><\/p>\n<\/div>\n<\/div>\n<div>\n<h3>Ressourcenr\u00fcckgewinnung oder Downcycling<\/h3>\n<div>\n<p><a class=\"uk-button uk-button-primary\" href=\"https:\/\/elearning.learningcircleproject.eu\/wp-content\/uploads\/2023\/06\/Resource-Recovery-Advanced-DE-1.pdf\" target=\"_blank\" rel=\"noopener\">Oberstufe<\/a><\/p>\n<p><a class=\"uk-button uk-button-primary\" href=\"https:\/\/elearning.learningcircleproject.eu\/wp-content\/uploads\/2023\/06\/Resource-Recovery-Intermediate-DE-1.pdf\" target=\"_blank\" rel=\"noopener\">Mittelstufe<\/a><\/p>\n<p><a class=\"uk-button uk-button-primary\" href=\"https:\/\/elearning.learningcircleproject.eu\/wp-content\/uploads\/2023\/06\/2.-Resource-Recovery-or-Down-cycling-DE.pdf\" target=\"_blank\" rel=\"noopener\">Infografik<\/a><\/p>\n<\/div>\n<\/div>\n<hr>\n<div>\n<h3>Verl\u00e4ngerung der Produktlebensdauer oder Upcycling<\/h3>\n<div>\n<p><a class=\"uk-button uk-button-primary\" href=\"https:\/\/elearning.learningcircleproject.eu\/wp-content\/uploads\/2023\/06\/PLE-or-Upcycling-Advanced-DE-1.pdf\" target=\"_blank\" rel=\"noopener\">Oberstufe<\/a><\/p>\n<p><a class=\"uk-button uk-button-primary\" href=\"https:\/\/elearning.learningcircleproject.eu\/wp-content\/uploads\/2023\/06\/PLE-or-Upcycling-Intermediate-DE-1.pdf\" target=\"_blank\" rel=\"noopener\">Mittelstufe<\/a><\/p>\n<p><a class=\"uk-button uk-button-primary\" href=\"https:\/\/elearning.learningcircleproject.eu\/wp-content\/uploads\/2023\/06\/3.-Product-Life-Extension-or-Upcycling-DE.pdf\" target=\"_blank\" rel=\"noopener\">Infografik<\/a><\/p>\n<\/div>\n<\/div>\n<div>\n<h3>Plattformen zur gemeinsamen Nutzung oder industrielle Symbiose<\/h3>\n<div>\n<p><a class=\"uk-button uk-button-primary\" href=\"https:\/\/elearning.learningcircleproject.eu\/wp-content\/uploads\/2023\/06\/Sharing-Platforms-or-Symbiosis-Advanced-DE-1.pdf\" target=\"_blank\" rel=\"noopener\">Oberstufe<\/a><\/p>\n<p><a class=\"uk-button uk-button-primary\" href=\"https:\/\/elearning.learningcircleproject.eu\/wp-content\/uploads\/2023\/06\/Sharing-Platforms-or-Symbiosis-Intermediate-DE-1.pdf\" target=\"_blank\" rel=\"noopener\">Mittelstufe<\/a><\/p>\n<p><a class=\"uk-button uk-button-primary\" href=\"https:\/\/elearning.learningcircleproject.eu\/wp-content\/uploads\/2023\/06\/4.-Sharing-Platforms-or-Industrial-Symbiosis-DE.pdf\" target=\"_blank\" rel=\"noopener\">Infografik<\/a><\/p>\n<\/div>\n<\/div>\n<hr>\n<div>\n<h3>Produkt als Dienstleistung<\/h3>\n<div>\n<p><a class=\"uk-button uk-button-primary\" href=\"https:\/\/elearning.learningcircleproject.eu\/wp-content\/uploads\/2023\/06\/Product-as-a-Service-Advanced-DE-1.pdf\" target=\"_blank\" rel=\"noopener\">Oberstufe<\/a><\/p>\n<p><a class=\"uk-button uk-button-primary\" href=\"https:\/\/elearning.learningcircleproject.eu\/wp-content\/uploads\/2023\/06\/Product-as-A-Service-Intermediate-DE-1.pdf\" target=\"_blank\" rel=\"noopener\">Mittelstufe<\/a><\/p>\n<p><a class=\"uk-button uk-button-primary\" href=\"https:\/\/elearning.learningcircleproject.eu\/wp-content\/uploads\/2023\/06\/5.-Product-As-A-Service-DE.pdf\" target=\"_blank\" rel=\"noopener\">Infografik<\/a><\/p>\n<\/div>\n<\/div>\n<p><!--more--><br \/>\n<!-- {\"type\":\"layout\",\"children\":[{\"type\":\"section\",\"props\":{\"style\":\"muted\",\"width\":\"default\",\"vertical_align\":\"middle\",\"title_position\":\"top-left\",\"title_rotation\":\"left\",\"title_breakpoint\":\"xl\",\"image_position\":\"center-center\",\"padding_remove_top\":false,\"animation\":\"fade\",\"animation_delay\":\"200\"},\"children\":[{\"type\":\"row\",\"children\":[{\"type\":\"column\",\"props\":{\"position_sticky_breakpoint\":\"m\",\"image_position\":\"center-center\",\"media_overlay_gradient\":\"\"},\"children\":[{\"type\":\"headline\",\"props\":{\"title_element\":\"h1\",\"title_style\":\"h1\",\"text_align\":\"left\"},\"name\":\"headline-pages\",\"source\":{\"query\":{\"name\":\"pages.singlePage\"},\"props\":{\"content\":{\"filters\":{\"search\":\"\"},\"name\":\"title\"}}}}]}]},{\"type\":\"row\",\"children\":[{\"type\":\"column\",\"props\":{\"position_sticky_breakpoint\":\"m\",\"image_position\":\"center-center\",\"media_overlay_gradient\":\"\"},\"children\":[{\"type\":\"text\",\"props\":{\"margin\":\"default\",\"column_breakpoint\":\"m\",\"content\":\"\n\n<p>EduZines und interaktive Infografiken f\\u00fcr Gesch\\u00e4ftsmodelle der Kreislaufwirtschaft, die innovativen Unternehmern der Kreislaufwirtschaft Lernm\\u00f6glichkeiten auf ihren Smartphones bieten. EduZines und interaktive Infografiken werden f\\u00fcr jedes der 5 h\\u00e4ufigsten CBMs wie folgt entwickelt:<\\\/p>\\n\n\n<ol>\\n\n\n<li>Kreislaufwirtschaft oder Kreislauff\\u00fchrung<\\\/li>\\n\n\n<li>Ressourcenr\\u00fcckgewinnung oder Downcycling<\\\/li>\\n\n\n<li>Verl\\u00e4ngerung der Produktlebensdauer oder Upcycling<\\\/li>\\n\n\n<li>Plattformen zur gemeinsamen Nutzung oder industrielle Symbiose<\\\/li>\\n\n\n<li>Produkt als Dienstleistung<\\\/li>\\n<\\\/ol>\"}}]}]},{\"type\":\"row\",\"children\":[{\"type\":\"column\",\"props\":{\"position_sticky_breakpoint\":\"m\",\"image_position\":\"center-center\",\"media_overlay_gradient\":\"\",\"width_medium\":\"1-2\"},\"children\":[{\"name\":\"Panel Image Left\",\"type\":\"panel\",\"children\":null,\"props\":{\"link_text\":\"\",\"title_hover_style\":\"reset\",\"title_element\":\"h3\",\"title_align\":\"top\",\"title_grid_width\":\"1-2\",\"title_grid_breakpoint\":\"m\",\"meta_style\":\"text-meta\",\"meta_align\":\"above-title\",\"meta_element\":\"div\",\"content_column_breakpoint\":\"m\",\"icon_width\":80,\"image_align\":\"left\",\"image_grid_width\":\"2-5\",\"image_grid_breakpoint\":\"s\",\"image_svg_color\":\"emphasis\",\"link_style\":\"primary\",\"margin\":\"default\",\"title\":\"Kreislaufwirtschaft oder Kreislauff\\u00fchrung\",\"meta\":\"\",\"content\":\"\n\n<p><a class=\\\"uk-button uk-button-primary\\\" href=\\\"https:\\\/\\\/elearning.learningcircleproject.eu\\\/wp-content\\\/uploads\\\/2023\\\/06\\\/Closed-Loop-Recycling-Advanced-DE-1.pdf\\\" target=\\\"_blank\\\" rel=\\\"noopener\\\">Oberstufe<\\\/a><\\\/p>\\n\n\n<p><a class=\\\"uk-button uk-button-primary\\\" href=\\\"https:\\\/\\\/elearning.learningcircleproject.eu\\\/wp-content\\\/uploads\\\/2023\\\/06\\\/Closed-Loop-Recycling-Intermediate-DE-1.pdf\\\" target=\\\"_blank\\\" rel=\\\"noopener\\\">Mittelstufe<\\\/a><\\\/p>\\n\n\n<p><a class=\\\"uk-button uk-button-primary\\\" href=\\\"https:\\\/\\\/elearning.learningcircleproject.eu\\\/wp-content\\\/uploads\\\/2023\\\/06\\\/1.-Circular-Supplies-DE.pdf\\\" target=\\\"_blank\\\" rel=\\\"noopener\\\">Infografik<\\\/a><\\\/p>\",\"image\":\"\",\"link\":\"\",\"panel_style\":\"tile-secondary\",\"link_margin\":\"medium\",\"meta_margin\":\"small\",\"title_margin\":\"small\",\"image_width\":\"960\",\"content_margin\":\"small\",\"image_vertical_align\":true,\"block_align\":\"center\",\"image_height\":\"1280\",\"panel_image_no_padding\":true,\"panel_padding\":\"default\",\"panel_link\":false}}]},{\"type\":\"column\",\"props\":{\"position_sticky_breakpoint\":\"m\",\"image_position\":\"center-center\",\"media_overlay_gradient\":\"\",\"width_medium\":\"1-2\"},\"children\":[{\"name\":\"Panel Image Left\",\"type\":\"panel\",\"children\":null,\"props\":{\"link_text\":\"Read more\",\"title_hover_style\":\"reset\",\"title_element\":\"h3\",\"title_align\":\"top\",\"title_grid_width\":\"1-2\",\"title_grid_breakpoint\":\"m\",\"meta_style\":\"text-meta\",\"meta_align\":\"above-title\",\"meta_element\":\"div\",\"content_column_breakpoint\":\"m\",\"icon_width\":80,\"image_align\":\"left\",\"image_grid_width\":\"2-5\",\"image_grid_breakpoint\":\"s\",\"image_svg_color\":\"emphasis\",\"link_style\":\"primary\",\"margin\":\"default\",\"title\":\"Ressourcenr\\u00fcckgewinnung oder Downcycling\",\"meta\":\"\",\"content\":\"\n\n<p><a class=\\\"uk-button uk-button-primary\\\" href=\\\"https:\\\/\\\/elearning.learningcircleproject.eu\\\/wp-content\\\/uploads\\\/2023\\\/06\\\/Resource-Recovery-Advanced-DE-1.pdf\\\" target=\\\"_blank\\\" rel=\\\"noopener\\\">Oberstufe<\\\/a><\\\/p>\\n\n\n<p><a class=\\\"uk-button uk-button-primary\\\" href=\\\"https:\\\/\\\/elearning.learningcircleproject.eu\\\/wp-content\\\/uploads\\\/2023\\\/06\\\/Resource-Recovery-Intermediate-DE-1.pdf\\\" target=\\\"_blank\\\" rel=\\\"noopener\\\">Mittelstufe<\\\/a><\\\/p>\\n\\n\n\n<p><a class=\\\"uk-button uk-button-primary\\\" href=\\\"https:\\\/\\\/elearning.learningcircleproject.eu\\\/wp-content\\\/uploads\\\/2023\\\/06\\\/2.-Resource-Recovery-or-Down-cycling-DE.pdf\\\" target=\\\"_blank\\\" rel=\\\"noopener\\\">Infografik<\\\/a><\\\/p>\",\"image\":\"\",\"link\":\"\",\"panel_style\":\"tile-primary\",\"link_margin\":\"medium\",\"meta_margin\":\"small\",\"title_margin\":\"small\",\"image_width\":\"960\",\"content_margin\":\"small\",\"image_vertical_align\":true,\"block_align\":\"center\",\"image_height\":\"1280\",\"panel_image_no_padding\":true,\"panel_padding\":\"default\",\"panel_link\":true}}]}],\"props\":{\"layout\":\"1-2,1-2\"}},{\"type\":\"row\",\"children\":[{\"type\":\"column\",\"props\":{\"position_sticky_breakpoint\":\"m\",\"image_position\":\"center-center\",\"media_overlay_gradient\":\"\"},\"children\":[{\"name\":\"Divider Style Vertical\",\"type\":\"divider\",\"children\":null,\"props\":{\"divider_element\":\"hr\",\"divider_style\":\"vertical\",\"divider_align\":\"center\",\"visibility\":\"l\"}}]}]},{\"type\":\"row\",\"children\":[{\"type\":\"column\",\"props\":{\"position_sticky_breakpoint\":\"m\",\"image_position\":\"center-center\",\"media_overlay_gradient\":\"\",\"width_medium\":\"1-2\"},\"children\":[{\"name\":\"Panel Image Left\",\"type\":\"panel\",\"children\":null,\"props\":{\"link_text\":\"\",\"title_hover_style\":\"reset\",\"title_element\":\"h3\",\"title_align\":\"top\",\"title_grid_width\":\"1-2\",\"title_grid_breakpoint\":\"m\",\"meta_style\":\"text-meta\",\"meta_align\":\"above-title\",\"meta_element\":\"div\",\"content_column_breakpoint\":\"m\",\"icon_width\":80,\"image_align\":\"left\",\"image_grid_width\":\"2-5\",\"image_grid_breakpoint\":\"s\",\"image_svg_color\":\"emphasis\",\"link_style\":\"primary\",\"margin\":\"default\",\"title\":\"Verl\\u00e4ngerung der Produktlebensdauer oder Upcycling\",\"meta\":\"\",\"content\":\"\n\n<p><a class=\\\"uk-button uk-button-primary\\\" href=\\\"https:\\\/\\\/elearning.learningcircleproject.eu\\\/wp-content\\\/uploads\\\/2023\\\/06\\\/PLE-or-Upcycling-Advanced-DE-1.pdf\\\" target=\\\"_blank\\\" rel=\\\"noopener\\\">Oberstufe<\\\/a><\\\/p>\\n\n\n<p><a class=\\\"uk-button uk-button-primary\\\" href=\\\"https:\\\/\\\/elearning.learningcircleproject.eu\\\/wp-content\\\/uploads\\\/2023\\\/06\\\/PLE-or-Upcycling-Intermediate-DE-1.pdf\\\" target=\\\"_blank\\\" rel=\\\"noopener\\\">Mittelstufe<\\\/a><\\\/p>\\n\\n\n\n<p><a class=\\\"uk-button uk-button-primary\\\" href=\\\"https:\\\/\\\/elearning.learningcircleproject.eu\\\/wp-content\\\/uploads\\\/2023\\\/06\\\/3.-Product-Life-Extension-or-Upcycling-DE.pdf\\\" target=\\\"_blank\\\" rel=\\\"noopener\\\">Infografik<\\\/a><\\\/p>\",\"image\":\"\",\"link\":\"\",\"panel_style\":\"tile-primary\",\"link_margin\":\"medium\",\"meta_margin\":\"small\",\"title_margin\":\"small\",\"image_width\":\"960\",\"content_margin\":\"small\",\"image_vertical_align\":true,\"block_align\":\"center\",\"image_height\":\"1280\",\"panel_image_no_padding\":true,\"panel_padding\":\"default\",\"panel_link\":true}}]},{\"type\":\"column\",\"props\":{\"position_sticky_breakpoint\":\"m\",\"image_position\":\"center-center\",\"media_overlay_gradient\":\"\",\"width_medium\":\"1-2\"},\"children\":[{\"name\":\"Panel Image Left\",\"type\":\"panel\",\"children\":null,\"props\":{\"link_text\":\"Read more\",\"title_hover_style\":\"reset\",\"title_element\":\"h3\",\"title_align\":\"top\",\"title_grid_width\":\"1-2\",\"title_grid_breakpoint\":\"m\",\"meta_style\":\"text-meta\",\"meta_align\":\"above-title\",\"meta_element\":\"div\",\"content_column_breakpoint\":\"m\",\"icon_width\":80,\"image_align\":\"left\",\"image_grid_width\":\"2-5\",\"image_grid_breakpoint\":\"s\",\"image_svg_color\":\"emphasis\",\"link_style\":\"primary\",\"margin\":\"default\",\"title\":\"Plattformen zur gemeinsamen Nutzung oder industrielle Symbiose\",\"meta\":\"\",\"content\":\"\n\n<p><a class=\\\"uk-button uk-button-primary\\\" href=\\\"https:\\\/\\\/elearning.learningcircleproject.eu\\\/wp-content\\\/uploads\\\/2023\\\/06\\\/Sharing-Platforms-or-Symbiosis-Advanced-DE-1.pdf\\\" target=\\\"_blank\\\" rel=\\\"noopener\\\">Oberstufe<\\\/a><\\\/p>\\n\n\n<p><a class=\\\"uk-button uk-button-primary\\\" href=\\\"https:\\\/\\\/elearning.learningcircleproject.eu\\\/wp-content\\\/uploads\\\/2023\\\/06\\\/Sharing-Platforms-or-Symbiosis-Intermediate-DE-1.pdf\\\" target=\\\"_blank\\\" rel=\\\"noopener\\\">Mittelstufe<\\\/a><\\\/p>\\n\\n\n\n<p><a class=\\\"uk-button uk-button-primary\\\" href=\\\"https:\\\/\\\/elearning.learningcircleproject.eu\\\/wp-content\\\/uploads\\\/2023\\\/06\\\/4.-Sharing-Platforms-or-Industrial-Symbiosis-DE.pdf\\\" target=\\\"_blank\\\" rel=\\\"noopener\\\">Infografik<\\\/a><\\\/p>\",\"image\":\"\",\"link\":\"\",\"panel_style\":\"tile-secondary\",\"link_margin\":\"medium\",\"meta_margin\":\"small\",\"title_margin\":\"small\",\"image_width\":\"960\",\"content_margin\":\"small\",\"image_vertical_align\":true,\"block_align\":\"center\",\"image_height\":\"1280\",\"panel_image_no_padding\":true,\"panel_padding\":\"default\",\"panel_link\":true}}]}],\"props\":{\"layout\":\"1-2,1-2\"}},{\"type\":\"row\",\"children\":[{\"type\":\"column\",\"props\":{\"position_sticky_breakpoint\":\"m\",\"image_position\":\"center-center\",\"media_overlay_gradient\":\"\"},\"children\":[{\"name\":\"Divider Style Vertical\",\"type\":\"divider\",\"children\":null,\"props\":{\"divider_element\":\"hr\",\"divider_style\":\"vertical\",\"divider_align\":\"center\",\"visibility\":\"l\"}}]}]},{\"type\":\"row\",\"children\":[{\"type\":\"column\",\"props\":{\"position_sticky_breakpoint\":\"m\",\"image_position\":\"center-center\",\"media_overlay_gradient\":\"\",\"width_medium\":\"1-2\"},\"children\":[{\"name\":\"Panel Image Left\",\"type\":\"panel\",\"children\":null,\"props\":{\"link_text\":\"Read more\",\"title_hover_style\":\"reset\",\"title_element\":\"h3\",\"title_align\":\"top\",\"title_grid_width\":\"1-2\",\"title_grid_breakpoint\":\"m\",\"meta_style\":\"text-meta\",\"meta_align\":\"above-title\",\"meta_element\":\"div\",\"content_column_breakpoint\":\"m\",\"icon_width\":80,\"image_align\":\"left\",\"image_grid_width\":\"2-5\",\"image_grid_breakpoint\":\"s\",\"image_svg_color\":\"emphasis\",\"link_style\":\"primary\",\"margin\":\"default\",\"title\":\"Produkt als Dienstleistung\",\"meta\":\"\",\"content\":\"\n\n<p><a class=\\\"uk-button uk-button-primary\\\" href=\\\"https:\\\/\\\/elearning.learningcircleproject.eu\\\/wp-content\\\/uploads\\\/2023\\\/06\\\/Product-as-a-Service-Advanced-DE-1.pdf\\\" target=\\\"_blank\\\" rel=\\\"noopener\\\">Oberstufe<\\\/a><\\\/p>\\n\n\n<p><a class=\\\"uk-button uk-button-primary\\\" href=\\\"https:\\\/\\\/elearning.learningcircleproject.eu\\\/wp-content\\\/uploads\\\/2023\\\/06\\\/Product-as-A-Service-Intermediate-DE-1.pdf\\\" target=\\\"_blank\\\" rel=\\\"noopener\\\">Mittelstufe<\\\/a><\\\/p>\\n\\n\n\n<p><a class=\\\"uk-button uk-button-primary\\\" href=\\\"https:\\\/\\\/elearning.learningcircleproject.eu\\\/wp-content\\\/uploads\\\/2023\\\/06\\\/5.-Product-As-A-Service-DE.pdf\\\" target=\\\"_blank\\\" rel=\\\"noopener\\\">Infografik<\\\/a><\\\/p>\",\"image\":\"\",\"link\":\"\",\"panel_style\":\"tile-secondary\",\"link_margin\":\"medium\",\"meta_margin\":\"small\",\"title_margin\":\"small\",\"image_width\":\"960\",\"content_margin\":\"small\",\"image_vertical_align\":true,\"block_align\":\"center\",\"image_height\":\"1280\",\"panel_image_no_padding\":true,\"panel_padding\":\"default\",\"panel_link\":true}}]},{\"type\":\"column\",\"props\":{\"position_sticky_breakpoint\":\"m\",\"image_position\":\"center-center\",\"media_overlay_gradient\":\"\",\"width_medium\":\"1-2\"},\"children\":[]}],\"props\":{\"layout\":\"1-2,1-2\"}}]}],\"version\":\"3.0.9\"} --><\/p>\n","protected":false},"excerpt":{"rendered":"<p>EduZines und interaktive Infografiken f\u00fcr Gesch\u00e4ftsmodelle der Kreislaufwirtschaft, die innovativen Unternehmern der Kreislaufwirtschaft Lernm\u00f6glichkeiten auf ihren Smartphones bieten. EduZines und interaktive Infografiken werden f\u00fcr jedes..<\/p>\n","protected":false},"author":1,"featured_media":0,"parent":0,"menu_order":0,"comment_status":"closed","ping_status":"closed","template":"","meta":{"_acf_changed":false,"inline_featured_image":false,"footnotes":""},"class_list":["post-1511","page","type-page","status-publish","hentry"],"acf":[],"_links":{"self":[{"href":"https:\/\/elearning.learningcircleproject.eu\/de\/wp-json\/wp\/v2\/pages\/1511","targetHints":{"allow":["GET"]}}],"collection":[{"href":"https:\/\/elearning.learningcircleproject.eu\/de\/wp-json\/wp\/v2\/pages"}],"about":[{"href":"https:\/\/elearning.learningcircleproject.eu\/de\/wp-json\/wp\/v2\/types\/page"}],"author":[{"embeddable":true,"href":"https:\/\/elearning.learningcircleproject.eu\/de\/wp-json\/wp\/v2\/users\/1"}],"replies":[{"embeddable":true,"href":"https:\/\/elearning.learningcircleproject.eu\/de\/wp-json\/wp\/v2\/comments?post=1511"}],"version-history":[{"count":21,"href":"https:\/\/elearning.learningcircleproject.eu\/de\/wp-json\/wp\/v2\/pages\/1511\/revisions"}],"predecessor-version":[{"id":5591,"href":"https:\/\/elearning.learningcircleproject.eu\/de\/wp-json\/wp\/v2\/pages\/1511\/revisions\/5591"}],"wp:attachment":[{"href":"https:\/\/elearning.learningcircleproject.eu\/de\/wp-json\/wp\/v2\/media?parent=1511"}],"curies":[{"name":"wp","href":"https:\/\/api.w.org\/{rel}","templated":true}]}}