{"id":1261,"date":"2022-02-24T14:11:37","date_gmt":"2022-02-24T14:11:37","guid":{"rendered":"https:\/\/elearning.learningcircleproject.eu\/home\/"},"modified":"2023-06-26T13:25:29","modified_gmt":"2023-06-26T13:25:29","slug":"home","status":"publish","type":"page","link":"https:\/\/elearning.learningcircleproject.eu\/de\/","title":{"rendered":"Home"},"content":{"rendered":"<h1><strong>Unterst\u00fctzung der Entwicklung des Unternehmertums in der Kreislaufwirtschaft<\/strong><\/h1>\n<h1>Berufsbegleitende Ausbildung<\/h1>\n<div>\n<div class=\"tm-grid-expand uk-child-width-1-1 uk-grid-margin uk-grid uk-grid-stack\" uk-grid=\"\">\n<div class=\"uk-width-1-1 uk-first-column\">\n<div class=\"uk-panel uk-margin\">\n<p>Das Programm ist in zwei Abschnitte unterteilt: Teil A: Verst\u00e4ndnis des Unternehmergeistes und der Kreislaufwirtschaft und Teil B: Aufbau der p\u00e4dagogischen F\u00e4higkeiten von Vet-Fachleuten. Beide Abschnitte sind in Pr\u00e4senzveranstaltungen mit einer Reihe von Unterrichtspl\u00e4nen mit begleitenden Powerpoint-Folien, Handouts und Aktivit\u00e4ten sowie in selbstgesteuertes Lernen f\u00fcr verst\u00e4rktes autonomes Lernen zu denselben Themen unterteilt.<\/p>\n<\/div>\n<\/div>\n<\/div>\n<\/div>\n<p>\n    <a href=\"\/de\/in-service-training\/\">Mehr lesen<\/a>\n<\/p>\n<p><img decoding=\"async\" src=\"\/wp-content\/uploads\/2023\/01\/icon-07.svg\" alt=\"Eduzines\"><\/p>\n<h1>Unternehmer<\/h1>\n<div>\n<div class=\"tm-grid-expand uk-child-width-1-1 uk-grid-margin uk-grid uk-grid-stack\" uk-grid=\"\">\n<div class=\"uk-width-1-1 uk-first-column\">\n<div class=\"uk-panel uk-margin\">\n<p>Interaktive Infografiken f\u00fcr innovative Unternehmer der Kreislaufwirtschaft, die sich mit den zehn trainierbaren Kompetenzen f\u00fcr innovative Unternehmer der Kreislaufwirtschaft.<\/p>\n<\/div>\n<\/div>\n<\/div>\n<\/div>\n<p>\n    <a href=\"\/de\/infographics\/\">Mehr lesen<\/a>\n<\/p>\n<p><img decoding=\"async\" src=\"\/wp-content\/uploads\/2023\/01\/Infographics-homepage-01.svg\" alt=\"Infographics\"><\/p>\n<h1>\u0392usiness Modelle<\/h1>\n<div>\n<div class=\"tm-grid-expand uk-child-width-1-1 uk-grid-margin uk-grid uk-grid-stack\" uk-grid=\"\">\n<div class=\"uk-width-1-1 uk-first-column\">\n<div class=\"uk-panel uk-margin\">\n<p>EduZines und interaktive Infografiken f\u00fcr Gesch\u00e4ftsmodelle der Kreislaufwirtschaft bieten innovativen Unternehmern der Kreislaufwirtschaft Lernm\u00f6glichkeiten auf ihren Smartphones.<\/p>\n<\/div>\n<\/div>\n<\/div>\n<\/div>\n<p>\n    <a href=\"\/de\/eduzines\/\">Mehr lesen<\/a>\n<\/p>\n<p><img decoding=\"async\" src=\"\/wp-content\/uploads\/2023\/01\/icon-09.svg\" alt=\"Eduzines\"><\/p>\n<p><!--more--><br \/>\n<!-- {\"type\":\"layout\",\"children\":[{\"type\":\"section\",\"props\":{\"style\":\"primary\",\"width\":\"default\",\"vertical_align\":\"middle\",\"title_position\":\"top-left\",\"title_rotation\":\"left\",\"title_breakpoint\":\"xl\",\"image_position\":\"top-center\",\"image\":\"wp-content\\\/uploads\\\/2022\\\/12\\\/home-background-learingcircle-06.svg\",\"height\":\"section\",\"sticky\":\"cover\",\"overlap\":false,\"preserve_color\":true,\"image_size\":\"cover\",\"text_color\":\"light\",\"header_transparent_noplaceholder\":false,\"animation\":\"fade\",\"animation_delay\":\"200\"},\"children\":[{\"type\":\"row\",\"children\":[{\"type\":\"column\",\"props\":{\"position_sticky_breakpoint\":\"m\",\"image_position\":\"center-center\",\"media_overlay_gradient\":\"\",\"width_medium\":\"\",\"position_sticky\":\"\"},\"children\":[{\"type\":\"headline\",\"props\":{\"title_element\":\"h1\",\"title_color\":\"success\",\"content\":\"<strong>Unterst\\u00fctzung der Entwicklung des Unternehmertums in der Kreislaufwirtschaft<\\\/strong>\",\"title_style\":\"heading-medium\",\"animation\":\"parallax\",\"parallax_y\":\"-450\",\"text_align\":\"left\",\"parallax_opacity\":\"0 50%\"}}]}]}],\"name\":\"Start\"},{\"type\":\"section\",\"props\":{\"style\":\"primary\",\"width\":\"default\",\"vertical_align\":\"middle\",\"title_position\":\"top-left\",\"title_rotation\":\"left\",\"title_breakpoint\":\"xl\",\"image_position\":\"center-center\",\"preserve_color\":true,\"animation\":\"slide-bottom-small\",\"animation_delay\":\"400\"},\"children\":[{\"type\":\"row\",\"children\":[{\"type\":\"column\",\"props\":{\"position_sticky_breakpoint\":\"m\",\"image_position\":\"center-center\",\"media_overlay_gradient\":\"\",\"width_medium\":\"1-2\"},\"children\":[{\"type\":\"headline\",\"props\":{\"title_element\":\"h1\",\"content\":\"Berufsbegleitende Ausbildung\"}},{\"type\":\"text\",\"props\":{\"margin\":\"default\",\"column_breakpoint\":\"m\",\"text_color\":\"secondary\",\"content\":\"\n\n<div class=\\\"tm-grid-expand uk-child-width-1-1 uk-grid-margin uk-grid uk-grid-stack\\\" uk-grid=\\\"\\\">\\n\n\n<div class=\\\"uk-width-1-1 uk-first-column\\\">\\n\n\n<div class=\\\"uk-panel uk-margin\\\">\\n\n\n<p>Das Programm ist in zwei Abschnitte unterteilt: Teil A: Verst\\u00e4ndnis des Unternehmergeistes und der Kreislaufwirtschaft und Teil B: Aufbau der p\\u00e4dagogischen F\\u00e4higkeiten von Vet-Fachleuten. Beide Abschnitte sind in Pr\\u00e4senzveranstaltungen mit einer Reihe von Unterrichtspl\\u00e4nen mit begleitenden Powerpoint-Folien, Handouts und Aktivit\\u00e4ten sowie in selbstgesteuertes Lernen f\\u00fcr verst\\u00e4rktes autonomes Lernen zu denselben Themen unterteilt.<\\\/p>\\n<\\\/div>\\n<\\\/div>\\n<\\\/div>\"}},{\"type\":\"button\",\"props\":{\"grid_column_gap\":\"small\",\"grid_row_gap\":\"small\",\"margin\":\"default\"},\"children\":[{\"type\":\"button_item\",\"props\":{\"button_style\":\"secondary\",\"icon_align\":\"left\",\"content\":\"Mehr lesen\",\"link\":\"de\\\/in-service-training\\\/\"}}]}]},{\"type\":\"column\",\"props\":{\"position_sticky_breakpoint\":\"m\",\"image_position\":\"center-center\",\"media_overlay_gradient\":\"\",\"width_medium\":\"1-2\"},\"children\":[{\"type\":\"image\",\"props\":{\"margin\":\"default\",\"image_svg_color\":\"emphasis\",\"image\":\"wp-content\\\/uploads\\\/2023\\\/01\\\/icon-07.svg\",\"image_alt\":\"Eduzines\",\"text_align\":\"center\",\"maxwidth\":\"medium\",\"block_align\":\"center\",\"maxwidth_breakpoint\":\"xl\",\"visibility\":\"m\"}}]}],\"props\":{\"layout\":\"1-2,1-2\"}}],\"name\":\"Modules\"},{\"type\":\"section\",\"props\":{\"style\":\"secondary\",\"width\":\"default\",\"vertical_align\":\"middle\",\"title_position\":\"top-left\",\"title_rotation\":\"left\",\"title_breakpoint\":\"xl\",\"image_position\":\"center-center\",\"preserve_color\":true,\"animation\":\"slide-left-medium\",\"animation_delay\":\"400\"},\"children\":[{\"type\":\"row\",\"children\":[{\"type\":\"column\",\"props\":{\"position_sticky_breakpoint\":\"m\",\"image_position\":\"center-center\",\"media_overlay_gradient\":\"\",\"width_medium\":\"1-2\"},\"children\":[{\"type\":\"headline\",\"props\":{\"title_element\":\"h1\",\"content\":\"Unternehmer\",\"title_color\":\"primary\"}},{\"type\":\"text\",\"props\":{\"margin\":\"default\",\"column_breakpoint\":\"m\",\"text_color\":\"primary\",\"content\":\"\n\n<div class=\\\"tm-grid-expand uk-child-width-1-1 uk-grid-margin uk-grid uk-grid-stack\\\" uk-grid=\\\"\\\">\\n\n\n<div class=\\\"uk-width-1-1 uk-first-column\\\">\\n\n\n<div class=\\\"uk-panel uk-margin\\\">\\n\n\n<p>Interaktive Infografiken f\\u00fcr innovative Unternehmer der Kreislaufwirtschaft, die sich mit den zehn trainierbaren Kompetenzen f\\u00fcr innovative Unternehmer der Kreislaufwirtschaft.<\\\/p>\\n<\\\/div>\\n<\\\/div>\\n<\\\/div>\"}},{\"type\":\"button\",\"props\":{\"grid_column_gap\":\"small\",\"grid_row_gap\":\"small\",\"margin\":\"default\"},\"children\":[{\"type\":\"button_item\",\"props\":{\"button_style\":\"default\",\"icon_align\":\"left\",\"content\":\"Mehr lesen\",\"link\":\"de\\\/infographics\\\/\"}}]}]},{\"type\":\"column\",\"props\":{\"position_sticky_breakpoint\":\"m\",\"image_position\":\"center-center\",\"media_overlay_gradient\":\"\",\"width_medium\":\"1-2\"},\"children\":[{\"type\":\"image\",\"props\":{\"margin\":\"default\",\"image_svg_color\":\"emphasis\",\"image\":\"wp-content\\\/uploads\\\/2023\\\/01\\\/Infographics-homepage-01.svg\",\"image_alt\":\"Infographics\",\"text_align\":\"center\",\"maxwidth\":\"medium\",\"block_align\":\"center\",\"maxwidth_breakpoint\":\"xl\",\"visibility\":\"m\"}}]}],\"props\":{\"layout\":\"1-2,1-2\"}}],\"name\":\"Infographics\"},{\"type\":\"section\",\"props\":{\"style\":\"primary\",\"width\":\"default\",\"vertical_align\":\"middle\",\"title_position\":\"top-left\",\"title_rotation\":\"left\",\"title_breakpoint\":\"xl\",\"image_position\":\"center-center\",\"preserve_color\":true,\"animation\":\"slide-right-medium\",\"animation_delay\":\"400\"},\"children\":[{\"type\":\"row\",\"children\":[{\"type\":\"column\",\"props\":{\"position_sticky_breakpoint\":\"m\",\"image_position\":\"center-center\",\"media_overlay_gradient\":\"\",\"width_medium\":\"1-2\"},\"children\":[{\"type\":\"headline\",\"props\":{\"title_element\":\"h1\",\"content\":\"\\u0392usiness Modelle\"}},{\"type\":\"text\",\"props\":{\"margin\":\"default\",\"column_breakpoint\":\"m\",\"text_color\":\"secondary\",\"content\":\"\n\n<div class=\\\"tm-grid-expand uk-child-width-1-1 uk-grid-margin uk-grid uk-grid-stack\\\" uk-grid=\\\"\\\">\\n\n\n<div class=\\\"uk-width-1-1 uk-first-column\\\">\\n\n\n<div class=\\\"uk-panel uk-margin\\\">\\n\n\n<p>EduZines und interaktive Infografiken f\\u00fcr Gesch\\u00e4ftsmodelle der Kreislaufwirtschaft bieten innovativen Unternehmern der Kreislaufwirtschaft Lernm\\u00f6glichkeiten auf ihren Smartphones.<\\\/p>\\n<\\\/div>\\n<\\\/div>\\n<\\\/div>\"}},{\"type\":\"button\",\"props\":{\"grid_column_gap\":\"small\",\"grid_row_gap\":\"small\",\"margin\":\"default\"},\"children\":[{\"type\":\"button_item\",\"props\":{\"button_style\":\"secondary\",\"icon_align\":\"left\",\"content\":\"Mehr lesen\",\"link\":\"de\\\/eduzines\\\/\"}}]}]},{\"type\":\"column\",\"props\":{\"position_sticky_breakpoint\":\"m\",\"image_position\":\"center-center\",\"media_overlay_gradient\":\"\",\"width_medium\":\"1-2\"},\"children\":[{\"type\":\"image\",\"props\":{\"margin\":\"default\",\"image_svg_color\":\"emphasis\",\"image\":\"wp-content\\\/uploads\\\/2023\\\/01\\\/icon-09.svg\",\"image_alt\":\"Eduzines\",\"text_align\":\"center\",\"maxwidth\":\"medium\",\"block_align\":\"center\",\"maxwidth_breakpoint\":\"xl\",\"visibility\":\"m\"}}]}],\"props\":{\"layout\":\"1-2,1-2\"}}],\"name\":\"Eduzines\"}],\"version\":\"3.0.9\"} --><\/p>\n","protected":false},"excerpt":{"rendered":"<p>Unterst\u00fctzung der Entwicklung des Unternehmertums in der Kreislaufwirtschaft Berufsbegleitende Ausbildung Das Programm ist in zwei Abschnitte unterteilt: Teil A: Verst\u00e4ndnis des Unternehmergeistes und der Kreislaufwirtschaft..<\/p>\n","protected":false},"author":1,"featured_media":0,"parent":0,"menu_order":0,"comment_status":"closed","ping_status":"closed","template":"","meta":{"_acf_changed":false,"inline_featured_image":false,"footnotes":""},"class_list":["post-1261","page","type-page","status-publish","hentry"],"acf":[],"_links":{"self":[{"href":"https:\/\/elearning.learningcircleproject.eu\/de\/wp-json\/wp\/v2\/pages\/1261","targetHints":{"allow":["GET"]}}],"collection":[{"href":"https:\/\/elearning.learningcircleproject.eu\/de\/wp-json\/wp\/v2\/pages"}],"about":[{"href":"https:\/\/elearning.learningcircleproject.eu\/de\/wp-json\/wp\/v2\/types\/page"}],"author":[{"embeddable":true,"href":"https:\/\/elearning.learningcircleproject.eu\/de\/wp-json\/wp\/v2\/users\/1"}],"replies":[{"embeddable":true,"href":"https:\/\/elearning.learningcircleproject.eu\/de\/wp-json\/wp\/v2\/comments?post=1261"}],"version-history":[{"count":15,"href":"https:\/\/elearning.learningcircleproject.eu\/de\/wp-json\/wp\/v2\/pages\/1261\/revisions"}],"predecessor-version":[{"id":4216,"href":"https:\/\/elearning.learningcircleproject.eu\/de\/wp-json\/wp\/v2\/pages\/1261\/revisions\/4216"}],"wp:attachment":[{"href":"https:\/\/elearning.learningcircleproject.eu\/de\/wp-json\/wp\/v2\/media?parent=1261"}],"curies":[{"name":"wp","href":"https:\/\/api.w.org\/{rel}","templated":true}]}}